{"id":748,"date":"2022-09-14T10:49:47","date_gmt":"2022-09-14T08:49:47","guid":{"rendered":"https:\/\/chilifitnessbudapest.hu\/?page_id=748"},"modified":"2025-12-31T15:47:13","modified_gmt":"2025-12-31T14:47:13","slug":"bikas-park-prices","status":"publish","type":"page","link":"https:\/\/chilifitnessbudapest.hu\/en\/bikas-park-arak\/","title":{"rendered":"Chili Fitness Bik\u00e1s Park prices, memberships, and day tickets \u2013 District XI, Etele \u00fat 57"},"content":{"rendered":"<div data-elementor-type=\"wp-page\" data-elementor-id=\"748\" class=\"elementor elementor-748\" data-elementor-post-type=\"page\">\n\t\t\t\t<div class=\"elementor-element elementor-element-686a0ab3 e-flex e-con-boxed e-con e-parent\" data-id=\"686a0ab3\" data-element_type=\"container\" data-e-type=\"container\" data-settings=\"{&quot;background_background&quot;:&quot;classic&quot;}\">\n\t\t\t\t\t<div class=\"e-con-inner\">\n\t\t<div class=\"elementor-element elementor-element-50ec608a e-con-full e-flex e-con e-child\" data-id=\"50ec608a\" data-element_type=\"container\" data-e-type=\"container\">\n\t\t\t\t<div class=\"elementor-element elementor-element-fecbc2a elementor-widget elementor-widget-heading\" data-id=\"fecbc2a\" data-element_type=\"widget\" data-e-type=\"widget\" data-widget_type=\"heading.default\">\n\t\t\t\t\t<h2 class=\"elementor-heading-title elementor-size-default\">Current<br><span style=\"color: #D20007\">our prices<\/span><\/h2>\t\t\t\t<\/div>\n\t\t\t\t<\/div>\n\t\t\t\t\t<\/div>\n\t\t\t\t<\/div>\n\t\t<div class=\"elementor-element elementor-element-092de0a e-flex e-con-boxed e-con e-parent\" data-id=\"092de0a\" data-element_type=\"container\" data-e-type=\"container\">\n\t\t\t\t\t<div class=\"e-con-inner\">\n\t\t\t\t<div class=\"elementor-element elementor-element-28e7c02 animated-slow elementor-view-default elementor-invisible elementor-widget elementor-widget-icon\" data-id=\"28e7c02\" data-element_type=\"widget\" data-e-type=\"widget\" data-settings=\"{&quot;_animation&quot;:&quot;fadeInDown&quot;,&quot;_animation_mobile&quot;:&quot;fadeInDown&quot;}\" data-widget_type=\"icon.default\">\n\t\t\t\t\t\t\t<div class=\"elementor-icon-wrapper\">\n\t\t\t<div class=\"elementor-icon\">\n\t\t\t<svg aria-hidden=\"true\" class=\"e-font-icon-svg e-fas-chevron-down\" viewbox=\"0 0 448 512\" xmlns=\"http:\/\/www.w3.org\/2000\/svg\"><path d=\"M207.029 381.476L12.686 187.132c-9.373-9.373-9.373-24.569 0-33.941l22.667-22.667c9.357-9.357 24.522-9.375 33.901-.04L224 284.505l154.745-154.021c9.379-9.335 24.544-9.317 33.901.04l22.667 22.667c9.373 9.373 9.373 24.569 0 33.941L240.971 381.476c-9.373 9.372-24.569 9.372-33.942 0z\"><\/path><\/svg>\t\t\t<\/div>\n\t\t<\/div>\n\t\t\t\t\t\t<\/div>\n\t\t\t\t\t<\/div>\n\t\t\t\t<\/div>\n\t\t<div class=\"elementor-element elementor-element-68155c7 e-flex e-con-boxed e-con e-parent\" data-id=\"68155c7\" data-element_type=\"container\" data-e-type=\"container\" data-settings=\"{&quot;background_background&quot;:&quot;classic&quot;}\">\n\t\t\t\t\t<div class=\"e-con-inner\">\n\t\t<div class=\"elementor-element elementor-element-029d535 e-con-full e-flex e-con e-child\" data-id=\"029d535\" data-element_type=\"container\" data-e-type=\"container\">\n\t\t\t\t<div class=\"elementor-element elementor-element-6bbfae0 elementor-widget__width-initial elementor-widget-tablet__width-inherit elementor-widget elementor-widget-heading\" data-id=\"6bbfae0\" data-element_type=\"widget\" data-e-type=\"widget\" data-widget_type=\"heading.default\">\n\t\t\t\t\t<h1 class=\"elementor-heading-title elementor-size-default\">Chili Fitness Bik\u00e1s Park \u2013 Price list and information<\/h1>\t\t\t\t<\/div>\n\t\t\t\t<div class=\"elementor-element elementor-element-23376a9 elementor-widget__width-initial elementor-widget-tablet__width-inherit elementor-widget elementor-widget-heading\" data-id=\"23376a9\" data-element_type=\"widget\" data-e-type=\"widget\" data-widget_type=\"heading.default\">\n\t\t\t\t\t<h1 class=\"elementor-heading-title elementor-size-default\">Memberships, day ticket, AYCM XL acceptance \u2013 clear, transparent conditions \ud83d\udcb3\ud83d\udcaa<\/h1>\t\t\t\t<\/div>\n\t\t\t\t<\/div>\n\t\t\t\t\t<\/div>\n\t\t\t\t<\/div>\n\t\t<div class=\"elementor-element elementor-element-4ed67fd e-flex e-con-boxed e-con e-parent\" data-id=\"4ed67fd\" data-element_type=\"container\" data-e-type=\"container\" data-settings=\"{&quot;background_background&quot;:&quot;classic&quot;}\">\n\t\t\t\t\t<div class=\"e-con-inner\">\n\t\t\t\t<div class=\"elementor-element elementor-element-490dedb elementor-widget elementor-widget-text-editor\" data-id=\"490dedb\" data-element_type=\"widget\" data-e-type=\"widget\" data-widget_type=\"text-editor.default\">\n\t\t\t\t\t\t\t\t\t<p class=\"p1\">A <span class=\"s1\"><b>Chili Fitness Bik\u00e1s Park<\/b><\/span> (Budapest, XI. district, Etele road 57) awaits everyone looking for a modern, renovated, and expanded <span class=\"s1\"><b>3000 m\u00b2<\/b><\/span> gym near Bik\u00e1s Park. Premium equipment, sauna, professional personal trainers \u2013 everything is provided for effective training.<\/p><p class=\"p3\"><b>Important information about prices and entry:<\/b><b><\/b><\/p><ul><li><p class=\"p1\"><b>We accept AYCM XL cards.<\/b><span class=\"s1\"> \ud83d\udcb3<\/span><\/p><\/li><li><p class=\"p1\"><b>The maximum time that can be spent with a day ticket is 4 hours.<\/b><span class=\"s1\"> \u23f1\ufe0f<\/span><\/p><\/li><li><p class=\"p1\"><b>After 4 hours, the lockers will automatically open.<\/b><span class=\"s1\"> \ud83d\udd10<\/span><\/p><\/li><li><p class=\"p1\"><b>After 4 hours, a new day ticket purchase is required.<\/b><span class=\"s1\"> \ud83c\udf9f\ufe0f<\/span><\/p><\/li><li><p class=\"p1\"><b>Our members are entitled to one entry per day.<\/b><span class=\"s1\"> \ud83d\udcf2<\/span><\/p><\/li><\/ul><p class=\"p1\">In our gym, top-class <span class=\"s1\"><b>HOIST and PANATTA<\/b><\/span> strength machines, as well as <span class=\"s1\"><b>OCTANE and STRONG ROOTS<\/b><\/span> cardio equipment await. Thanks to the renovation and expansion, training has become even more comfortable: spacious areas, renewed changing rooms, <span class=\"s1\"><b>sauna<\/b><\/span> for recovery \ud83e\uddd6\u200d\u2642\ufe0f.<\/p><p class=\"p1\">Whether <span class=\"s1\"><b>day ticket<\/b><\/span>, or <span class=\"s1\"><b>membership<\/b><\/span> is the goal, you will find what suits you with us. If you are looking for a modern and well-equipped <span class=\"s1\"><b>gym in Budapest,<\/b><\/span> in the XI. district. <span class=\"s1\"><b>gym near Bik\u00e1s Park<\/b><\/span>, Chili Fitness is the perfect choice. <span class=\"s1\"><b>Visit us and work out in our renewed 3000 m\u00b2 space!<\/b><\/span> \ud83c\udfcb\ufe0f\u200d\u2642\ufe0f\ud83d\udd25<\/p>\t\t\t\t\t\t\t\t<\/div>\n\t\t\t\t\t<\/div>\n\t\t\t\t<\/div>\n\t\t<div class=\"elementor-element elementor-element-cd8be6d e-flex e-con-boxed e-con e-parent\" data-id=\"cd8be6d\" data-element_type=\"container\" data-e-type=\"container\">\n\t\t\t\t\t<div class=\"e-con-inner\">\n\t\t\t\t<div class=\"elementor-element elementor-element-320a2df elementor-widget elementor-widget-html\" data-id=\"320a2df\" data-element_type=\"widget\" data-e-type=\"widget\" data-widget_type=\"html.default\">\n\t\t\t\t\t<style>\n@import url('https:\/\/fonts.googleapis.com\/css2?family=Bebas+Neue&display=swap');\n\n.pricelist-wrap {\n  background: #000;\n  padding: 48px 24px;\n  font-family: Inter, system-ui, -apple-system, BlinkMacSystemFont, \"Segoe UI\", sans-serif;\n  color: #f1f1f1;\n}\n\n.pricelist-grid {\n  display: grid;\n  grid-template-columns: repeat(2, 1fr);\n  gap: 32px;\n  max-width: 1200px;\n  margin: 0 auto;\n}\n\n.pricelist-card {\n  background: #000;\n  border-radius: 16px;\n  padding: 32px 26px;\n  border: 1px solid rgba(255,255,255,0.08);\n}\n\n.pricelist-title {\n  font-family: 'Bebas Neue', sans-serif;\n  font-size: 34px;\n  letter-spacing: 2px;\n  color: #ff2a2a;\n  margin-bottom: 28px;\n}\n\n.price-row {\n  display: flex;\n  justify-content: space-between;\n  align-items: baseline;\n  padding: 12px 0;\n  border-bottom: 1px solid rgba(255,255,255,0.1);\n}\n\n.price-name {\n  font-family: 'Bebas Neue', sans-serif;\n  font-size: 20px;\n  letter-spacing: 1.2px;\n  color: #eaeaea;\n}\n\n.price-value {\n  font-size: 16px;\n  font-weight: 700;\n  color: #ffffff;\n  white-space: nowrap;\n}\n\n.price-note {\n  font-size: 13px;\n  color: #aaaaaa;\n  margin: 14px 0 24px;\n  line-height: 1.5;\n}\n\n.section-divider {\n  font-family: 'Bebas Neue', sans-serif;\n  margin: 28px 0 12px;\n  font-size: 18px;\n  letter-spacing: 1.4px;\n  color: #ff2a2a;\n}\n\n@media (max-width: 900px) {\n  .pricelist-grid {\n    grid-template-columns: 1fr;\n  }\n}\n<\/style>\n\n<div class=\"pricelist-wrap\">\n  <div class=\"pricelist-grid\">\n\n    <!-- FELN\u0150TT -->\n    <div class=\"pricelist-card\">\n      <div class=\"pricelist-title\">Adult<\/div>\n\n      <div class=\"price-row\"><div class=\"price-name\">Monthly pass<\/div><div class=\"price-value\">25,500 HUF<\/div><\/div>\n      <div class=\"price-row\"><div class=\"price-name\">Day ticket<\/div><div class=\"price-value\">3,800 HUF<\/div><\/div>\n      <div class=\"price-row\"><div class=\"price-name\">Three-month pass<\/div><div class=\"price-value\">64,400 HUF<\/div><\/div>\n      <div class=\"price-row\"><div class=\"price-name\">Six-month pass<\/div><div class=\"price-value\">124,900 HUF<\/div><\/div>\n      <div class=\"price-row\"><div class=\"price-name\">Annual pass<\/div><div class=\"price-value\">243,900 HUF<\/div><\/div>\n      <div class=\"price-row\"><div class=\"price-name\">One-week pass<\/div><div class=\"price-value\">17,900 HUF<\/div><\/div>\n      <div class=\"price-row\"><div class=\"price-name\">Ten-entry pass<\/div><div class=\"price-value\">24,900 HUF<\/div><\/div>\n\n      <div class=\"price-note\">\n        The entry passes are valid for 60 days from the date of purchase.\n      <\/div>\n\n      <div class=\"section-divider\">Morning pass<\/div>\n      <div class=\"price-row\"><div class=\"price-name\">Entry until 3 PM<\/div><div class=\"price-value\">23,000 HUF<\/div><\/div>\n\n      <div class=\"section-divider\">VIP pass<\/div>\n      <div class=\"price-row\"><div class=\"price-name\">Valid for one month<\/div><div class=\"price-value\">32,900 HUF<\/div><\/div>\n\n      <div class=\"section-divider\">Towel usage<\/div>\n      <div class=\"price-row\"><div class=\"price-name\">Small<\/div><div class=\"price-value\">400 HUF<\/div><\/div>\n      <div class=\"price-row\"><div class=\"price-name\">Large<\/div><div class=\"price-value\">500 HUF<\/div><\/div>\n    <\/div>\n\n    <!-- DI\u00c1K \/ NYUGD\u00cdJAS -->\n    <div class=\"pricelist-card\">\n      <div class=\"pricelist-title\">Student \/ Senior<\/div>\n\n      <div class=\"price-row\"><div class=\"price-name\">Monthly pass<\/div><div class=\"price-value\">23,500 HUF<\/div><\/div>\n      <div class=\"price-row\"><div class=\"price-name\">Day ticket<\/div><div class=\"price-value\">3,500 HUF<\/div><\/div>\n      <div class=\"price-row\"><div class=\"price-name\">Three-month pass<\/div><div class=\"price-value\">58,400 HUF<\/div><\/div>\n      <div class=\"price-row\"><div class=\"price-name\">Six-month pass<\/div><div class=\"price-value\">112,900 HUF<\/div><\/div>\n      <div class=\"price-row\"><div class=\"price-name\">Annual pass<\/div><div class=\"price-value\">219,900 HUF<\/div><\/div>\n      <div class=\"price-row\"><div class=\"price-name\">One-week pass<\/div><div class=\"price-value\">16,900 HUF<\/div><\/div>\n      <div class=\"price-row\"><div class=\"price-name\">Ten-entry pass<\/div><div class=\"price-value\">22,900 HUF<\/div><\/div>\n\n      <div class=\"price-note\">\n        The entry passes are valid for 60 days from the date of purchase.\n      <\/div>\n\n      <div class=\"section-divider\">Morning pass<\/div>\n      <div class=\"price-row\"><div class=\"price-name\">Entry until 3 PM<\/div><div class=\"price-value\">21,000 HUF<\/div><\/div>\n\n      <div class=\"section-divider\">VIP pass<\/div>\n      <div class=\"price-row\"><div class=\"price-name\">Valid for one month<\/div><div class=\"price-value\">32,900 HUF<\/div><\/div>\n\n      <div class=\"section-divider\">Towel usage<\/div>\n      <div class=\"price-row\"><div class=\"price-name\">Small<\/div><div class=\"price-value\">400 HUF<\/div><\/div>\n      <div class=\"price-row\"><div class=\"price-name\">Large<\/div><div class=\"price-value\">500 HUF<\/div><\/div>\n    <\/div>\n\n  <\/div>\n<\/div>\t\t\t\t<\/div>\n\t\t\t\t\t<\/div>\n\t\t\t\t<\/div>\n\t\t\t\t<\/div>","protected":false},"excerpt":{"rendered":"<p>Chili Fitness Bik\u00e1s Park price list in Budapest. Day ticket and subscriptions, AYCM XL card acceptance, sauna and premium equipment. Important information: 4-hour day ticket time frame, automatic locker opening, one entry per day for subscribers.<\/p>","protected":false},"author":1,"featured_media":6635,"parent":0,"menu_order":0,"comment_status":"closed","ping_status":"closed","template":"","meta":{"_acf_changed":false,"footnotes":""},"class_list":["post-748","page","type-page","status-publish","has-post-thumbnail","hentry"],"acf":[],"yoast_head":"<!-- This site is optimized with the Yoast SEO plugin v27.6 - https:\/\/yoast.com\/product\/yoast-seo-wordpress\/ -->\n<title>Chili Fitness Bik\u00e1s Park \u00e1rak, b\u00e9rletek \u00e9s napijegy \u2013 XI. ker\u00fclet, Etele \u00fat 57 - Chili Fitness - Edz\u0151termek Budapest<\/title>\n<meta name=\"description\" content=\"N\u00e9zd meg a Chili Fitness Bik\u00e1s Park edz\u0151terem \u00e1rait. Napijegy \u00e9s b\u00e9rlet opci\u00f3k el\u00e9rhet\u0151k a XI. ker\u00fcletben az Etele \u00fat 57 alatt. V\u00e1laszd a sz\u00e1modra legjobb csomagot a modern budapesti konditeremben.\" \/>\n<meta name=\"robots\" content=\"index, follow, max-snippet:-1, max-image-preview:large, max-video-preview:-1\" \/>\n<link rel=\"canonical\" href=\"https:\/\/chilifitnessbudapest.hu\/en\/bikas-park-prices\/\" \/>\n<meta property=\"og:locale\" content=\"en_US\" \/>\n<meta property=\"og:type\" content=\"article\" \/>\n<meta property=\"og:title\" content=\"Chili Fitness Bik\u00e1s Park \u00e1rak, b\u00e9rletek \u00e9s napijegy \u2013 XI. ker\u00fclet, Etele \u00fat 57 - Chili Fitness - Edz\u0151termek Budapest\" \/>\n<meta property=\"og:description\" content=\"N\u00e9zd meg a Chili Fitness Bik\u00e1s Park edz\u0151terem \u00e1rait. Napijegy \u00e9s b\u00e9rlet opci\u00f3k el\u00e9rhet\u0151k a XI. ker\u00fcletben az Etele \u00fat 57 alatt. V\u00e1laszd a sz\u00e1modra legjobb csomagot a modern budapesti konditeremben.\" \/>\n<meta property=\"og:url\" content=\"https:\/\/chilifitnessbudapest.hu\/en\/bikas-park-prices\/\" \/>\n<meta property=\"og:site_name\" content=\"Chili Fitness - Edz\u0151termek Budapest\" \/>\n<meta property=\"article:modified_time\" content=\"2025-12-31T14:47:13+00:00\" \/>\n<meta property=\"og:image\" content=\"https:\/\/chilifitnessbudapest.hu\/wp-content\/uploads\/2025\/09\/22_Chili-Fitness-2-Bika\u0301s-park_DSC06012-scaled.jpg\" \/>\n\t<meta property=\"og:image:width\" content=\"2560\" \/>\n\t<meta property=\"og:image:height\" content=\"1707\" \/>\n\t<meta property=\"og:image:type\" content=\"image\/jpeg\" \/>\n<meta name=\"twitter:card\" content=\"summary_large_image\" \/>\n<meta name=\"twitter:label1\" content=\"Est. reading time\" \/>\n\t<meta name=\"twitter:data1\" content=\"5 minutes\" \/>\n<script type=\"application\/ld+json\" class=\"yoast-schema-graph\">{\"@context\":\"https:\\\/\\\/schema.org\",\"@graph\":[{\"@type\":\"WebPage\",\"@id\":\"https:\\\/\\\/chilifitnessbudapest.hu\\\/bikas-park-arak\\\/\",\"url\":\"https:\\\/\\\/chilifitnessbudapest.hu\\\/bikas-park-arak\\\/\",\"name\":\"Chili Fitness Bik\u00e1s Park \u00e1rak, b\u00e9rletek \u00e9s napijegy \u2013 XI. ker\u00fclet, Etele \u00fat 57 - Chili Fitness - Edz\u0151termek Budapest\",\"isPartOf\":{\"@id\":\"https:\\\/\\\/chilifitnessbudapest.hu\\\/#website\"},\"primaryImageOfPage\":{\"@id\":\"https:\\\/\\\/chilifitnessbudapest.hu\\\/bikas-park-arak\\\/#primaryimage\"},\"image\":{\"@id\":\"https:\\\/\\\/chilifitnessbudapest.hu\\\/bikas-park-arak\\\/#primaryimage\"},\"thumbnailUrl\":\"https:\\\/\\\/chilifitnessbudapest.hu\\\/wp-content\\\/uploads\\\/2025\\\/09\\\/22_Chili-Fitness-2-Bika\u0301s-park_DSC06012-scaled.jpg\",\"datePublished\":\"2022-09-14T08:49:47+00:00\",\"dateModified\":\"2025-12-31T14:47:13+00:00\",\"description\":\"N\u00e9zd meg a Chili Fitness Bik\u00e1s Park edz\u0151terem \u00e1rait. Napijegy \u00e9s b\u00e9rlet opci\u00f3k el\u00e9rhet\u0151k a XI. ker\u00fcletben az Etele \u00fat 57 alatt. V\u00e1laszd a sz\u00e1modra legjobb csomagot a modern budapesti konditeremben.\",\"breadcrumb\":{\"@id\":\"https:\\\/\\\/chilifitnessbudapest.hu\\\/bikas-park-arak\\\/#breadcrumb\"},\"inLanguage\":\"en-US\",\"potentialAction\":[{\"@type\":\"ReadAction\",\"target\":[\"https:\\\/\\\/chilifitnessbudapest.hu\\\/bikas-park-arak\\\/\"]}]},{\"@type\":\"ImageObject\",\"inLanguage\":\"en-US\",\"@id\":\"https:\\\/\\\/chilifitnessbudapest.hu\\\/bikas-park-arak\\\/#primaryimage\",\"url\":\"https:\\\/\\\/chilifitnessbudapest.hu\\\/wp-content\\\/uploads\\\/2025\\\/09\\\/22_Chili-Fitness-2-Bika\u0301s-park_DSC06012-scaled.jpg\",\"contentUrl\":\"https:\\\/\\\/chilifitnessbudapest.hu\\\/wp-content\\\/uploads\\\/2025\\\/09\\\/22_Chili-Fitness-2-Bika\u0301s-park_DSC06012-scaled.jpg\",\"width\":2560,\"height\":1707},{\"@type\":\"BreadcrumbList\",\"@id\":\"https:\\\/\\\/chilifitnessbudapest.hu\\\/bikas-park-arak\\\/#breadcrumb\",\"itemListElement\":[{\"@type\":\"ListItem\",\"position\":1,\"name\":\"Kezd\u0151lap\",\"item\":\"https:\\\/\\\/chilifitnessbudapest.hu\\\/\"},{\"@type\":\"ListItem\",\"position\":2,\"name\":\"Chili Fitness Bik\u00e1s Park \u00e1rak, b\u00e9rletek \u00e9s napijegy \u2013 XI. ker\u00fclet, Etele \u00fat 57\"}]},{\"@type\":\"WebSite\",\"@id\":\"https:\\\/\\\/chilifitnessbudapest.hu\\\/#website\",\"url\":\"https:\\\/\\\/chilifitnessbudapest.hu\\\/\",\"name\":\"Chili Fitness - Edz\u0151termek Budapest\",\"description\":\"Edz\u0151termek 4 helyen Budapesten\",\"publisher\":{\"@id\":\"https:\\\/\\\/chilifitnessbudapest.hu\\\/#organization\"},\"potentialAction\":[{\"@type\":\"SearchAction\",\"target\":{\"@type\":\"EntryPoint\",\"urlTemplate\":\"https:\\\/\\\/chilifitnessbudapest.hu\\\/?s={search_term_string}\"},\"query-input\":{\"@type\":\"PropertyValueSpecification\",\"valueRequired\":true,\"valueName\":\"search_term_string\"}}],\"inLanguage\":\"en-US\"},{\"@type\":\"Organization\",\"@id\":\"https:\\\/\\\/chilifitnessbudapest.hu\\\/#organization\",\"name\":\"CHILI FITNESS BUDAPEST\",\"url\":\"https:\\\/\\\/chilifitnessbudapest.hu\\\/\",\"logo\":{\"@type\":\"ImageObject\",\"inLanguage\":\"en-US\",\"@id\":\"https:\\\/\\\/chilifitnessbudapest.hu\\\/#\\\/schema\\\/logo\\\/image\\\/\",\"url\":\"https:\\\/\\\/chilifitnessbudapest.hu\\\/wp-content\\\/uploads\\\/2023\\\/03\\\/chili-1000.png\",\"contentUrl\":\"https:\\\/\\\/chilifitnessbudapest.hu\\\/wp-content\\\/uploads\\\/2023\\\/03\\\/chili-1000.png\",\"width\":1000,\"height\":1000,\"caption\":\"CHILI FITNESS BUDAPEST\"},\"image\":{\"@id\":\"https:\\\/\\\/chilifitnessbudapest.hu\\\/#\\\/schema\\\/logo\\\/image\\\/\"}}]}<\/script>\n<!-- \/ Yoast SEO plugin. -->","yoast_head_json":{"title":"Chili Fitness Bik\u00e1s Park prices, memberships, and day tickets \u2013 XI. district, Etele \u00fat 57 - Chili Fitness - Gyms Budapest","description":"Check the prices of the Chili Fitness Bik\u00e1s Park gym. Day tickets and membership options are available at 57 Etele Road in the XI district. Choose the best package for you at the modern Budapest gym.","robots":{"index":"index","follow":"follow","max-snippet":"max-snippet:-1","max-image-preview":"max-image-preview:large","max-video-preview":"max-video-preview:-1"},"canonical":"https:\/\/chilifitnessbudapest.hu\/en\/bikas-park-prices\/","og_locale":"en_US","og_type":"article","og_title":"Chili Fitness Bik\u00e1s Park \u00e1rak, b\u00e9rletek \u00e9s napijegy \u2013 XI. ker\u00fclet, Etele \u00fat 57 - Chili Fitness - Edz\u0151termek Budapest","og_description":"N\u00e9zd meg a Chili Fitness Bik\u00e1s Park edz\u0151terem \u00e1rait. Napijegy \u00e9s b\u00e9rlet opci\u00f3k el\u00e9rhet\u0151k a XI. ker\u00fcletben az Etele \u00fat 57 alatt. V\u00e1laszd a sz\u00e1modra legjobb csomagot a modern budapesti konditeremben.","og_url":"https:\/\/chilifitnessbudapest.hu\/en\/bikas-park-prices\/","og_site_name":"Chili Fitness - Edz\u0151termek Budapest","article_modified_time":"2025-12-31T14:47:13+00:00","og_image":[{"width":2560,"height":1707,"url":"https:\/\/chilifitnessbudapest.hu\/wp-content\/uploads\/2025\/09\/22_Chili-Fitness-2-Bika\u0301s-park_DSC06012-scaled.jpg","type":"image\/jpeg"}],"twitter_card":"summary_large_image","twitter_misc":{"Est. reading time":"5 minutes"},"schema":{"@context":"https:\/\/schema.org","@graph":[{"@type":"WebPage","@id":"https:\/\/chilifitnessbudapest.hu\/bikas-park-arak\/","url":"https:\/\/chilifitnessbudapest.hu\/bikas-park-arak\/","name":"Chili Fitness Bik\u00e1s Park prices, memberships, and day tickets \u2013 XI. district, Etele \u00fat 57 - Chili Fitness - Gyms Budapest","isPartOf":{"@id":"https:\/\/chilifitnessbudapest.hu\/#website"},"primaryImageOfPage":{"@id":"https:\/\/chilifitnessbudapest.hu\/bikas-park-arak\/#primaryimage"},"image":{"@id":"https:\/\/chilifitnessbudapest.hu\/bikas-park-arak\/#primaryimage"},"thumbnailUrl":"https:\/\/chilifitnessbudapest.hu\/wp-content\/uploads\/2025\/09\/22_Chili-Fitness-2-Bika\u0301s-park_DSC06012-scaled.jpg","datePublished":"2022-09-14T08:49:47+00:00","dateModified":"2025-12-31T14:47:13+00:00","description":"Check the prices of the Chili Fitness Bik\u00e1s Park gym. Day tickets and membership options are available at 57 Etele Road in the XI district. Choose the best package for you at the modern Budapest gym.","breadcrumb":{"@id":"https:\/\/chilifitnessbudapest.hu\/bikas-park-arak\/#breadcrumb"},"inLanguage":"en-US","potentialAction":[{"@type":"ReadAction","target":["https:\/\/chilifitnessbudapest.hu\/bikas-park-arak\/"]}]},{"@type":"ImageObject","inLanguage":"en-US","@id":"https:\/\/chilifitnessbudapest.hu\/bikas-park-arak\/#primaryimage","url":"https:\/\/chilifitnessbudapest.hu\/wp-content\/uploads\/2025\/09\/22_Chili-Fitness-2-Bika\u0301s-park_DSC06012-scaled.jpg","contentUrl":"https:\/\/chilifitnessbudapest.hu\/wp-content\/uploads\/2025\/09\/22_Chili-Fitness-2-Bika\u0301s-park_DSC06012-scaled.jpg","width":2560,"height":1707},{"@type":"BreadcrumbList","@id":"https:\/\/chilifitnessbudapest.hu\/bikas-park-arak\/#breadcrumb","itemListElement":[{"@type":"ListItem","position":1,"name":"Kezd\u0151lap","item":"https:\/\/chilifitnessbudapest.hu\/"},{"@type":"ListItem","position":2,"name":"Chili Fitness Bik\u00e1s Park \u00e1rak, b\u00e9rletek \u00e9s napijegy \u2013 XI. ker\u00fclet, Etele \u00fat 57"}]},{"@type":"WebSite","@id":"https:\/\/chilifitnessbudapest.hu\/#website","url":"https:\/\/chilifitnessbudapest.hu\/","name":"Chili Fitness - Gyms Budapest","description":"Gyms in 4 locations in Budapest","publisher":{"@id":"https:\/\/chilifitnessbudapest.hu\/#organization"},"potentialAction":[{"@type":"SearchAction","target":{"@type":"EntryPoint","urlTemplate":"https:\/\/chilifitnessbudapest.hu\/?s={search_term_string}"},"query-input":{"@type":"PropertyValueSpecification","valueRequired":true,"valueName":"search_term_string"}}],"inLanguage":"en-US"},{"@type":"Organization","@id":"https:\/\/chilifitnessbudapest.hu\/#organization","name":"CHILI FITNESS BUDAPEST","url":"https:\/\/chilifitnessbudapest.hu\/","logo":{"@type":"ImageObject","inLanguage":"en-US","@id":"https:\/\/chilifitnessbudapest.hu\/#\/schema\/logo\/image\/","url":"https:\/\/chilifitnessbudapest.hu\/wp-content\/uploads\/2023\/03\/chili-1000.png","contentUrl":"https:\/\/chilifitnessbudapest.hu\/wp-content\/uploads\/2023\/03\/chili-1000.png","width":1000,"height":1000,"caption":"CHILI FITNESS BUDAPEST"},"image":{"@id":"https:\/\/chilifitnessbudapest.hu\/#\/schema\/logo\/image\/"}}]}},"_links":{"self":[{"href":"https:\/\/chilifitnessbudapest.hu\/en\/wp-json\/wp\/v2\/pages\/748","targetHints":{"allow":["GET"]}}],"collection":[{"href":"https:\/\/chilifitnessbudapest.hu\/en\/wp-json\/wp\/v2\/pages"}],"about":[{"href":"https:\/\/chilifitnessbudapest.hu\/en\/wp-json\/wp\/v2\/types\/page"}],"author":[{"embeddable":true,"href":"https:\/\/chilifitnessbudapest.hu\/en\/wp-json\/wp\/v2\/users\/1"}],"replies":[{"embeddable":true,"href":"https:\/\/chilifitnessbudapest.hu\/en\/wp-json\/wp\/v2\/comments?post=748"}],"version-history":[{"count":125,"href":"https:\/\/chilifitnessbudapest.hu\/en\/wp-json\/wp\/v2\/pages\/748\/revisions"}],"predecessor-version":[{"id":7561,"href":"https:\/\/chilifitnessbudapest.hu\/en\/wp-json\/wp\/v2\/pages\/748\/revisions\/7561"}],"wp:featuredmedia":[{"embeddable":true,"href":"https:\/\/chilifitnessbudapest.hu\/en\/wp-json\/wp\/v2\/media\/6635"}],"wp:attachment":[{"href":"https:\/\/chilifitnessbudapest.hu\/en\/wp-json\/wp\/v2\/media?parent=748"}],"curies":[{"name":"wp","href":"https:\/\/api.w.org\/{rel}","templated":true}]}}