{"id":2497,"date":"2022-10-17T13:22:21","date_gmt":"2022-10-17T11:22:21","guid":{"rendered":"https:\/\/chilifitnessbudapest.hu\/?page_id=2497"},"modified":"2025-11-19T11:04:39","modified_gmt":"2025-11-19T10:04:39","slug":"csepel-introduction","status":"publish","type":"page","link":"https:\/\/chilifitnessbudapest.hu\/en\/csepel-bemutatkozas\/","title":{"rendered":"Chili Fitness 4 \u2013 gym in Csepel, Budapest, on more than 2000 m\u00b2"},"content":{"rendered":"<div data-elementor-type=\"wp-page\" data-elementor-id=\"2497\" class=\"elementor elementor-2497\" data-elementor-post-type=\"page\">\n\t\t\t\t<div class=\"elementor-element elementor-element-5da14943 e-flex e-con-boxed e-con e-parent\" data-id=\"5da14943\" data-element_type=\"container\" data-e-type=\"container\" data-settings=\"{&quot;background_background&quot;:&quot;classic&quot;}\">\n\t\t\t\t\t<div class=\"e-con-inner\">\n\t\t<div class=\"elementor-element elementor-element-c83f3d4 e-con-full e-flex e-con e-child\" data-id=\"c83f3d4\" data-element_type=\"container\" data-e-type=\"container\">\n\t\t\t\t<div class=\"elementor-element elementor-element-3bf699a6 elementor-widget elementor-widget-heading\" data-id=\"3bf699a6\" data-element_type=\"widget\" data-e-type=\"widget\" data-widget_type=\"heading.default\">\n\t\t\t\t\t<h2 class=\"elementor-heading-title elementor-size-default\"><span style=\"color: #D20007\">CSEPEL<\/span><br>introduction<\/h2>\t\t\t\t<\/div>\n\t\t\t\t<\/div>\n\t\t\t\t\t<\/div>\n\t\t\t\t<\/div>\n\t\t<div class=\"elementor-element elementor-element-16fe1310 e-flex e-con-boxed e-con e-parent\" data-id=\"16fe1310\" data-element_type=\"container\" data-e-type=\"container\">\n\t\t\t\t\t<div class=\"e-con-inner\">\n\t\t\t\t<div class=\"elementor-element elementor-element-4456d2dd animated-slow elementor-view-default elementor-invisible elementor-widget elementor-widget-icon\" data-id=\"4456d2dd\" data-element_type=\"widget\" data-e-type=\"widget\" data-settings=\"{&quot;_animation&quot;:&quot;fadeInDown&quot;,&quot;_animation_mobile&quot;:&quot;fadeInDown&quot;}\" data-widget_type=\"icon.default\">\n\t\t\t\t\t\t\t<div class=\"elementor-icon-wrapper\">\n\t\t\t<div class=\"elementor-icon\">\n\t\t\t<svg aria-hidden=\"true\" class=\"e-font-icon-svg e-fas-chevron-down\" viewbox=\"0 0 448 512\" xmlns=\"http:\/\/www.w3.org\/2000\/svg\"><path d=\"M207.029 381.476L12.686 187.132c-9.373-9.373-9.373-24.569 0-33.941l22.667-22.667c9.357-9.357 24.522-9.375 33.901-.04L224 284.505l154.745-154.021c9.379-9.335 24.544-9.317 33.901.04l22.667 22.667c9.373 9.373 9.373 24.569 0 33.941L240.971 381.476c-9.373 9.372-24.569 9.372-33.942 0z\"><\/path><\/svg>\t\t\t<\/div>\n\t\t<\/div>\n\t\t\t\t\t\t<\/div>\n\t\t\t\t\t<\/div>\n\t\t\t\t<\/div>\n\t\t<div class=\"elementor-element elementor-element-6990160 e-flex e-con-boxed e-con e-parent\" data-id=\"6990160\" data-element_type=\"container\" data-e-type=\"container\" data-settings=\"{&quot;background_background&quot;:&quot;classic&quot;}\">\n\t\t\t\t\t<div class=\"e-con-inner\">\n\t\t<div class=\"elementor-element elementor-element-ed58986 e-con-full e-flex e-con e-child\" data-id=\"ed58986\" data-element_type=\"container\" data-e-type=\"container\">\n\t\t\t\t<div class=\"elementor-element elementor-element-c99ebc9 elementor-widget__width-initial elementor-widget-tablet__width-inherit elementor-widget elementor-widget-heading\" data-id=\"c99ebc9\" data-element_type=\"widget\" data-e-type=\"widget\" data-widget_type=\"heading.default\">\n\t\t\t\t\t<h1 class=\"elementor-heading-title elementor-size-default\">Chili Fitness 4 \u2013 Gym in Csepel for a premium workout experience<\/h1>\t\t\t\t<\/div>\n\t\t\t\t<div class=\"elementor-element elementor-element-ce1273d elementor-widget__width-initial elementor-widget-tablet__width-inherit elementor-widget elementor-widget-heading\" data-id=\"ce1273d\" data-element_type=\"widget\" data-e-type=\"widget\" data-widget_type=\"heading.default\">\n\t\t\t\t\t<h1 class=\"elementor-heading-title elementor-size-default\">A modern fitness center of over 2000 m\u00b2 with HOIST and Octane machines, a combat sports ring, sauna, and extra services \ud83d\udcaa\ud83d\udd25<\/h1>\t\t\t\t<\/div>\n\t\t\t\t<\/div>\n\t\t\t\t\t<\/div>\n\t\t\t\t<\/div>\n\t\t<div class=\"elementor-element elementor-element-7269b35 e-flex e-con-boxed e-con e-parent\" data-id=\"7269b35\" data-element_type=\"container\" data-e-type=\"container\" data-settings=\"{&quot;background_background&quot;:&quot;classic&quot;}\">\n\t\t\t\t\t<div class=\"e-con-inner\">\n\t\t\t\t<div class=\"elementor-element elementor-element-20b1a42 elementor-widget elementor-widget-text-editor\" data-id=\"20b1a42\" data-element_type=\"widget\" data-e-type=\"widget\" data-widget_type=\"text-editor.default\">\n\t\t\t\t\t\t\t\t\t<p class=\"p1\">A <span class=\"s1\"><b>Chili Fitness 4 Csepel<\/b><\/span> Opened its doors in November 2016, so local sports enthusiasts can also enjoy the premium gym experience. The more than <span class=\"s1\"><b>2000 m\u00b2 fitness center<\/b><\/span> meets every need, whether it's strength training, endurance development, combat sports, or relaxation and recovery.<\/p><p class=\"p1\">We left nothing to chance when selecting the equipment:<\/p><ul><li><p class=\"p1\"><span class=\"s1\"><b>HOIST top-class strength machines<\/b><\/span> \ud83d\udcaa \u2013 for preventive, rehabilitation, and strength development training.<\/p><\/li><li><p class=\"p1\"><span class=\"s1\"><b>Octane cardio machines<\/b><\/span> \ud83d\udeb4\u200d\u2640\ufe0f \u2013 the most effective tools for running, endurance development, and fat burning.<\/p><\/li><li><p class=\"p1\"><span class=\"s1\"><b>Eleiko plates and benches<\/b><\/span> \ud83c\udfcb\ufe0f\u200d\u2642\ufe0f \u2013 quality powerlifting equipment used by professional athletes worldwide.<\/p><\/li><\/ul><p class=\"p1\">For those seeking variety, there is a separate <span class=\"s1\"><b>functional room<\/b><\/span> and a fully equipped <span class=\"s1\"><b>combat sports ring<\/b><\/span> available, where lovers of boxing, kickboxing, MMA, or other martial arts can train.<\/p><p class=\"p1\">At Chili Fitness 4, the experience is not just about training, but also about pampering:<\/p><ul><li><p class=\"p1\"><b>Solarium<\/b><span class=\"s1\"> \u2600\ufe0f<\/span><\/p><\/li><li><p class=\"p1\"><span class=\"s1\"><b>Sauna<\/b><\/span> \ud83e\uddd6\u200d\u2642\ufe0f<\/p><\/li><li><p class=\"p1\"><span class=\"s1\"><b>Protein bar<\/b><\/span> \ud83e\udd64 with the best brands of supplements<\/p><\/li><li><p class=\"p1\"><b>Beauty salon<\/b><span class=\"s1\"> \ud83d\udc85<\/span><\/p><\/li><li><p class=\"p1\"><span class=\"s1\"><b>Infra trainer, wave massage, and lymphatic massage<\/b><\/span> \ud83c\udf3f \u2013 in the service of regeneration and body shaping.<\/p><\/li><\/ul><p class=\"p1\">Our friendly and knowledgeable colleagues at the reception are waiting to help you navigate the supplements, whether it's a pre-workout energizer, protein, or recovery-supporting products.<\/p><p class=\"p1\">Guests are assisted by a highly trained <span class=\"s1\"><b>personal trainer team<\/b><\/span> in their development \u2013 from beginners to advanced, everyone can find their own path within the walls of Chili Fitness 4.<\/p><p class=\"p1\">A <span class=\"s1\"><b>Chili Fitness 4 Csepel<\/b><\/span> one of the largest and best-equipped gyms in the district, where everything is provided for sports, development, and relaxation.<\/p>\t\t\t\t\t\t\t\t<\/div>\n\t\t\t\t\t<\/div>\n\t\t\t\t<\/div>\n\t\t\t\t<\/div>","protected":false},"excerpt":{"rendered":"<p>Discover Chili Fitness 4 in Csepel! A premium gym of over 2000 m\u00b2 with HOIST and Octane machines, Eleiko plates, a combat sports ring, a functional room, a solarium, a sauna, and a beauty salon.<\/p>","protected":false},"author":1,"featured_media":0,"parent":0,"menu_order":0,"comment_status":"closed","ping_status":"closed","template":"","meta":{"_acf_changed":false,"footnotes":""},"class_list":["post-2497","page","type-page","status-publish","hentry"],"acf":[],"yoast_head":"<!-- This site is optimized with the Yoast SEO plugin v27.6 - https:\/\/yoast.com\/product\/yoast-seo-wordpress\/ -->\n<title>Chili Fitness 4 \u2013 Budapest edz\u0151terem Csepelen, t\u00f6bb mint 2000 m\u00b2-en - Chili Fitness - Edz\u0151termek Budapest<\/title>\n<meta name=\"description\" content=\"Fedezd fel a Chili Fitness 4 csepeli edz\u0151termet t\u00f6bb mint 2000 m\u00b2 pr\u00e9mium g\u00e9pparkkal. T\u00e1gas t\u00e9r, k\u00e9nyelmes k\u00f6rnyezet \u00e9s minden szinthez ill\u0151 edz\u00e9slehet\u0151s\u00e9g Budapest egyik legnagyobb konditerm\u00e9ben.\" \/>\n<meta name=\"robots\" content=\"index, follow, max-snippet:-1, max-image-preview:large, max-video-preview:-1\" \/>\n<link rel=\"canonical\" href=\"https:\/\/chilifitnessbudapest.hu\/en\/csepel-introduction\/\" \/>\n<meta property=\"og:locale\" content=\"en_US\" \/>\n<meta property=\"og:type\" content=\"article\" \/>\n<meta property=\"og:title\" content=\"Chili Fitness 4 \u2013 Budapest edz\u0151terem Csepelen, t\u00f6bb mint 2000 m\u00b2-en - Chili Fitness - Edz\u0151termek Budapest\" \/>\n<meta property=\"og:description\" content=\"Fedezd fel a Chili Fitness 4 csepeli edz\u0151termet t\u00f6bb mint 2000 m\u00b2 pr\u00e9mium g\u00e9pparkkal. T\u00e1gas t\u00e9r, k\u00e9nyelmes k\u00f6rnyezet \u00e9s minden szinthez ill\u0151 edz\u00e9slehet\u0151s\u00e9g Budapest egyik legnagyobb konditerm\u00e9ben.\" \/>\n<meta property=\"og:url\" content=\"https:\/\/chilifitnessbudapest.hu\/en\/csepel-introduction\/\" \/>\n<meta property=\"og:site_name\" content=\"Chili Fitness - Edz\u0151termek Budapest\" \/>\n<meta property=\"article:modified_time\" content=\"2025-11-19T10:04:39+00:00\" \/>\n<meta property=\"og:image\" content=\"https:\/\/chilifitnessbudapest.hu\/wp-content\/uploads\/2023\/03\/chili-1200.png\" \/>\n\t<meta property=\"og:image:width\" content=\"1200\" \/>\n\t<meta property=\"og:image:height\" content=\"675\" \/>\n\t<meta property=\"og:image:type\" content=\"image\/png\" \/>\n<meta name=\"twitter:card\" content=\"summary_large_image\" \/>\n<meta name=\"twitter:label1\" content=\"Est. reading time\" \/>\n\t<meta name=\"twitter:data1\" content=\"2 minutes\" \/>\n<script type=\"application\/ld+json\" class=\"yoast-schema-graph\">{\"@context\":\"https:\\\/\\\/schema.org\",\"@graph\":[{\"@type\":\"WebPage\",\"@id\":\"https:\\\/\\\/chilifitnessbudapest.hu\\\/csepel-bemutatkozas\\\/\",\"url\":\"https:\\\/\\\/chilifitnessbudapest.hu\\\/csepel-bemutatkozas\\\/\",\"name\":\"Chili Fitness 4 \u2013 Budapest edz\u0151terem Csepelen, t\u00f6bb mint 2000 m\u00b2-en - Chili Fitness - Edz\u0151termek Budapest\",\"isPartOf\":{\"@id\":\"https:\\\/\\\/chilifitnessbudapest.hu\\\/#website\"},\"datePublished\":\"2022-10-17T11:22:21+00:00\",\"dateModified\":\"2025-11-19T10:04:39+00:00\",\"description\":\"Fedezd fel a Chili Fitness 4 csepeli edz\u0151termet t\u00f6bb mint 2000 m\u00b2 pr\u00e9mium g\u00e9pparkkal. T\u00e1gas t\u00e9r, k\u00e9nyelmes k\u00f6rnyezet \u00e9s minden szinthez ill\u0151 edz\u00e9slehet\u0151s\u00e9g Budapest egyik legnagyobb konditerm\u00e9ben.\",\"breadcrumb\":{\"@id\":\"https:\\\/\\\/chilifitnessbudapest.hu\\\/csepel-bemutatkozas\\\/#breadcrumb\"},\"inLanguage\":\"en-US\",\"potentialAction\":[{\"@type\":\"ReadAction\",\"target\":[\"https:\\\/\\\/chilifitnessbudapest.hu\\\/csepel-bemutatkozas\\\/\"]}]},{\"@type\":\"BreadcrumbList\",\"@id\":\"https:\\\/\\\/chilifitnessbudapest.hu\\\/csepel-bemutatkozas\\\/#breadcrumb\",\"itemListElement\":[{\"@type\":\"ListItem\",\"position\":1,\"name\":\"Kezd\u0151lap\",\"item\":\"https:\\\/\\\/chilifitnessbudapest.hu\\\/\"},{\"@type\":\"ListItem\",\"position\":2,\"name\":\"Chili Fitness 4 \u2013 Budapest edz\u0151terem Csepelen, t\u00f6bb mint 2000 m\u00b2-en\"}]},{\"@type\":\"WebSite\",\"@id\":\"https:\\\/\\\/chilifitnessbudapest.hu\\\/#website\",\"url\":\"https:\\\/\\\/chilifitnessbudapest.hu\\\/\",\"name\":\"Chili Fitness - Edz\u0151termek Budapest\",\"description\":\"Edz\u0151termek 4 helyen Budapesten\",\"publisher\":{\"@id\":\"https:\\\/\\\/chilifitnessbudapest.hu\\\/#organization\"},\"potentialAction\":[{\"@type\":\"SearchAction\",\"target\":{\"@type\":\"EntryPoint\",\"urlTemplate\":\"https:\\\/\\\/chilifitnessbudapest.hu\\\/?s={search_term_string}\"},\"query-input\":{\"@type\":\"PropertyValueSpecification\",\"valueRequired\":true,\"valueName\":\"search_term_string\"}}],\"inLanguage\":\"en-US\"},{\"@type\":\"Organization\",\"@id\":\"https:\\\/\\\/chilifitnessbudapest.hu\\\/#organization\",\"name\":\"CHILI FITNESS BUDAPEST\",\"url\":\"https:\\\/\\\/chilifitnessbudapest.hu\\\/\",\"logo\":{\"@type\":\"ImageObject\",\"inLanguage\":\"en-US\",\"@id\":\"https:\\\/\\\/chilifitnessbudapest.hu\\\/#\\\/schema\\\/logo\\\/image\\\/\",\"url\":\"https:\\\/\\\/chilifitnessbudapest.hu\\\/wp-content\\\/uploads\\\/2023\\\/03\\\/chili-1000.png\",\"contentUrl\":\"https:\\\/\\\/chilifitnessbudapest.hu\\\/wp-content\\\/uploads\\\/2023\\\/03\\\/chili-1000.png\",\"width\":1000,\"height\":1000,\"caption\":\"CHILI FITNESS BUDAPEST\"},\"image\":{\"@id\":\"https:\\\/\\\/chilifitnessbudapest.hu\\\/#\\\/schema\\\/logo\\\/image\\\/\"}}]}<\/script>\n<!-- \/ Yoast SEO plugin. -->","yoast_head_json":{"title":"Chili Fitness 4 \u2013 Budapest gym in Csepel, over 2000 m\u00b2 - Chili Fitness - Gyms Budapest","description":"Discover the Chili Fitness 4 Csepel gym with over 2000 m\u00b2 of premium equipment. Spacious space, comfortable environment, and workout options suitable for every level in one of Budapest's largest gyms.","robots":{"index":"index","follow":"follow","max-snippet":"max-snippet:-1","max-image-preview":"max-image-preview:large","max-video-preview":"max-video-preview:-1"},"canonical":"https:\/\/chilifitnessbudapest.hu\/en\/csepel-introduction\/","og_locale":"en_US","og_type":"article","og_title":"Chili Fitness 4 \u2013 Budapest edz\u0151terem Csepelen, t\u00f6bb mint 2000 m\u00b2-en - Chili Fitness - Edz\u0151termek Budapest","og_description":"Fedezd fel a Chili Fitness 4 csepeli edz\u0151termet t\u00f6bb mint 2000 m\u00b2 pr\u00e9mium g\u00e9pparkkal. T\u00e1gas t\u00e9r, k\u00e9nyelmes k\u00f6rnyezet \u00e9s minden szinthez ill\u0151 edz\u00e9slehet\u0151s\u00e9g Budapest egyik legnagyobb konditerm\u00e9ben.","og_url":"https:\/\/chilifitnessbudapest.hu\/en\/csepel-introduction\/","og_site_name":"Chili Fitness - Edz\u0151termek Budapest","article_modified_time":"2025-11-19T10:04:39+00:00","og_image":[{"width":1200,"height":675,"url":"https:\/\/chilifitnessbudapest.hu\/wp-content\/uploads\/2023\/03\/chili-1200.png","type":"image\/png"}],"twitter_card":"summary_large_image","twitter_misc":{"Est. reading time":"2 minutes"},"schema":{"@context":"https:\/\/schema.org","@graph":[{"@type":"WebPage","@id":"https:\/\/chilifitnessbudapest.hu\/csepel-bemutatkozas\/","url":"https:\/\/chilifitnessbudapest.hu\/csepel-bemutatkozas\/","name":"Chili Fitness 4 \u2013 Budapest gym in Csepel, over 2000 m\u00b2 - Chili Fitness - Gyms Budapest","isPartOf":{"@id":"https:\/\/chilifitnessbudapest.hu\/#website"},"datePublished":"2022-10-17T11:22:21+00:00","dateModified":"2025-11-19T10:04:39+00:00","description":"Discover the Chili Fitness 4 Csepel gym with over 2000 m\u00b2 of premium equipment. Spacious space, comfortable environment, and workout options suitable for every level in one of Budapest's largest gyms.","breadcrumb":{"@id":"https:\/\/chilifitnessbudapest.hu\/csepel-bemutatkozas\/#breadcrumb"},"inLanguage":"en-US","potentialAction":[{"@type":"ReadAction","target":["https:\/\/chilifitnessbudapest.hu\/csepel-bemutatkozas\/"]}]},{"@type":"BreadcrumbList","@id":"https:\/\/chilifitnessbudapest.hu\/csepel-bemutatkozas\/#breadcrumb","itemListElement":[{"@type":"ListItem","position":1,"name":"Kezd\u0151lap","item":"https:\/\/chilifitnessbudapest.hu\/"},{"@type":"ListItem","position":2,"name":"Chili Fitness 4 \u2013 Budapest edz\u0151terem Csepelen, t\u00f6bb mint 2000 m\u00b2-en"}]},{"@type":"WebSite","@id":"https:\/\/chilifitnessbudapest.hu\/#website","url":"https:\/\/chilifitnessbudapest.hu\/","name":"Chili Fitness - Gyms Budapest","description":"Gyms in 4 locations in Budapest","publisher":{"@id":"https:\/\/chilifitnessbudapest.hu\/#organization"},"potentialAction":[{"@type":"SearchAction","target":{"@type":"EntryPoint","urlTemplate":"https:\/\/chilifitnessbudapest.hu\/?s={search_term_string}"},"query-input":{"@type":"PropertyValueSpecification","valueRequired":true,"valueName":"search_term_string"}}],"inLanguage":"en-US"},{"@type":"Organization","@id":"https:\/\/chilifitnessbudapest.hu\/#organization","name":"CHILI FITNESS BUDAPEST","url":"https:\/\/chilifitnessbudapest.hu\/","logo":{"@type":"ImageObject","inLanguage":"en-US","@id":"https:\/\/chilifitnessbudapest.hu\/#\/schema\/logo\/image\/","url":"https:\/\/chilifitnessbudapest.hu\/wp-content\/uploads\/2023\/03\/chili-1000.png","contentUrl":"https:\/\/chilifitnessbudapest.hu\/wp-content\/uploads\/2023\/03\/chili-1000.png","width":1000,"height":1000,"caption":"CHILI FITNESS BUDAPEST"},"image":{"@id":"https:\/\/chilifitnessbudapest.hu\/#\/schema\/logo\/image\/"}}]}},"_links":{"self":[{"href":"https:\/\/chilifitnessbudapest.hu\/en\/wp-json\/wp\/v2\/pages\/2497","targetHints":{"allow":["GET"]}}],"collection":[{"href":"https:\/\/chilifitnessbudapest.hu\/en\/wp-json\/wp\/v2\/pages"}],"about":[{"href":"https:\/\/chilifitnessbudapest.hu\/en\/wp-json\/wp\/v2\/types\/page"}],"author":[{"embeddable":true,"href":"https:\/\/chilifitnessbudapest.hu\/en\/wp-json\/wp\/v2\/users\/1"}],"replies":[{"embeddable":true,"href":"https:\/\/chilifitnessbudapest.hu\/en\/wp-json\/wp\/v2\/comments?post=2497"}],"version-history":[{"count":29,"href":"https:\/\/chilifitnessbudapest.hu\/en\/wp-json\/wp\/v2\/pages\/2497\/revisions"}],"predecessor-version":[{"id":7494,"href":"https:\/\/chilifitnessbudapest.hu\/en\/wp-json\/wp\/v2\/pages\/2497\/revisions\/7494"}],"wp:attachment":[{"href":"https:\/\/chilifitnessbudapest.hu\/en\/wp-json\/wp\/v2\/media?parent=2497"}],"curies":[{"name":"wp","href":"https:\/\/api.w.org\/{rel}","templated":true}]}}