{"id":2450,"date":"2022-10-17T10:56:40","date_gmt":"2022-10-17T08:56:40","guid":{"rendered":"https:\/\/chilifitnessbudapest.hu\/?page_id=2450"},"modified":"2025-12-31T15:42:48","modified_gmt":"2025-12-31T14:42:48","slug":"ujbuda-prices","status":"publish","type":"page","link":"https:\/\/chilifitnessbudapest.hu\/en\/ujbuda-prices\/","title":{"rendered":"Budapest gym prices | Chili Fitness 5 \u00dajbuda"},"content":{"rendered":"<div data-elementor-type=\"wp-page\" data-elementor-id=\"2450\" class=\"elementor elementor-2450\" data-elementor-post-type=\"page\">\n\t\t\t\t<div class=\"elementor-element elementor-element-2f94eeb3 e-flex e-con-boxed e-con e-parent\" data-id=\"2f94eeb3\" data-element_type=\"container\" data-e-type=\"container\" data-settings=\"{&quot;background_background&quot;:&quot;classic&quot;}\">\n\t\t\t\t\t<div class=\"e-con-inner\">\n\t\t<div class=\"elementor-element elementor-element-117f4598 e-con-full e-flex e-con e-child\" data-id=\"117f4598\" data-element_type=\"container\" data-e-type=\"container\">\n\t\t\t\t<div class=\"elementor-element elementor-element-5c468b25 elementor-widget elementor-widget-heading\" data-id=\"5c468b25\" data-element_type=\"widget\" data-e-type=\"widget\" data-widget_type=\"heading.default\">\n\t\t\t\t\t<h2 class=\"elementor-heading-title elementor-size-default\">Current<br><span style=\"color: #D20007\">our prices<\/span><\/h2>\t\t\t\t<\/div>\n\t\t\t\t<\/div>\n\t\t\t\t\t<\/div>\n\t\t\t\t<\/div>\n\t\t<div class=\"elementor-element elementor-element-cdf53a6 e-flex e-con-boxed e-con e-parent\" data-id=\"cdf53a6\" data-element_type=\"container\" data-e-type=\"container\">\n\t\t\t\t\t<div class=\"e-con-inner\">\n\t\t\t\t<div class=\"elementor-element elementor-element-2d0582c0 animated-slow elementor-view-default elementor-invisible elementor-widget elementor-widget-icon\" data-id=\"2d0582c0\" data-element_type=\"widget\" data-e-type=\"widget\" data-settings=\"{&quot;_animation&quot;:&quot;fadeInDown&quot;,&quot;_animation_mobile&quot;:&quot;fadeInDown&quot;}\" data-widget_type=\"icon.default\">\n\t\t\t\t\t\t\t<div class=\"elementor-icon-wrapper\">\n\t\t\t<div class=\"elementor-icon\">\n\t\t\t<svg aria-hidden=\"true\" class=\"e-font-icon-svg e-fas-chevron-down\" viewbox=\"0 0 448 512\" xmlns=\"http:\/\/www.w3.org\/2000\/svg\"><path d=\"M207.029 381.476L12.686 187.132c-9.373-9.373-9.373-24.569 0-33.941l22.667-22.667c9.357-9.357 24.522-9.375 33.901-.04L224 284.505l154.745-154.021c9.379-9.335 24.544-9.317 33.901.04l22.667 22.667c9.373 9.373 9.373 24.569 0 33.941L240.971 381.476c-9.373 9.372-24.569 9.372-33.942 0z\"><\/path><\/svg>\t\t\t<\/div>\n\t\t<\/div>\n\t\t\t\t\t\t<\/div>\n\t\t\t\t\t<\/div>\n\t\t\t\t<\/div>\n\t\t<div class=\"elementor-element elementor-element-90fa628 e-flex e-con-boxed e-con e-parent\" data-id=\"90fa628\" data-element_type=\"container\" data-e-type=\"container\" data-settings=\"{&quot;background_background&quot;:&quot;classic&quot;}\">\n\t\t\t\t\t<div class=\"e-con-inner\">\n\t\t<div class=\"elementor-element elementor-element-3d7cc8f e-con-full e-flex e-con e-child\" data-id=\"3d7cc8f\" data-element_type=\"container\" data-e-type=\"container\">\n\t\t\t\t<div class=\"elementor-element elementor-element-5e8ba7e elementor-widget__width-initial elementor-widget-tablet__width-inherit elementor-widget elementor-widget-heading\" data-id=\"5e8ba7e\" data-element_type=\"widget\" data-e-type=\"widget\" data-widget_type=\"heading.default\">\n\t\t\t\t\t<h1 class=\"elementor-heading-title elementor-size-default\">Chili Fitness 5 \u00dajbuda \u2013 Price List <\/h1>\t\t\t\t<\/div>\n\t\t\t\t<div class=\"elementor-element elementor-element-2f81a69 elementor-widget__width-initial elementor-widget-tablet__width-inherit elementor-widget elementor-widget-heading\" data-id=\"2f81a69\" data-element_type=\"widget\" data-e-type=\"widget\" data-widget_type=\"heading.default\">\n\t\t\t\t\t<h1 class=\"elementor-heading-title elementor-size-default\">Daily ticket, memberships, and AYCM card acceptance in \u00dajbuda<\/h1>\t\t\t\t<\/div>\n\t\t\t\t<\/div>\n\t\t\t\t\t<\/div>\n\t\t\t\t<\/div>\n\t\t<div class=\"elementor-element elementor-element-648803b e-flex e-con-boxed e-con e-parent\" data-id=\"648803b\" data-element_type=\"container\" data-e-type=\"container\" data-settings=\"{&quot;background_background&quot;:&quot;classic&quot;}\">\n\t\t\t\t\t<div class=\"e-con-inner\">\n\t\t\t\t<div class=\"elementor-element elementor-element-f775d62 elementor-widget elementor-widget-text-editor\" data-id=\"f775d62\" data-element_type=\"widget\" data-e-type=\"widget\" data-widget_type=\"text-editor.default\">\n\t\t\t\t\t\t\t\t\t<p class=\"p1\">A <span class=\"s1\"><b>Chili Fitness 5 \u00dajbuda gym<\/b><\/span> everyone can find the right entry option for themselves \u2013 whether it's occasional training or a regular pass. \ud83d\udcaa<\/p><p class=\"p1\">We accept the <span class=\"s1\"><b>AYCM XXL card<\/b><\/span>, so the discounted sports opportunity is also available with us.<\/p><p class=\"p1\">A <span class=\"s1\"><b>day ticket<\/b><\/span> the maximum time that can be spent inside upon purchase <span class=\"s1\"><b>4 hours<\/b><\/span> \u23f1\ufe0f. It is important to know that after 4 hours, the lockers will automatically open. If you wish to continue training, <span class=\"s1\"><b>a new day ticket purchase is necessary<\/b><\/span>.<\/p><p class=\"p1\">For our pass holders, entry is even simpler: <span class=\"s1\"><b>entitled to one entry per day<\/b><\/span>, with unlimited training time during opening hours. This flexible system ensures that all our guests can comfortably enjoy the premium environment and modern equipment. \ud83c\udfcb\ufe0f\u200d\u2642\ufe0f<\/p>\t\t\t\t\t\t\t\t<\/div>\n\t\t\t\t\t<\/div>\n\t\t\t\t<\/div>\n\t\t<div class=\"elementor-element elementor-element-f26852e e-flex e-con-boxed e-con e-parent\" data-id=\"f26852e\" data-element_type=\"container\" data-e-type=\"container\">\n\t\t\t\t\t<div class=\"e-con-inner\">\n\t\t\t\t<div class=\"elementor-element elementor-element-e3796ff elementor-widget elementor-widget-html\" data-id=\"e3796ff\" data-element_type=\"widget\" data-e-type=\"widget\" data-widget_type=\"html.default\">\n\t\t\t\t\t<style>\n@import url('https:\/\/fonts.googleapis.com\/css2?family=Bebas+Neue&display=swap');\n\n.pricelist-wrap {\n  background: #000;\n  padding: 48px 24px;\n  font-family: Inter, system-ui, -apple-system, BlinkMacSystemFont, \"Segoe UI\", sans-serif;\n  color: #f1f1f1;\n}\n\n.pricelist-grid {\n  display: grid;\n  grid-template-columns: repeat(2, 1fr);\n  gap: 32px;\n  max-width: 1200px;\n  margin: 0 auto;\n}\n\n.pricelist-card {\n  background: #000;\n  border-radius: 16px;\n  padding: 32px 26px;\n  border: 1px solid rgba(255,255,255,0.08);\n}\n\n.pricelist-title {\n  font-family: 'Bebas Neue', sans-serif;\n  font-size: 34px;\n  letter-spacing: 2px;\n  color: #ff2a2a;\n  margin-bottom: 28px;\n}\n\n.price-row {\n  display: flex;\n  justify-content: space-between;\n  align-items: baseline;\n  padding: 12px 0;\n  border-bottom: 1px solid rgba(255,255,255,0.1);\n}\n\n.price-name {\n  font-family: 'Bebas Neue', sans-serif;\n  font-size: 20px;\n  letter-spacing: 1.2px;\n  color: #eaeaea;\n}\n\n.price-value {\n  font-size: 16px;\n  font-weight: 700;\n  color: #ffffff;\n  white-space: nowrap;\n}\n\n.price-note {\n  font-size: 13px;\n  color: #aaaaaa;\n  margin: 14px 0 24px;\n  line-height: 1.5;\n}\n\n.section-divider {\n  font-family: 'Bebas Neue', sans-serif;\n  margin: 28px 0 12px;\n  font-size: 18px;\n  letter-spacing: 1.4px;\n  color: #ff2a2a;\n}\n\n@media (max-width: 900px) {\n  .pricelist-grid {\n    grid-template-columns: 1fr;\n  }\n}\n<\/style>\n\n<div class=\"pricelist-wrap\">\n  <div class=\"pricelist-grid\">\n\n    <!-- FELN\u0150TT -->\n    <div class=\"pricelist-card\">\n      <div class=\"pricelist-title\">Adult<\/div>\n\n      <div class=\"price-row\"><div class=\"price-name\">Monthly pass<\/div><div class=\"price-value\">29,900 Ft<\/div><\/div>\n      <div class=\"price-row\"><div class=\"price-name\">Day ticket<\/div><div class=\"price-value\">4,400 Ft<\/div><\/div>\n      <div class=\"price-row\"><div class=\"price-name\">Three-month pass<\/div><div class=\"price-value\">74,400 Ft<\/div><\/div>\n      <div class=\"price-row\"><div class=\"price-name\">Six-month pass<\/div><div class=\"price-value\">139,900 Ft<\/div><\/div>\n      <div class=\"price-row\"><div class=\"price-name\">Annual pass<\/div><div class=\"price-value\">267,900 Ft<\/div><\/div>\n      <div class=\"price-row\"><div class=\"price-name\">One-week pass<\/div><div class=\"price-value\">17,900 HUF<\/div><\/div>\n      <div class=\"price-row\"><div class=\"price-name\">Ten-entry pass<\/div><div class=\"price-value\">26,000 Ft<\/div><\/div>\n\n      <div class=\"price-note\">\n        The entry passes are valid for 60 days from the date of purchase.\n      <\/div>\n\n      <div class=\"section-divider\">Morning pass<\/div>\n      <div class=\"price-row\"><div class=\"price-name\">Entry until 3 PM<\/div><div class=\"price-value\">26,000 Ft<\/div><\/div>\n\n      <div class=\"section-divider\">VIP pass<\/div>\n      <div class=\"price-row\"><div class=\"price-name\">Valid for one month<\/div><div class=\"price-value\">32,900 HUF<\/div><\/div>\n\n      <div class=\"section-divider\">Towel usage<\/div>\n      <div class=\"price-row\"><div class=\"price-name\">Small<\/div><div class=\"price-value\">400 HUF<\/div><\/div>\n      <div class=\"price-row\"><div class=\"price-name\">Large<\/div><div class=\"price-value\">500 HUF<\/div><\/div>\n    <\/div>\n\n    <!-- DI\u00c1K \/ NYUGD\u00cdJAS -->\n    <div class=\"pricelist-card\">\n      <div class=\"pricelist-title\">Student \/ Senior<\/div>\n\n      <div class=\"price-row\"><div class=\"price-name\">Monthly pass<\/div><div class=\"price-value\">27,500 Ft<\/div><\/div>\n      <div class=\"price-row\"><div class=\"price-name\">Day ticket<\/div><div class=\"price-value\">3,900 Ft<\/div><\/div>\n      <div class=\"price-row\"><div class=\"price-name\">Three-month pass<\/div><div class=\"price-value\">66,000 Ft<\/div><\/div>\n      <div class=\"price-row\"><div class=\"price-name\">Six-month pass<\/div><div class=\"price-value\">126,900 Ft<\/div><\/div>\n      <div class=\"price-row\"><div class=\"price-name\">Annual pass<\/div><div class=\"price-value\">241,900 Ft<\/div><\/div>\n      <div class=\"price-row\"><div class=\"price-name\">One-week pass<\/div><div class=\"price-value\">16,900 HUF<\/div><\/div>\n      <div class=\"price-row\"><div class=\"price-name\">Ten-entry pass<\/div><div class=\"price-value\">24,000 Ft<\/div><\/div>\n\n      <div class=\"price-note\">\n        The entry passes are valid for 60 days from the date of purchase.\n      <\/div>\n\n      <div class=\"section-divider\">Morning pass<\/div>\n      <div class=\"price-row\"><div class=\"price-name\">Entry until 3 PM<\/div><div class=\"price-value\">24,500 HUF<\/div><\/div>\n\n      <div class=\"section-divider\">VIP pass<\/div>\n      <div class=\"price-row\"><div class=\"price-name\">Valid for one month<\/div><div class=\"price-value\">32,900 HUF<\/div><\/div>\n\n      <div class=\"section-divider\">Towel usage<\/div>\n      <div class=\"price-row\"><div class=\"price-name\">Small<\/div><div class=\"price-value\">400 HUF<\/div><\/div>\n      <div class=\"price-row\"><div class=\"price-name\">Large<\/div><div class=\"price-value\">500 HUF<\/div><\/div>\n    <\/div>\n\n  <\/div>\n<\/div>\t\t\t\t<\/div>\n\t\t\t\t\t<\/div>\n\t\t\t\t<\/div>\n\t\t\t\t<\/div>","protected":false},"excerpt":{"rendered":"<p>Chili Fitness 5 \u00dajbuda prices \ud83d\udcaa We accept AYCM XXL card \u2714\ufe0f Day ticket max. 4 hours \u23f1\ufe0f, pass entitles to one entry per day.<\/p>","protected":false},"author":1,"featured_media":6587,"parent":0,"menu_order":0,"comment_status":"closed","ping_status":"closed","template":"","meta":{"_acf_changed":false,"footnotes":""},"class_list":["post-2450","page","type-page","status-publish","has-post-thumbnail","hentry"],"acf":[],"yoast_head":"<!-- This site is optimized with the Yoast SEO plugin v27.3 - https:\/\/yoast.com\/product\/yoast-seo-wordpress\/ -->\n<title>Budapest edz\u0151terem \u00e1rak | Chili Fitness 5 \u00dajbuda - Chili Fitness - Edz\u0151termek Budapest<\/title>\n<meta name=\"description\" content=\"Tekintsd meg a Chili Fitness 5 \u00fajbuda edz\u0151terem aktu\u00e1lis \u00e1rait. Napijegy, b\u00e9rlet \u00e9s AYCM lehet\u0151s\u00e9gek egy helyen. V\u00e1laszd a sz\u00e1modra legkedvez\u0151bb konditerem csomagot Budapesten.\" \/>\n<meta name=\"robots\" content=\"index, follow, max-snippet:-1, max-image-preview:large, max-video-preview:-1\" \/>\n<link rel=\"canonical\" href=\"https:\/\/chilifitnessbudapest.hu\/en\/ujbuda-prices\/\" \/>\n<meta property=\"og:locale\" content=\"en_US\" \/>\n<meta property=\"og:type\" content=\"article\" \/>\n<meta property=\"og:title\" content=\"Budapest edz\u0151terem \u00e1rak | Chili Fitness 5 \u00dajbuda - Chili Fitness - Edz\u0151termek Budapest\" \/>\n<meta property=\"og:description\" content=\"Tekintsd meg a Chili Fitness 5 \u00fajbuda edz\u0151terem aktu\u00e1lis \u00e1rait. Napijegy, b\u00e9rlet \u00e9s AYCM lehet\u0151s\u00e9gek egy helyen. V\u00e1laszd a sz\u00e1modra legkedvez\u0151bb konditerem csomagot Budapesten.\" \/>\n<meta property=\"og:url\" content=\"https:\/\/chilifitnessbudapest.hu\/en\/ujbuda-prices\/\" \/>\n<meta property=\"og:site_name\" content=\"Chili Fitness - Edz\u0151termek Budapest\" \/>\n<meta property=\"article:modified_time\" content=\"2025-12-31T14:42:48+00:00\" \/>\n<meta property=\"og:image\" content=\"https:\/\/chilifitnessbudapest.hu\/wp-content\/uploads\/2025\/09\/42_Chili_5_U\u0301jbuda_Nagy_DSC08483-scaled.jpg\" \/>\n\t<meta property=\"og:image:width\" content=\"2560\" \/>\n\t<meta property=\"og:image:height\" content=\"1707\" \/>\n\t<meta property=\"og:image:type\" content=\"image\/jpeg\" \/>\n<meta name=\"twitter:card\" content=\"summary_large_image\" \/>\n<meta name=\"twitter:label1\" content=\"Est. reading time\" \/>\n\t<meta name=\"twitter:data1\" content=\"3 minutes\" \/>\n<script type=\"application\/ld+json\" class=\"yoast-schema-graph\">{\"@context\":\"https:\\\/\\\/schema.org\",\"@graph\":[{\"@type\":\"WebPage\",\"@id\":\"https:\\\/\\\/chilifitnessbudapest.hu\\\/ujbuda-arak\\\/\",\"url\":\"https:\\\/\\\/chilifitnessbudapest.hu\\\/ujbuda-arak\\\/\",\"name\":\"Budapest edz\u0151terem \u00e1rak | Chili Fitness 5 \u00dajbuda - Chili Fitness - Edz\u0151termek Budapest\",\"isPartOf\":{\"@id\":\"https:\\\/\\\/chilifitnessbudapest.hu\\\/#website\"},\"primaryImageOfPage\":{\"@id\":\"https:\\\/\\\/chilifitnessbudapest.hu\\\/ujbuda-arak\\\/#primaryimage\"},\"image\":{\"@id\":\"https:\\\/\\\/chilifitnessbudapest.hu\\\/ujbuda-arak\\\/#primaryimage\"},\"thumbnailUrl\":\"https:\\\/\\\/chilifitnessbudapest.hu\\\/wp-content\\\/uploads\\\/2025\\\/09\\\/42_Chili_5_U\u0301jbuda_Nagy_DSC08483-scaled.jpg\",\"datePublished\":\"2022-10-17T08:56:40+00:00\",\"dateModified\":\"2025-12-31T14:42:48+00:00\",\"description\":\"Tekintsd meg a Chili Fitness 5 \u00fajbuda edz\u0151terem aktu\u00e1lis \u00e1rait. Napijegy, b\u00e9rlet \u00e9s AYCM lehet\u0151s\u00e9gek egy helyen. V\u00e1laszd a sz\u00e1modra legkedvez\u0151bb konditerem csomagot Budapesten.\",\"breadcrumb\":{\"@id\":\"https:\\\/\\\/chilifitnessbudapest.hu\\\/ujbuda-arak\\\/#breadcrumb\"},\"inLanguage\":\"en-US\",\"potentialAction\":[{\"@type\":\"ReadAction\",\"target\":[\"https:\\\/\\\/chilifitnessbudapest.hu\\\/ujbuda-arak\\\/\"]}]},{\"@type\":\"ImageObject\",\"inLanguage\":\"en-US\",\"@id\":\"https:\\\/\\\/chilifitnessbudapest.hu\\\/ujbuda-arak\\\/#primaryimage\",\"url\":\"https:\\\/\\\/chilifitnessbudapest.hu\\\/wp-content\\\/uploads\\\/2025\\\/09\\\/42_Chili_5_U\u0301jbuda_Nagy_DSC08483-scaled.jpg\",\"contentUrl\":\"https:\\\/\\\/chilifitnessbudapest.hu\\\/wp-content\\\/uploads\\\/2025\\\/09\\\/42_Chili_5_U\u0301jbuda_Nagy_DSC08483-scaled.jpg\",\"width\":2560,\"height\":1707},{\"@type\":\"BreadcrumbList\",\"@id\":\"https:\\\/\\\/chilifitnessbudapest.hu\\\/ujbuda-arak\\\/#breadcrumb\",\"itemListElement\":[{\"@type\":\"ListItem\",\"position\":1,\"name\":\"Kezd\u0151lap\",\"item\":\"https:\\\/\\\/chilifitnessbudapest.hu\\\/\"},{\"@type\":\"ListItem\",\"position\":2,\"name\":\"Budapest edz\u0151terem \u00e1rak | Chili Fitness 5 \u00dajbuda\"}]},{\"@type\":\"WebSite\",\"@id\":\"https:\\\/\\\/chilifitnessbudapest.hu\\\/#website\",\"url\":\"https:\\\/\\\/chilifitnessbudapest.hu\\\/\",\"name\":\"Chili Fitness - Edz\u0151termek Budapest\",\"description\":\"Edz\u0151termek 4 helyen Budapesten\",\"publisher\":{\"@id\":\"https:\\\/\\\/chilifitnessbudapest.hu\\\/#organization\"},\"potentialAction\":[{\"@type\":\"SearchAction\",\"target\":{\"@type\":\"EntryPoint\",\"urlTemplate\":\"https:\\\/\\\/chilifitnessbudapest.hu\\\/?s={search_term_string}\"},\"query-input\":{\"@type\":\"PropertyValueSpecification\",\"valueRequired\":true,\"valueName\":\"search_term_string\"}}],\"inLanguage\":\"en-US\"},{\"@type\":\"Organization\",\"@id\":\"https:\\\/\\\/chilifitnessbudapest.hu\\\/#organization\",\"name\":\"CHILI FITNESS BUDAPEST\",\"url\":\"https:\\\/\\\/chilifitnessbudapest.hu\\\/\",\"logo\":{\"@type\":\"ImageObject\",\"inLanguage\":\"en-US\",\"@id\":\"https:\\\/\\\/chilifitnessbudapest.hu\\\/#\\\/schema\\\/logo\\\/image\\\/\",\"url\":\"https:\\\/\\\/chilifitnessbudapest.hu\\\/wp-content\\\/uploads\\\/2023\\\/03\\\/chili-1000.png\",\"contentUrl\":\"https:\\\/\\\/chilifitnessbudapest.hu\\\/wp-content\\\/uploads\\\/2023\\\/03\\\/chili-1000.png\",\"width\":1000,\"height\":1000,\"caption\":\"CHILI FITNESS BUDAPEST\"},\"image\":{\"@id\":\"https:\\\/\\\/chilifitnessbudapest.hu\\\/#\\\/schema\\\/logo\\\/image\\\/\"}}]}<\/script>\n<!-- \/ Yoast SEO plugin. -->","yoast_head_json":{"title":"Budapest gym prices | Chili Fitness 5 \u00dajbuda - Chili Fitness - Gyms Budapest","description":"Check out the current prices of Chili Fitness 5 \u00dajbuda gym. Day pass, membership, and AYCM options all in one place. Choose the gym package that suits you best in Budapest.","robots":{"index":"index","follow":"follow","max-snippet":"max-snippet:-1","max-image-preview":"max-image-preview:large","max-video-preview":"max-video-preview:-1"},"canonical":"https:\/\/chilifitnessbudapest.hu\/en\/ujbuda-prices\/","og_locale":"en_US","og_type":"article","og_title":"Budapest edz\u0151terem \u00e1rak | Chili Fitness 5 \u00dajbuda - Chili Fitness - Edz\u0151termek Budapest","og_description":"Tekintsd meg a Chili Fitness 5 \u00fajbuda edz\u0151terem aktu\u00e1lis \u00e1rait. Napijegy, b\u00e9rlet \u00e9s AYCM lehet\u0151s\u00e9gek egy helyen. V\u00e1laszd a sz\u00e1modra legkedvez\u0151bb konditerem csomagot Budapesten.","og_url":"https:\/\/chilifitnessbudapest.hu\/en\/ujbuda-prices\/","og_site_name":"Chili Fitness - Edz\u0151termek Budapest","article_modified_time":"2025-12-31T14:42:48+00:00","og_image":[{"width":2560,"height":1707,"url":"https:\/\/chilifitnessbudapest.hu\/wp-content\/uploads\/2025\/09\/42_Chili_5_U\u0301jbuda_Nagy_DSC08483-scaled.jpg","type":"image\/jpeg"}],"twitter_card":"summary_large_image","twitter_misc":{"Est. reading time":"3 minutes"},"schema":{"@context":"https:\/\/schema.org","@graph":[{"@type":"WebPage","@id":"https:\/\/chilifitnessbudapest.hu\/ujbuda-arak\/","url":"https:\/\/chilifitnessbudapest.hu\/ujbuda-arak\/","name":"Budapest gym prices | Chili Fitness 5 \u00dajbuda - Chili Fitness - Gyms Budapest","isPartOf":{"@id":"https:\/\/chilifitnessbudapest.hu\/#website"},"primaryImageOfPage":{"@id":"https:\/\/chilifitnessbudapest.hu\/ujbuda-arak\/#primaryimage"},"image":{"@id":"https:\/\/chilifitnessbudapest.hu\/ujbuda-arak\/#primaryimage"},"thumbnailUrl":"https:\/\/chilifitnessbudapest.hu\/wp-content\/uploads\/2025\/09\/42_Chili_5_U\u0301jbuda_Nagy_DSC08483-scaled.jpg","datePublished":"2022-10-17T08:56:40+00:00","dateModified":"2025-12-31T14:42:48+00:00","description":"Check out the current prices of Chili Fitness 5 \u00dajbuda gym. Day pass, membership, and AYCM options all in one place. Choose the gym package that suits you best in Budapest.","breadcrumb":{"@id":"https:\/\/chilifitnessbudapest.hu\/ujbuda-arak\/#breadcrumb"},"inLanguage":"en-US","potentialAction":[{"@type":"ReadAction","target":["https:\/\/chilifitnessbudapest.hu\/ujbuda-arak\/"]}]},{"@type":"ImageObject","inLanguage":"en-US","@id":"https:\/\/chilifitnessbudapest.hu\/ujbuda-arak\/#primaryimage","url":"https:\/\/chilifitnessbudapest.hu\/wp-content\/uploads\/2025\/09\/42_Chili_5_U\u0301jbuda_Nagy_DSC08483-scaled.jpg","contentUrl":"https:\/\/chilifitnessbudapest.hu\/wp-content\/uploads\/2025\/09\/42_Chili_5_U\u0301jbuda_Nagy_DSC08483-scaled.jpg","width":2560,"height":1707},{"@type":"BreadcrumbList","@id":"https:\/\/chilifitnessbudapest.hu\/ujbuda-arak\/#breadcrumb","itemListElement":[{"@type":"ListItem","position":1,"name":"Kezd\u0151lap","item":"https:\/\/chilifitnessbudapest.hu\/"},{"@type":"ListItem","position":2,"name":"Budapest edz\u0151terem \u00e1rak | Chili Fitness 5 \u00dajbuda"}]},{"@type":"WebSite","@id":"https:\/\/chilifitnessbudapest.hu\/#website","url":"https:\/\/chilifitnessbudapest.hu\/","name":"Chili Fitness - Gyms Budapest","description":"Gyms in 4 locations in Budapest","publisher":{"@id":"https:\/\/chilifitnessbudapest.hu\/#organization"},"potentialAction":[{"@type":"SearchAction","target":{"@type":"EntryPoint","urlTemplate":"https:\/\/chilifitnessbudapest.hu\/?s={search_term_string}"},"query-input":{"@type":"PropertyValueSpecification","valueRequired":true,"valueName":"search_term_string"}}],"inLanguage":"en-US"},{"@type":"Organization","@id":"https:\/\/chilifitnessbudapest.hu\/#organization","name":"CHILI FITNESS BUDAPEST","url":"https:\/\/chilifitnessbudapest.hu\/","logo":{"@type":"ImageObject","inLanguage":"en-US","@id":"https:\/\/chilifitnessbudapest.hu\/#\/schema\/logo\/image\/","url":"https:\/\/chilifitnessbudapest.hu\/wp-content\/uploads\/2023\/03\/chili-1000.png","contentUrl":"https:\/\/chilifitnessbudapest.hu\/wp-content\/uploads\/2023\/03\/chili-1000.png","width":1000,"height":1000,"caption":"CHILI FITNESS BUDAPEST"},"image":{"@id":"https:\/\/chilifitnessbudapest.hu\/#\/schema\/logo\/image\/"}}]}},"_links":{"self":[{"href":"https:\/\/chilifitnessbudapest.hu\/en\/wp-json\/wp\/v2\/pages\/2450","targetHints":{"allow":["GET"]}}],"collection":[{"href":"https:\/\/chilifitnessbudapest.hu\/en\/wp-json\/wp\/v2\/pages"}],"about":[{"href":"https:\/\/chilifitnessbudapest.hu\/en\/wp-json\/wp\/v2\/types\/page"}],"author":[{"embeddable":true,"href":"https:\/\/chilifitnessbudapest.hu\/en\/wp-json\/wp\/v2\/users\/1"}],"replies":[{"embeddable":true,"href":"https:\/\/chilifitnessbudapest.hu\/en\/wp-json\/wp\/v2\/comments?post=2450"}],"version-history":[{"count":62,"href":"https:\/\/chilifitnessbudapest.hu\/en\/wp-json\/wp\/v2\/pages\/2450\/revisions"}],"predecessor-version":[{"id":7558,"href":"https:\/\/chilifitnessbudapest.hu\/en\/wp-json\/wp\/v2\/pages\/2450\/revisions\/7558"}],"wp:featuredmedia":[{"embeddable":true,"href":"https:\/\/chilifitnessbudapest.hu\/en\/wp-json\/wp\/v2\/media\/6587"}],"wp:attachment":[{"href":"https:\/\/chilifitnessbudapest.hu\/en\/wp-json\/wp\/v2\/media?parent=2450"}],"curies":[{"name":"wp","href":"https:\/\/api.w.org\/{rel}","templated":true}]}}