{"id":5512,"date":"2023-11-06T12:57:50","date_gmt":"2023-11-06T11:57:50","guid":{"rendered":"https:\/\/chilifitnessbudapest.hu\/?page_id=5512"},"modified":"2025-01-05T12:37:17","modified_gmt":"2025-01-05T11:37:17","slug":"borbely","status":"publish","type":"page","link":"https:\/\/chilifitnessbudapest.hu\/de\/borbely\/","title":{"rendered":"Friseur"},"content":{"rendered":"<div data-elementor-type=\"wp-page\" data-elementor-id=\"5512\" class=\"elementor elementor-5512\" data-elementor-post-type=\"page\">\n\t\t\t\t<div class=\"elementor-element elementor-element-2cfa6034 e-con-full e-flex e-con e-parent\" data-id=\"2cfa6034\" data-element_type=\"container\" data-e-type=\"container\" data-settings=\"{&quot;background_background&quot;:&quot;classic&quot;}\">\n\t\t\t\t<div class=\"elementor-element elementor-element-eeb542e elementor-widget elementor-widget-heading\" data-id=\"eeb542e\" data-element_type=\"widget\" data-e-type=\"widget\" data-widget_type=\"heading.default\">\n\t\t\t\t\t<h2 class=\"elementor-heading-title elementor-size-default\"><span style=\"color: #D20007\">Chili Friseur <\/span><br>Wir haben er\u00f6ffnet!<\/h2>\t\t\t\t<\/div>\n\t\t\t\t<div class=\"elementor-element elementor-element-fa4d65c elementor-widget elementor-widget-text-editor\" data-id=\"fa4d65c\" data-element_type=\"widget\" data-e-type=\"widget\" data-widget_type=\"text-editor.default\">\n\t\t\t\t\t\t\t\t\t<p style=\"text-align: center;\"><strong>Wir freuen uns, bekannt zu geben, dass unser Friseursalon im Chili Fitness in \u00dajbuda seine T\u00fcren ge\u00f6ffnet hat!<\/strong><\/p><p style=\"text-align: center;\">Im Rahmen unseres Er\u00f6ffnungsangebots kann der \u201eHerrenhaarschnitt\u201d f\u00fcr eine begrenzte Zeit zum Preis von 5.500 Ft in Anspruch genommen werden!<\/p>\t\t\t\t\t\t\t\t<\/div>\n\t\t\t\t<div class=\"elementor-element elementor-element-2be9301 elementor-mobile-align-center elementor-hidden-desktop elementor-hidden-tablet elementor-widget elementor-widget-button\" data-id=\"2be9301\" data-element_type=\"widget\" data-e-type=\"widget\" data-widget_type=\"button.default\">\n\t\t\t\t\t\t\t\t\t\t<a class=\"elementor-button elementor-button-link elementor-size-sm\" href=\"#foglalas\">\n\t\t\t\t\t\t<span class=\"elementor-button-content-wrapper\">\n\t\t\t\t\t\t\t\t\t<span class=\"elementor-button-text\">Ich buche einen Termin<\/span>\n\t\t\t\t\t<\/span>\n\t\t\t\t\t<\/a>\n\t\t\t\t\t\t\t\t<\/div>\n\t\t\t\t<\/div>\n\t\t<div class=\"elementor-element elementor-element-6c2ba67a e-flex e-con-boxed e-con e-parent\" data-id=\"6c2ba67a\" data-element_type=\"container\" data-e-type=\"container\">\n\t\t\t\t\t<div class=\"e-con-inner\">\n\t\t<div class=\"elementor-element elementor-element-6d42584a e-flex e-con-boxed e-con e-child\" data-id=\"6d42584a\" data-element_type=\"container\" data-e-type=\"container\">\n\t\t\t\t\t<div class=\"e-con-inner\">\n\t\t\t\t<div class=\"elementor-element elementor-element-ff94e7a elementor-widget elementor-widget-shortcode\" data-id=\"ff94e7a\" data-element_type=\"widget\" data-e-type=\"widget\" id=\"foglalas\" data-widget_type=\"shortcode.default\">\n\t\t\t\t\t\t\t<div class=\"elementor-shortcode\"><div class=\"latepoint-book-form-wrapper os-loading os_init_booking_form\" id=\"latepointBookForm_69e02d6f6b920\" data-selected-location=\"1\" >\n\t\t\t\t\t\t<div class=\"latepoint-w latepoint-inline-form latepoint-show-side-panel\">\n\t\t\t\t\t\t\t<div class=\"latepoint-booking-form-element\">\n\t\t\t\t\t\t\t\t<div class=\"latepoint-side-panel\"><\/div>\n\t\t\t\t\t\t\t\t<div class=\"latepoint-form-w\"><\/div>\n\t\t\t\t\t\t\t<\/div>\n\t\t\t\t\t\t<\/div>\n\t\t\t\t\t<\/div><\/div>\n\t\t\t\t\t\t<\/div>\n\t\t\t\t<div class=\"elementor-element elementor-element-51def22 elementor-widget elementor-widget-text-editor\" data-id=\"51def22\" data-element_type=\"widget\" data-e-type=\"widget\" data-widget_type=\"text-editor.default\">\n\t\t\t\t\t\t\t\t\t<p>Als einzigartiges Angebot in Ungarn haben wir diese Neuerung unter Ber\u00fccksichtigung des Komfortfaktors f\u00fcr euch gebracht. Die besten Friseure Budapests erwarten euch Tag f\u00fcr Tag!<\/p><p><strong>Im Rahmen unseres Er\u00f6ffnungsangebots kann der \u201eHerrenrabatt-Haarschnitt\u201d zum Preis von 5.500 Ft in Anspruch genommen werden!<\/strong><\/p><p>Registriere dich \u00fcber das hier verf\u00fcgbare Terminbuchungssystem f\u00fcr die von dir gew\u00e4hlte Dienstleistung zu dem von dir gew\u00e4hlten Zeitpunkt und erlebe, wie es ist, zur Chili-Familie zu geh\u00f6ren!<\/p>\t\t\t\t\t\t\t\t<\/div>\n\t\t\t\t<div class=\"elementor-element elementor-element-88ea2be elementor-widget elementor-widget-heading\" data-id=\"88ea2be\" data-element_type=\"widget\" data-e-type=\"widget\" data-widget_type=\"heading.default\">\n\t\t\t\t\t<h2 class=\"elementor-heading-title elementor-size-default\"><span style=\"color: #D20007\">Buche einen Termin<\/span> online!<\/h2>\t\t\t\t<\/div>\n\t\t\t\t\t<\/div>\n\t\t\t\t<\/div>\n\t\t\t\t\t<\/div>\n\t\t\t\t<\/div>\n\t\t\t\t<\/div>","protected":false},"excerpt":{"rendered":"<p>chili borb\u00e9ly megnyitottunk! \u00d6r\u00f6mmel jelentj\u00fck be, hogy leg\u00fajabb szolg\u00e1ltat\u00e1sunk keret\u00e9n bel\u00fcl megnyitotta kaputi a Chili Fitness \u00fajbudai term\u00e9ben tal\u00e1lhat\u00f3 borb\u00e9ly szalonunk! A nyit\u00e1si aj\u00e1nlatunk keret\u00e9n bel\u00fcl a &#8222;F\u00e9rfi hajv\u00e1g\u00e1s&#8221;korl\u00e1tozott ideig 5.500 Ft-os \u00e1ron vehet\u0151 ig\u00e9nybe! Id\u0151pontot foglalok Magyarorsz\u00e1gon egyed\u00fcl\u00e1ll\u00f3k\u00e9nt, a k\u00e9nyelmi faktort szem el\u0151tt tartva hoztuk el nektek ezt az \u00faj\u00edt\u00e1st. Budapest legjobb borb\u00e9lyai v\u00e1rnak [&hellip;]<\/p>\n","protected":false},"author":1,"featured_media":0,"parent":0,"menu_order":0,"comment_status":"closed","ping_status":"closed","template":"","meta":{"_acf_changed":false,"footnotes":""},"class_list":["post-5512","page","type-page","status-publish","hentry"],"acf":[],"yoast_head":"<!-- This site is optimized with the Yoast SEO plugin v27.4 - https:\/\/yoast.com\/product\/yoast-seo-wordpress\/ -->\n<title>Borb\u00e9ly - Chili Fitness - Edz\u0151termek Budapest<\/title>\n<meta name=\"description\" content=\"Foglalj ingyenesen id\u0151pontot november 17-\u00e9n eg\u00e9sz nap!\" \/>\n<meta name=\"robots\" content=\"index, follow, max-snippet:-1, max-image-preview:large, max-video-preview:-1\" \/>\n<link rel=\"canonical\" href=\"https:\/\/chilifitnessbudapest.hu\/de\/borbely\/\" \/>\n<meta property=\"og:locale\" content=\"de_DE\" \/>\n<meta property=\"og:type\" content=\"article\" \/>\n<meta property=\"og:title\" content=\"Borb\u00e9ly - Chili Fitness - Edz\u0151termek Budapest\" \/>\n<meta property=\"og:description\" content=\"Foglalj ingyenesen id\u0151pontot november 17-\u00e9n eg\u00e9sz nap!\" \/>\n<meta property=\"og:url\" content=\"https:\/\/chilifitnessbudapest.hu\/de\/borbely\/\" \/>\n<meta property=\"og:site_name\" content=\"Chili Fitness - Edz\u0151termek Budapest\" \/>\n<meta property=\"article:modified_time\" content=\"2025-01-05T11:37:17+00:00\" \/>\n<meta property=\"og:image\" content=\"https:\/\/chilifitnessbudapest.hu\/wp-content\/uploads\/2023\/03\/chili-1200.png\" \/>\n\t<meta property=\"og:image:width\" content=\"1200\" \/>\n\t<meta property=\"og:image:height\" content=\"675\" \/>\n\t<meta property=\"og:image:type\" content=\"image\/png\" \/>\n<meta name=\"twitter:card\" content=\"summary_large_image\" \/>\n<script type=\"application\/ld+json\" class=\"yoast-schema-graph\">{\"@context\":\"https:\\\/\\\/schema.org\",\"@graph\":[{\"@type\":\"WebPage\",\"@id\":\"https:\\\/\\\/chilifitnessbudapest.hu\\\/borbely\\\/\",\"url\":\"https:\\\/\\\/chilifitnessbudapest.hu\\\/borbely\\\/\",\"name\":\"Borb\u00e9ly - Chili Fitness - Edz\u0151termek Budapest\",\"isPartOf\":{\"@id\":\"https:\\\/\\\/chilifitnessbudapest.hu\\\/#website\"},\"datePublished\":\"2023-11-06T11:57:50+00:00\",\"dateModified\":\"2025-01-05T11:37:17+00:00\",\"description\":\"Foglalj ingyenesen id\u0151pontot november 17-\u00e9n eg\u00e9sz nap!\",\"breadcrumb\":{\"@id\":\"https:\\\/\\\/chilifitnessbudapest.hu\\\/borbely\\\/#breadcrumb\"},\"inLanguage\":\"de\",\"potentialAction\":[{\"@type\":\"ReadAction\",\"target\":[\"https:\\\/\\\/chilifitnessbudapest.hu\\\/borbely\\\/\"]}]},{\"@type\":\"BreadcrumbList\",\"@id\":\"https:\\\/\\\/chilifitnessbudapest.hu\\\/borbely\\\/#breadcrumb\",\"itemListElement\":[{\"@type\":\"ListItem\",\"position\":1,\"name\":\"Kezd\u0151lap\",\"item\":\"https:\\\/\\\/chilifitnessbudapest.hu\\\/\"},{\"@type\":\"ListItem\",\"position\":2,\"name\":\"Borb\u00e9ly\"}]},{\"@type\":\"WebSite\",\"@id\":\"https:\\\/\\\/chilifitnessbudapest.hu\\\/#website\",\"url\":\"https:\\\/\\\/chilifitnessbudapest.hu\\\/\",\"name\":\"Chili Fitness - Edz\u0151termek Budapest\",\"description\":\"Edz\u0151termek 4 helyen Budapesten\",\"publisher\":{\"@id\":\"https:\\\/\\\/chilifitnessbudapest.hu\\\/#organization\"},\"potentialAction\":[{\"@type\":\"SearchAction\",\"target\":{\"@type\":\"EntryPoint\",\"urlTemplate\":\"https:\\\/\\\/chilifitnessbudapest.hu\\\/?s={search_term_string}\"},\"query-input\":{\"@type\":\"PropertyValueSpecification\",\"valueRequired\":true,\"valueName\":\"search_term_string\"}}],\"inLanguage\":\"de\"},{\"@type\":\"Organization\",\"@id\":\"https:\\\/\\\/chilifitnessbudapest.hu\\\/#organization\",\"name\":\"CHILI FITNESS BUDAPEST\",\"url\":\"https:\\\/\\\/chilifitnessbudapest.hu\\\/\",\"logo\":{\"@type\":\"ImageObject\",\"inLanguage\":\"de\",\"@id\":\"https:\\\/\\\/chilifitnessbudapest.hu\\\/#\\\/schema\\\/logo\\\/image\\\/\",\"url\":\"https:\\\/\\\/chilifitnessbudapest.hu\\\/wp-content\\\/uploads\\\/2023\\\/03\\\/chili-1000.png\",\"contentUrl\":\"https:\\\/\\\/chilifitnessbudapest.hu\\\/wp-content\\\/uploads\\\/2023\\\/03\\\/chili-1000.png\",\"width\":1000,\"height\":1000,\"caption\":\"CHILI FITNESS BUDAPEST\"},\"image\":{\"@id\":\"https:\\\/\\\/chilifitnessbudapest.hu\\\/#\\\/schema\\\/logo\\\/image\\\/\"}}]}<\/script>\n<!-- \/ Yoast SEO plugin. -->","yoast_head_json":{"title":"Borb\u00e9ly - Chili Fitness - Fitnessstudios Budapest","description":"Buche kostenlos einen Termin am 17. November den ganzen Tag!","robots":{"index":"index","follow":"follow","max-snippet":"max-snippet:-1","max-image-preview":"max-image-preview:large","max-video-preview":"max-video-preview:-1"},"canonical":"https:\/\/chilifitnessbudapest.hu\/de\/borbely\/","og_locale":"de_DE","og_type":"article","og_title":"Borb\u00e9ly - Chili Fitness - Edz\u0151termek Budapest","og_description":"Foglalj ingyenesen id\u0151pontot november 17-\u00e9n eg\u00e9sz nap!","og_url":"https:\/\/chilifitnessbudapest.hu\/de\/borbely\/","og_site_name":"Chili Fitness - Edz\u0151termek Budapest","article_modified_time":"2025-01-05T11:37:17+00:00","og_image":[{"width":1200,"height":675,"url":"https:\/\/chilifitnessbudapest.hu\/wp-content\/uploads\/2023\/03\/chili-1200.png","type":"image\/png"}],"twitter_card":"summary_large_image","schema":{"@context":"https:\/\/schema.org","@graph":[{"@type":"WebPage","@id":"https:\/\/chilifitnessbudapest.hu\/borbely\/","url":"https:\/\/chilifitnessbudapest.hu\/borbely\/","name":"Borb\u00e9ly - Chili Fitness - Fitnessstudios Budapest","isPartOf":{"@id":"https:\/\/chilifitnessbudapest.hu\/#website"},"datePublished":"2023-11-06T11:57:50+00:00","dateModified":"2025-01-05T11:37:17+00:00","description":"Buche kostenlos einen Termin am 17. November den ganzen Tag!","breadcrumb":{"@id":"https:\/\/chilifitnessbudapest.hu\/borbely\/#breadcrumb"},"inLanguage":"de","potentialAction":[{"@type":"ReadAction","target":["https:\/\/chilifitnessbudapest.hu\/borbely\/"]}]},{"@type":"BreadcrumbList","@id":"https:\/\/chilifitnessbudapest.hu\/borbely\/#breadcrumb","itemListElement":[{"@type":"ListItem","position":1,"name":"Kezd\u0151lap","item":"https:\/\/chilifitnessbudapest.hu\/"},{"@type":"ListItem","position":2,"name":"Borb\u00e9ly"}]},{"@type":"WebSite","@id":"https:\/\/chilifitnessbudapest.hu\/#website","url":"https:\/\/chilifitnessbudapest.hu\/","name":"Chili Fitness - Fitnessstudios Budapest","description":"Fitnessstudios an 4 Orten in Budapest","publisher":{"@id":"https:\/\/chilifitnessbudapest.hu\/#organization"},"potentialAction":[{"@type":"SearchAction","target":{"@type":"EntryPoint","urlTemplate":"https:\/\/chilifitnessbudapest.hu\/?s={search_term_string}"},"query-input":{"@type":"PropertyValueSpecification","valueRequired":true,"valueName":"search_term_string"}}],"inLanguage":"de"},{"@type":"Organization","@id":"https:\/\/chilifitnessbudapest.hu\/#organization","name":"CHILI FITNESS BUDAPEST","url":"https:\/\/chilifitnessbudapest.hu\/","logo":{"@type":"ImageObject","inLanguage":"de","@id":"https:\/\/chilifitnessbudapest.hu\/#\/schema\/logo\/image\/","url":"https:\/\/chilifitnessbudapest.hu\/wp-content\/uploads\/2023\/03\/chili-1000.png","contentUrl":"https:\/\/chilifitnessbudapest.hu\/wp-content\/uploads\/2023\/03\/chili-1000.png","width":1000,"height":1000,"caption":"CHILI FITNESS BUDAPEST"},"image":{"@id":"https:\/\/chilifitnessbudapest.hu\/#\/schema\/logo\/image\/"}}]}},"_links":{"self":[{"href":"https:\/\/chilifitnessbudapest.hu\/de\/wp-json\/wp\/v2\/pages\/5512","targetHints":{"allow":["GET"]}}],"collection":[{"href":"https:\/\/chilifitnessbudapest.hu\/de\/wp-json\/wp\/v2\/pages"}],"about":[{"href":"https:\/\/chilifitnessbudapest.hu\/de\/wp-json\/wp\/v2\/types\/page"}],"author":[{"embeddable":true,"href":"https:\/\/chilifitnessbudapest.hu\/de\/wp-json\/wp\/v2\/users\/1"}],"replies":[{"embeddable":true,"href":"https:\/\/chilifitnessbudapest.hu\/de\/wp-json\/wp\/v2\/comments?post=5512"}],"version-history":[{"count":64,"href":"https:\/\/chilifitnessbudapest.hu\/de\/wp-json\/wp\/v2\/pages\/5512\/revisions"}],"predecessor-version":[{"id":6234,"href":"https:\/\/chilifitnessbudapest.hu\/de\/wp-json\/wp\/v2\/pages\/5512\/revisions\/6234"}],"wp:attachment":[{"href":"https:\/\/chilifitnessbudapest.hu\/de\/wp-json\/wp\/v2\/media?parent=5512"}],"curies":[{"name":"wp","href":"https:\/\/api.w.org\/{rel}","templated":true}]}}