{"id":2502,"date":"2022-10-17T13:23:29","date_gmt":"2022-10-17T11:23:29","guid":{"rendered":"https:\/\/chilifitnessbudapest.hu\/?page_id=2502"},"modified":"2025-11-19T11:17:14","modified_gmt":"2025-11-19T10:17:14","slug":"ujbuda-vorstellung","status":"publish","type":"page","link":"https:\/\/chilifitnessbudapest.hu\/de\/ujbuda-bemutatkozas\/","title":{"rendered":"Fitnessstudio Budapest \u00dajbuda Vorstellung | Chili Fitness"},"content":{"rendered":"<div data-elementor-type=\"wp-page\" data-elementor-id=\"2502\" class=\"elementor elementor-2502\" data-elementor-post-type=\"page\">\n\t\t\t\t<div class=\"elementor-element elementor-element-301fa976 e-flex e-con-boxed e-con e-parent\" data-id=\"301fa976\" data-element_type=\"container\" data-e-type=\"container\" data-settings=\"{&quot;background_background&quot;:&quot;classic&quot;}\">\n\t\t\t\t\t<div class=\"e-con-inner\">\n\t\t<div class=\"elementor-element elementor-element-6d72a4d6 e-con-full e-flex e-con e-child\" data-id=\"6d72a4d6\" data-element_type=\"container\" data-e-type=\"container\">\n\t\t\t\t<div class=\"elementor-element elementor-element-57552521 elementor-widget elementor-widget-heading\" data-id=\"57552521\" data-element_type=\"widget\" data-e-type=\"widget\" data-widget_type=\"heading.default\">\n\t\t\t\t\t<h1 class=\"elementor-heading-title elementor-size-default\"><span style=\"color: #D20007\">Chili Fitness \u00dajbuda<\/span><br>Budapests modernstes Fitnessstudio<\/h1>\t\t\t\t<\/div>\n\t\t\t\t<\/div>\n\t\t\t\t\t<\/div>\n\t\t\t\t<\/div>\n\t\t<div class=\"elementor-element elementor-element-10c47a31 e-flex e-con-boxed e-con e-parent\" data-id=\"10c47a31\" data-element_type=\"container\" data-e-type=\"container\">\n\t\t\t\t\t<div class=\"e-con-inner\">\n\t\t\t\t<div class=\"elementor-element elementor-element-1ebcedb3 animated-slow elementor-view-default elementor-invisible elementor-widget elementor-widget-icon\" data-id=\"1ebcedb3\" data-element_type=\"widget\" data-e-type=\"widget\" data-settings=\"{&quot;_animation&quot;:&quot;fadeInDown&quot;,&quot;_animation_mobile&quot;:&quot;fadeInDown&quot;}\" data-widget_type=\"icon.default\">\n\t\t\t\t\t\t\t<div class=\"elementor-icon-wrapper\">\n\t\t\t<div class=\"elementor-icon\">\n\t\t\t<svg aria-hidden=\"true\" class=\"e-font-icon-svg e-fas-chevron-down\" viewbox=\"0 0 448 512\" xmlns=\"http:\/\/www.w3.org\/2000\/svg\"><path d=\"M207.029 381.476L12.686 187.132c-9.373-9.373-9.373-24.569 0-33.941l22.667-22.667c9.357-9.357 24.522-9.375 33.901-.04L224 284.505l154.745-154.021c9.379-9.335 24.544-9.317 33.901.04l22.667 22.667c9.373 9.373 9.373 24.569 0 33.941L240.971 381.476c-9.373 9.372-24.569 9.372-33.942 0z\"><\/path><\/svg>\t\t\t<\/div>\n\t\t<\/div>\n\t\t\t\t\t\t<\/div>\n\t\t\t\t\t<\/div>\n\t\t\t\t<\/div>\n\t\t<div class=\"elementor-element elementor-element-4c2303b e-flex e-con-boxed e-con e-parent\" data-id=\"4c2303b\" data-element_type=\"container\" data-e-type=\"container\" data-settings=\"{&quot;background_background&quot;:&quot;classic&quot;}\">\n\t\t\t\t\t<div class=\"e-con-inner\">\n\t\t<div class=\"elementor-element elementor-element-2cc5569 e-con-full e-flex e-con e-child\" data-id=\"2cc5569\" data-element_type=\"container\" data-e-type=\"container\">\n\t\t\t\t<div class=\"elementor-element elementor-element-99cff9f elementor-widget__width-initial elementor-widget-tablet__width-inherit elementor-widget elementor-widget-heading\" data-id=\"99cff9f\" data-element_type=\"widget\" data-e-type=\"widget\" data-widget_type=\"heading.default\">\n\t\t\t\t\t<h1 class=\"elementor-heading-title elementor-size-default\">Chili Fitness 5 \u00dajbuda \u2013 Preisliste <\/h1>\t\t\t\t<\/div>\n\t\t\t\t<div class=\"elementor-element elementor-element-f06b808 elementor-widget__width-initial elementor-widget-tablet__width-inherit elementor-widget elementor-widget-heading\" data-id=\"f06b808\" data-element_type=\"widget\" data-e-type=\"widget\" data-widget_type=\"heading.default\">\n\t\t\t\t\t<h1 class=\"elementor-heading-title elementor-size-default\">Tageskarte, Mitgliedschaften und AYCM-Kartenakzeptanz in \u00dajbuda<\/h1>\t\t\t\t<\/div>\n\t\t\t\t<\/div>\n\t\t\t\t\t<\/div>\n\t\t\t\t<\/div>\n\t\t<div class=\"elementor-element elementor-element-8243e0a e-flex e-con-boxed e-con e-parent\" data-id=\"8243e0a\" data-element_type=\"container\" data-e-type=\"container\" data-settings=\"{&quot;background_background&quot;:&quot;classic&quot;}\">\n\t\t\t\t\t<div class=\"e-con-inner\">\n\t\t\t\t<div class=\"elementor-element elementor-element-df036cc elementor-widget elementor-widget-text-editor\" data-id=\"df036cc\" data-element_type=\"widget\" data-e-type=\"widget\" data-widget_type=\"text-editor.default\">\n\t\t\t\t\t\t\t\t\t<p class=\"p1\">Im Dezember 2019 haben wir eines der modernsten und hochwertigsten Fitnessstudios in \u00dajbuda, das Chili Fitness 5, er\u00f6ffnet, das auf 1600 m\u00b2 Trainingsm\u00f6glichkeiten f\u00fcr alle Sportbegeisterten bietet. Das Ziel von Chili Fitness war von Anfang an, sich unter den Budapester Fitnessstudios durch seine Dienstleistungen, Umgebung und einzigartige Ausstattung hervorzuheben. Im Jahr 2022 haben wir unser Angebot um einen \u00fcber 200 m\u00b2 gro\u00dfen Outdoor-Fitnesspark erweitert, der das ganze Jahr \u00fcber zu jeder Tageszeit genutzt werden kann, sodass unsere G\u00e4ste auch an der frischen Luft trainieren k\u00f6nnen. Die besondere Atmosph\u00e4re des Studios wird durch die 10 Meter hohe Decke und die einzigartige, \u00fcppige Vegetation geschaffen, die oft den Eindruck erweckt, als w\u00e4ren wir gleichzeitig drinnen und drau\u00dfen. Dieses naturnahe Erlebnis ist unter den Budapester Fitnessstudios eine Seltenheit und macht jedes Training inspirierender.<\/p><p class=\"p1\">Bei der Gestaltung des Ger\u00e4teparks von Chili Fitness 5 haben wir keine Kompromisse eingegangen. Das Studio bietet ausschlie\u00dflich Ger\u00e4te von Weltklasse-Marken, darunter PRIME, ATLANTIS, PANATTA, CYBEX, ROGERS PENDULUM und HOIST, die ein effektives und sicheres Training garantieren. Unser Cardiobereich befindet sich auf einer 230 m\u00b2 gro\u00dfen Galerie, wo die modernsten OCTANE-Ger\u00e4te auf die G\u00e4ste warten. Zur Abwechslung gibt es auf dieser Ebene auch einen Boxsack, sodass auch Kampfsportliebhaber die passende Trainingsform finden k\u00f6nnen.<\/p><p class=\"p1\">Zum vollst\u00e4ndigen Fitnesserlebnis geh\u00f6rt auch die Bereitstellung von Regeneration und erg\u00e4nzenden Dienstleistungen. Unsere G\u00e4ste k\u00f6nnen nach dem Sport die Sauna nutzen, um sich zu entspannen und neue Energie zu tanken, oder das Solarium in Anspruch nehmen, das hilft, einen gesunden, sonnengebr\u00e4unten Teint zu bewahren. An der Rezeption sind die Produkte der besten Nahrungserg\u00e4nzungsmittelmarken in gro\u00dfer Auswahl erh\u00e4ltlich, sei es vor dem Training zur Energiegewinnung oder nach dem Training f\u00fcr die Proteinzufuhr. Unsere geschulten Rezeptionsmitarbeiter stehen jederzeit bereit, um bei der Auswahl des richtigen Produkts zu beraten, sodass unsere G\u00e4ste sicher sein k\u00f6nnen, dass ihr Training in jeder Hinsicht unterst\u00fctzt wird.<\/p><p class=\"p1\">Chili Fitness 5 hebt sich nicht nur durch seine Ausstattung und Atmosph\u00e4re von den Budapester Fitnessstudios ab, sondern auch durch sein hochqualifiziertes Team von Personal Trainern. Unsere erfahrenen Trainer helfen bei der Erstellung individueller Trainingspl\u00e4ne, sei es zur Gewichtsreduktion, Muskelaufbau, Ausdauersteigerung oder Rehabilitationsprogrammen. Neben der fachlichen Qualifikation bieten unsere Trainer echte Motivation, sodass jeder Gast seinen Zielen n\u00e4her kommen und seine Begeisterung f\u00fcr das Training langfristig aufrechterhalten kann.<\/p><p class=\"p1\">Chili Fitness 5 ist die perfekte Wahl f\u00fcr alle, die in \u00dajbuda oder in jedem anderen Teil von Budapest nach einem modernen, gut ausgestatteten und inspirierenden Fitnessstudio suchen. Der Premium-Ger\u00e4tepark, die gro\u00dfz\u00fcgige und gr\u00fcne Umgebung, der Outdoor-Fitnesspark, die Wellness-Dienstleistungen und die fachkundigen Personal Trainer machen Chili Fitness 5 zu einem der besten Fitnessstudios in Budapest. Schlie\u00dfe dich uns an und erlebe das besondere Fitnesserlebnis, das alles bietet, um deine Ziele zu erreichen und langfristig ein gesundes, energisches Leben zu f\u00fchren.<\/p>\t\t\t\t\t\t\t\t<\/div>\n\t\t\t\t\t<\/div>\n\t\t\t\t<\/div>\n\t\t\t\t<\/div>","protected":false},"excerpt":{"rendered":"<p>Chili fitness \u00dajbudabudapest legmodernebb edz\u0151terme Chili Fitness 5 \u00dajbuda \u2013 \u00c1rlista Napi jegy, b\u00e9rletek \u00e9s AYCM k\u00e1rtya elfogad\u00e1s \u00dajbud\u00e1n 2019 december\u00e9ben megnyitottuk \u00dajbuda egyik legmodernebb \u00e9s legpr\u00e9miumabb edz\u0151term\u00e9t, a Chili Fitness 5-\u00f6t, amely 1600 m\u00b2-en k\u00edn\u00e1l edz\u00e9slehet\u0151s\u00e9get minden sportkedvel\u0151 sz\u00e1m\u00e1ra. A Chili Fitness c\u00e9lja m\u00e1r a kezdetekt\u0151l az volt, hogy a budapesti edz\u0151termek k\u00f6z\u00f6tt is [&hellip;]<\/p>\n","protected":false},"author":1,"featured_media":0,"parent":0,"menu_order":0,"comment_status":"closed","ping_status":"closed","template":"","meta":{"_acf_changed":false,"footnotes":""},"class_list":["post-2502","page","type-page","status-publish","hentry"],"acf":[],"yoast_head":"<!-- This site is optimized with the Yoast SEO plugin v27.4 - https:\/\/yoast.com\/product\/yoast-seo-wordpress\/ -->\n<title>Edz\u0151terem Budapest \u00dajbuda bemutatkoz\u00e1s | Chili Fitness - Chili Fitness - Edz\u0151termek Budapest<\/title>\n<meta name=\"description\" content=\"Ismerd meg a Chili Fitness \u00fajbuda edz\u0151termet. A budapesti konditerem modern g\u00e9pparkkal, k\u00e9nyelmes k\u00f6rnyezettel \u00e9s vend\u00e9gk\u00f6zpont\u00fa szeml\u00e9lettel v\u00e1r minden szinten edz\u0151 l\u00e1togat\u00f3t.\" \/>\n<meta name=\"robots\" content=\"index, follow, max-snippet:-1, max-image-preview:large, max-video-preview:-1\" \/>\n<link rel=\"canonical\" href=\"https:\/\/chilifitnessbudapest.hu\/de\/ujbuda-vorstellung\/\" \/>\n<meta property=\"og:locale\" content=\"de_DE\" \/>\n<meta property=\"og:type\" content=\"article\" \/>\n<meta property=\"og:title\" content=\"Edz\u0151terem Budapest \u00dajbuda bemutatkoz\u00e1s | Chili Fitness - Chili Fitness - Edz\u0151termek Budapest\" \/>\n<meta property=\"og:description\" content=\"Ismerd meg a Chili Fitness \u00fajbuda edz\u0151termet. A budapesti konditerem modern g\u00e9pparkkal, k\u00e9nyelmes k\u00f6rnyezettel \u00e9s vend\u00e9gk\u00f6zpont\u00fa szeml\u00e9lettel v\u00e1r minden szinten edz\u0151 l\u00e1togat\u00f3t.\" \/>\n<meta property=\"og:url\" content=\"https:\/\/chilifitnessbudapest.hu\/de\/ujbuda-vorstellung\/\" \/>\n<meta property=\"og:site_name\" content=\"Chili Fitness - Edz\u0151termek Budapest\" \/>\n<meta property=\"article:modified_time\" content=\"2025-11-19T10:17:14+00:00\" \/>\n<meta property=\"og:image\" content=\"https:\/\/chilifitnessbudapest.hu\/wp-content\/uploads\/2023\/03\/chili-1200.png\" \/>\n\t<meta property=\"og:image:width\" content=\"1200\" \/>\n\t<meta property=\"og:image:height\" content=\"675\" \/>\n\t<meta property=\"og:image:type\" content=\"image\/png\" \/>\n<meta name=\"twitter:card\" content=\"summary_large_image\" \/>\n<meta name=\"twitter:label1\" content=\"Gesch\u00e4tzte Lesezeit\" \/>\n\t<meta name=\"twitter:data1\" content=\"3\u00a0Minuten\" \/>\n<script type=\"application\/ld+json\" class=\"yoast-schema-graph\">{\"@context\":\"https:\\\/\\\/schema.org\",\"@graph\":[{\"@type\":\"WebPage\",\"@id\":\"https:\\\/\\\/chilifitnessbudapest.hu\\\/ujbuda-bemutatkozas\\\/\",\"url\":\"https:\\\/\\\/chilifitnessbudapest.hu\\\/ujbuda-bemutatkozas\\\/\",\"name\":\"Edz\u0151terem Budapest \u00dajbuda bemutatkoz\u00e1s | Chili Fitness - Chili Fitness - Edz\u0151termek Budapest\",\"isPartOf\":{\"@id\":\"https:\\\/\\\/chilifitnessbudapest.hu\\\/#website\"},\"datePublished\":\"2022-10-17T11:23:29+00:00\",\"dateModified\":\"2025-11-19T10:17:14+00:00\",\"description\":\"Ismerd meg a Chili Fitness \u00fajbuda edz\u0151termet. A budapesti konditerem modern g\u00e9pparkkal, k\u00e9nyelmes k\u00f6rnyezettel \u00e9s vend\u00e9gk\u00f6zpont\u00fa szeml\u00e9lettel v\u00e1r minden szinten edz\u0151 l\u00e1togat\u00f3t.\",\"breadcrumb\":{\"@id\":\"https:\\\/\\\/chilifitnessbudapest.hu\\\/ujbuda-bemutatkozas\\\/#breadcrumb\"},\"inLanguage\":\"de\",\"potentialAction\":[{\"@type\":\"ReadAction\",\"target\":[\"https:\\\/\\\/chilifitnessbudapest.hu\\\/ujbuda-bemutatkozas\\\/\"]}]},{\"@type\":\"BreadcrumbList\",\"@id\":\"https:\\\/\\\/chilifitnessbudapest.hu\\\/ujbuda-bemutatkozas\\\/#breadcrumb\",\"itemListElement\":[{\"@type\":\"ListItem\",\"position\":1,\"name\":\"Kezd\u0151lap\",\"item\":\"https:\\\/\\\/chilifitnessbudapest.hu\\\/\"},{\"@type\":\"ListItem\",\"position\":2,\"name\":\"Edz\u0151terem Budapest \u00dajbuda bemutatkoz\u00e1s | Chili Fitness\"}]},{\"@type\":\"WebSite\",\"@id\":\"https:\\\/\\\/chilifitnessbudapest.hu\\\/#website\",\"url\":\"https:\\\/\\\/chilifitnessbudapest.hu\\\/\",\"name\":\"Chili Fitness - Edz\u0151termek Budapest\",\"description\":\"Edz\u0151termek 4 helyen Budapesten\",\"publisher\":{\"@id\":\"https:\\\/\\\/chilifitnessbudapest.hu\\\/#organization\"},\"potentialAction\":[{\"@type\":\"SearchAction\",\"target\":{\"@type\":\"EntryPoint\",\"urlTemplate\":\"https:\\\/\\\/chilifitnessbudapest.hu\\\/?s={search_term_string}\"},\"query-input\":{\"@type\":\"PropertyValueSpecification\",\"valueRequired\":true,\"valueName\":\"search_term_string\"}}],\"inLanguage\":\"de\"},{\"@type\":\"Organization\",\"@id\":\"https:\\\/\\\/chilifitnessbudapest.hu\\\/#organization\",\"name\":\"CHILI FITNESS BUDAPEST\",\"url\":\"https:\\\/\\\/chilifitnessbudapest.hu\\\/\",\"logo\":{\"@type\":\"ImageObject\",\"inLanguage\":\"de\",\"@id\":\"https:\\\/\\\/chilifitnessbudapest.hu\\\/#\\\/schema\\\/logo\\\/image\\\/\",\"url\":\"https:\\\/\\\/chilifitnessbudapest.hu\\\/wp-content\\\/uploads\\\/2023\\\/03\\\/chili-1000.png\",\"contentUrl\":\"https:\\\/\\\/chilifitnessbudapest.hu\\\/wp-content\\\/uploads\\\/2023\\\/03\\\/chili-1000.png\",\"width\":1000,\"height\":1000,\"caption\":\"CHILI FITNESS BUDAPEST\"},\"image\":{\"@id\":\"https:\\\/\\\/chilifitnessbudapest.hu\\\/#\\\/schema\\\/logo\\\/image\\\/\"}}]}<\/script>\n<!-- \/ Yoast SEO plugin. -->","yoast_head_json":{"title":"Fitnessstudio Budapest \u00dajbuda Vorstellung | Chili Fitness - Chili Fitness - Fitnessstudios Budapest","description":"Lernen Sie das Chili Fitness \u00dajbuda Fitnessstudio kennen. Das Budapester Fitnessstudio erwartet Trainer aller Niveaus mit modernen Ger\u00e4ten, einer komfortablen Umgebung und einem gastorientierten Ansatz.","robots":{"index":"index","follow":"follow","max-snippet":"max-snippet:-1","max-image-preview":"max-image-preview:large","max-video-preview":"max-video-preview:-1"},"canonical":"https:\/\/chilifitnessbudapest.hu\/de\/ujbuda-vorstellung\/","og_locale":"de_DE","og_type":"article","og_title":"Edz\u0151terem Budapest \u00dajbuda bemutatkoz\u00e1s | Chili Fitness - Chili Fitness - Edz\u0151termek Budapest","og_description":"Ismerd meg a Chili Fitness \u00fajbuda edz\u0151termet. A budapesti konditerem modern g\u00e9pparkkal, k\u00e9nyelmes k\u00f6rnyezettel \u00e9s vend\u00e9gk\u00f6zpont\u00fa szeml\u00e9lettel v\u00e1r minden szinten edz\u0151 l\u00e1togat\u00f3t.","og_url":"https:\/\/chilifitnessbudapest.hu\/de\/ujbuda-vorstellung\/","og_site_name":"Chili Fitness - Edz\u0151termek Budapest","article_modified_time":"2025-11-19T10:17:14+00:00","og_image":[{"width":1200,"height":675,"url":"https:\/\/chilifitnessbudapest.hu\/wp-content\/uploads\/2023\/03\/chili-1200.png","type":"image\/png"}],"twitter_card":"summary_large_image","twitter_misc":{"Gesch\u00e4tzte Lesezeit":"3\u00a0Minuten"},"schema":{"@context":"https:\/\/schema.org","@graph":[{"@type":"WebPage","@id":"https:\/\/chilifitnessbudapest.hu\/ujbuda-bemutatkozas\/","url":"https:\/\/chilifitnessbudapest.hu\/ujbuda-bemutatkozas\/","name":"Fitnessstudio Budapest \u00dajbuda Vorstellung | Chili Fitness - Chili Fitness - Fitnessstudios Budapest","isPartOf":{"@id":"https:\/\/chilifitnessbudapest.hu\/#website"},"datePublished":"2022-10-17T11:23:29+00:00","dateModified":"2025-11-19T10:17:14+00:00","description":"Lernen Sie das Chili Fitness \u00dajbuda Fitnessstudio kennen. Das Budapester Fitnessstudio erwartet Trainer aller Niveaus mit modernen Ger\u00e4ten, einer komfortablen Umgebung und einem gastorientierten Ansatz.","breadcrumb":{"@id":"https:\/\/chilifitnessbudapest.hu\/ujbuda-bemutatkozas\/#breadcrumb"},"inLanguage":"de","potentialAction":[{"@type":"ReadAction","target":["https:\/\/chilifitnessbudapest.hu\/ujbuda-bemutatkozas\/"]}]},{"@type":"BreadcrumbList","@id":"https:\/\/chilifitnessbudapest.hu\/ujbuda-bemutatkozas\/#breadcrumb","itemListElement":[{"@type":"ListItem","position":1,"name":"Kezd\u0151lap","item":"https:\/\/chilifitnessbudapest.hu\/"},{"@type":"ListItem","position":2,"name":"Edz\u0151terem Budapest \u00dajbuda bemutatkoz\u00e1s | Chili Fitness"}]},{"@type":"WebSite","@id":"https:\/\/chilifitnessbudapest.hu\/#website","url":"https:\/\/chilifitnessbudapest.hu\/","name":"Chili Fitness - Fitnessstudios Budapest","description":"Fitnessstudios an 4 Orten in Budapest","publisher":{"@id":"https:\/\/chilifitnessbudapest.hu\/#organization"},"potentialAction":[{"@type":"SearchAction","target":{"@type":"EntryPoint","urlTemplate":"https:\/\/chilifitnessbudapest.hu\/?s={search_term_string}"},"query-input":{"@type":"PropertyValueSpecification","valueRequired":true,"valueName":"search_term_string"}}],"inLanguage":"de"},{"@type":"Organization","@id":"https:\/\/chilifitnessbudapest.hu\/#organization","name":"CHILI FITNESS BUDAPEST","url":"https:\/\/chilifitnessbudapest.hu\/","logo":{"@type":"ImageObject","inLanguage":"de","@id":"https:\/\/chilifitnessbudapest.hu\/#\/schema\/logo\/image\/","url":"https:\/\/chilifitnessbudapest.hu\/wp-content\/uploads\/2023\/03\/chili-1000.png","contentUrl":"https:\/\/chilifitnessbudapest.hu\/wp-content\/uploads\/2023\/03\/chili-1000.png","width":1000,"height":1000,"caption":"CHILI FITNESS BUDAPEST"},"image":{"@id":"https:\/\/chilifitnessbudapest.hu\/#\/schema\/logo\/image\/"}}]}},"_links":{"self":[{"href":"https:\/\/chilifitnessbudapest.hu\/de\/wp-json\/wp\/v2\/pages\/2502","targetHints":{"allow":["GET"]}}],"collection":[{"href":"https:\/\/chilifitnessbudapest.hu\/de\/wp-json\/wp\/v2\/pages"}],"about":[{"href":"https:\/\/chilifitnessbudapest.hu\/de\/wp-json\/wp\/v2\/types\/page"}],"author":[{"embeddable":true,"href":"https:\/\/chilifitnessbudapest.hu\/de\/wp-json\/wp\/v2\/users\/1"}],"replies":[{"embeddable":true,"href":"https:\/\/chilifitnessbudapest.hu\/de\/wp-json\/wp\/v2\/comments?post=2502"}],"version-history":[{"count":32,"href":"https:\/\/chilifitnessbudapest.hu\/de\/wp-json\/wp\/v2\/pages\/2502\/revisions"}],"predecessor-version":[{"id":7509,"href":"https:\/\/chilifitnessbudapest.hu\/de\/wp-json\/wp\/v2\/pages\/2502\/revisions\/7509"}],"wp:attachment":[{"href":"https:\/\/chilifitnessbudapest.hu\/de\/wp-json\/wp\/v2\/media?parent=2502"}],"curies":[{"name":"wp","href":"https:\/\/api.w.org\/{rel}","templated":true}]}}