{"id":2497,"date":"2022-10-17T13:22:21","date_gmt":"2022-10-17T11:22:21","guid":{"rendered":"https:\/\/chilifitnessbudapest.hu\/?page_id=2497"},"modified":"2025-11-19T11:04:39","modified_gmt":"2025-11-19T10:04:39","slug":"csepel-vorstellung","status":"publish","type":"page","link":"https:\/\/chilifitnessbudapest.hu\/de\/csepel-bemutatkozas\/","title":{"rendered":"Chili Fitness 4 \u2013 Fitnessstudio in Budapest Csepel, auf mehr als 2000 m\u00b2"},"content":{"rendered":"<div data-elementor-type=\"wp-page\" data-elementor-id=\"2497\" class=\"elementor elementor-2497\" data-elementor-post-type=\"page\">\n\t\t\t\t<div class=\"elementor-element elementor-element-5da14943 e-flex e-con-boxed e-con e-parent\" data-id=\"5da14943\" data-element_type=\"container\" data-e-type=\"container\" data-settings=\"{&quot;background_background&quot;:&quot;classic&quot;}\">\n\t\t\t\t\t<div class=\"e-con-inner\">\n\t\t<div class=\"elementor-element elementor-element-c83f3d4 e-con-full e-flex e-con e-child\" data-id=\"c83f3d4\" data-element_type=\"container\" data-e-type=\"container\">\n\t\t\t\t<div class=\"elementor-element elementor-element-3bf699a6 elementor-widget elementor-widget-heading\" data-id=\"3bf699a6\" data-element_type=\"widget\" data-e-type=\"widget\" data-widget_type=\"heading.default\">\n\t\t\t\t\t<h2 class=\"elementor-heading-title elementor-size-default\"><span style=\"color: #D20007\">CSEPEL<\/span><br>Vorstellung<\/h2>\t\t\t\t<\/div>\n\t\t\t\t<\/div>\n\t\t\t\t\t<\/div>\n\t\t\t\t<\/div>\n\t\t<div class=\"elementor-element elementor-element-16fe1310 e-flex e-con-boxed e-con e-parent\" data-id=\"16fe1310\" data-element_type=\"container\" data-e-type=\"container\">\n\t\t\t\t\t<div class=\"e-con-inner\">\n\t\t\t\t<div class=\"elementor-element elementor-element-4456d2dd animated-slow elementor-view-default elementor-invisible elementor-widget elementor-widget-icon\" data-id=\"4456d2dd\" data-element_type=\"widget\" data-e-type=\"widget\" data-settings=\"{&quot;_animation&quot;:&quot;fadeInDown&quot;,&quot;_animation_mobile&quot;:&quot;fadeInDown&quot;}\" data-widget_type=\"icon.default\">\n\t\t\t\t\t\t\t<div class=\"elementor-icon-wrapper\">\n\t\t\t<div class=\"elementor-icon\">\n\t\t\t<svg aria-hidden=\"true\" class=\"e-font-icon-svg e-fas-chevron-down\" viewbox=\"0 0 448 512\" xmlns=\"http:\/\/www.w3.org\/2000\/svg\"><path d=\"M207.029 381.476L12.686 187.132c-9.373-9.373-9.373-24.569 0-33.941l22.667-22.667c9.357-9.357 24.522-9.375 33.901-.04L224 284.505l154.745-154.021c9.379-9.335 24.544-9.317 33.901.04l22.667 22.667c9.373 9.373 9.373 24.569 0 33.941L240.971 381.476c-9.373 9.372-24.569 9.372-33.942 0z\"><\/path><\/svg>\t\t\t<\/div>\n\t\t<\/div>\n\t\t\t\t\t\t<\/div>\n\t\t\t\t\t<\/div>\n\t\t\t\t<\/div>\n\t\t<div class=\"elementor-element elementor-element-6990160 e-flex e-con-boxed e-con e-parent\" data-id=\"6990160\" data-element_type=\"container\" data-e-type=\"container\" data-settings=\"{&quot;background_background&quot;:&quot;classic&quot;}\">\n\t\t\t\t\t<div class=\"e-con-inner\">\n\t\t<div class=\"elementor-element elementor-element-ed58986 e-con-full e-flex e-con e-child\" data-id=\"ed58986\" data-element_type=\"container\" data-e-type=\"container\">\n\t\t\t\t<div class=\"elementor-element elementor-element-c99ebc9 elementor-widget__width-initial elementor-widget-tablet__width-inherit elementor-widget elementor-widget-heading\" data-id=\"c99ebc9\" data-element_type=\"widget\" data-e-type=\"widget\" data-widget_type=\"heading.default\">\n\t\t\t\t\t<h1 class=\"elementor-heading-title elementor-size-default\">Chili Fitness 4 \u2013 Fitnessstudio in Csepel f\u00fcr ein Premium-Trainingserlebnis<\/h1>\t\t\t\t<\/div>\n\t\t\t\t<div class=\"elementor-element elementor-element-ce1273d elementor-widget__width-initial elementor-widget-tablet__width-inherit elementor-widget elementor-widget-heading\" data-id=\"ce1273d\" data-element_type=\"widget\" data-e-type=\"widget\" data-widget_type=\"heading.default\">\n\t\t\t\t\t<h1 class=\"elementor-heading-title elementor-size-default\">Mehr als 2000 m\u00b2 modernes Fitnessstudio mit HOIST- und Octane-Ger\u00e4ten, Kampfsportring, Sauna und zus\u00e4tzlichen Dienstleistungen \ud83d\udcaa\ud83d\udd25<\/h1>\t\t\t\t<\/div>\n\t\t\t\t<\/div>\n\t\t\t\t\t<\/div>\n\t\t\t\t<\/div>\n\t\t<div class=\"elementor-element elementor-element-7269b35 e-flex e-con-boxed e-con e-parent\" data-id=\"7269b35\" data-element_type=\"container\" data-e-type=\"container\" data-settings=\"{&quot;background_background&quot;:&quot;classic&quot;}\">\n\t\t\t\t\t<div class=\"e-con-inner\">\n\t\t\t\t<div class=\"elementor-element elementor-element-20b1a42 elementor-widget elementor-widget-text-editor\" data-id=\"20b1a42\" data-element_type=\"widget\" data-e-type=\"widget\" data-widget_type=\"text-editor.default\">\n\t\t\t\t\t\t\t\t\t<p class=\"p1\">A <span class=\"s1\"><b>Chili Fitness 4 Csepel<\/b><\/span> Er\u00f6ffnet im November 2016, damit auch die lokalen Sportbegeisterten das Premium-Fitnessstudio-Erlebnis genie\u00dfen k\u00f6nnen. Mehr als <span class=\"s1\"><b>2000 m\u00b2 Fitnessstudio<\/b><\/span> erf\u00fcllt alle Bed\u00fcrfnisse, sei es Krafttraining, Ausdauertraining, Kampfsport oder Entspannung und Regeneration.<\/p><p class=\"p1\">Bei der Auswahl der Ger\u00e4te haben wir nichts dem Zufall \u00fcberlassen:<\/p><ul><li><p class=\"p1\"><span class=\"s1\"><b>HOIST Spitzenklasse Kraftger\u00e4te<\/b><\/span> \ud83d\udcaa \u2013 f\u00fcr pr\u00e4ventives, rehabilitatives und Krafttraining.<\/p><\/li><li><p class=\"p1\"><span class=\"s1\"><b>Octane Cardioger\u00e4te<\/b><\/span> \ud83d\udeb4\u200d\u2640\ufe0f \u2013 die effektivsten Werkzeuge f\u00fcr Laufen, Ausdauertraining und Fettverbrennung.<\/p><\/li><li><p class=\"p1\"><span class=\"s1\"><b>Eleiko Gewichte und B\u00e4nke<\/b><\/span> \ud83c\udfcb\ufe0f\u200d\u2642\ufe0f \u2013 hochwertige Kraftsportausr\u00fcstung, die von Profis weltweit verwendet wird.<\/p><\/li><\/ul><p class=\"p1\">F\u00fcr diejenigen, die Abwechslung suchen, steht ein <span class=\"s1\"><b>funktioneller Raum<\/b><\/span> und ein vollwertiger <span class=\"s1\"><b>Kampfsportring<\/b><\/span> zur Verf\u00fcgung, in dem Boxen, Kickboxen, MMA oder andere Kampfk\u00fcnste trainiert werden k\u00f6nnen.<\/p><p class=\"p1\">Im Chili Fitness 4 geht es nicht nur um das Training, sondern auch um die Verw\u00f6hnung:<\/p><ul><li><p class=\"p1\"><b>Solarium<\/b><span class=\"s1\"> \u2600\ufe0f<\/span><\/p><\/li><li><p class=\"p1\"><span class=\"s1\"><b>Sauna<\/b><\/span> \ud83e\uddd6\u200d\u2642\ufe0f<\/p><\/li><li><p class=\"p1\"><span class=\"s1\"><b>Proteinbar<\/b><\/span> \ud83e\udd64 mit den besten Marken von Nahrungserg\u00e4nzungsmitteln<\/p><\/li><li><p class=\"p1\"><b>Sch\u00f6nheitssalon<\/b><span class=\"s1\"> \ud83d\udc85<\/span><\/p><\/li><li><p class=\"p1\"><span class=\"s1\"><b>Infrarottrainer, Wellnesmassage und Lymphmassage<\/b><\/span> \ud83c\udf3f \u2013 im Dienste der Regeneration und K\u00f6rperformung.<\/p><\/li><\/ul><p class=\"p1\">An der Rezeption erwarten dich freundliche und kompetente Kollegen, die dir helfen, dich zwischen den Erg\u00e4nzungen zurechtzufinden, sei es ein Pre-Workout-Energizer, Protein oder Produkte zur Unterst\u00fctzung der Regeneration.<\/p><p class=\"p1\">Die G\u00e4ste werden von einem fachlich hochqualifizierten <span class=\"s1\"><b>Personal Trainer-Team<\/b><\/span> bei der Entwicklung unterst\u00fctzt \u2013 vom Anf\u00e4nger bis zum Fortgeschrittenen findet jeder seinen eigenen Weg innerhalb der W\u00e4nde von Chili Fitness 4.<\/p><p class=\"p1\">A <span class=\"s1\"><b>Chili Fitness 4 Csepel<\/b><\/span> das gr\u00f6\u00dfte und am besten ausgestattete Fitnessstudio des Bezirks, wo alles f\u00fcr Sport, Entwicklung und Entspannung gegeben ist.<\/p>\t\t\t\t\t\t\t\t<\/div>\n\t\t\t\t\t<\/div>\n\t\t\t\t<\/div>\n\t\t\t\t<\/div>","protected":false},"excerpt":{"rendered":"<p>Entdecke das Chili Fitness 4 in Csepel! \u00dcber 2000 m\u00b2 Fitnessstudio mit Premium HOIST und Octane Ger\u00e4ten, Eleiko Gewichten, einem Kampfsportring, einem funktionalen Raum, Solarium, Sauna und Sch\u00f6nheitssalon.<\/p>","protected":false},"author":1,"featured_media":0,"parent":0,"menu_order":0,"comment_status":"closed","ping_status":"closed","template":"","meta":{"_acf_changed":false,"footnotes":""},"class_list":["post-2497","page","type-page","status-publish","hentry"],"acf":[],"yoast_head":"<!-- This site is optimized with the Yoast SEO plugin v27.4 - https:\/\/yoast.com\/product\/yoast-seo-wordpress\/ -->\n<title>Chili Fitness 4 \u2013 Budapest edz\u0151terem Csepelen, t\u00f6bb mint 2000 m\u00b2-en - Chili Fitness - Edz\u0151termek Budapest<\/title>\n<meta name=\"description\" content=\"Fedezd fel a Chili Fitness 4 csepeli edz\u0151termet t\u00f6bb mint 2000 m\u00b2 pr\u00e9mium g\u00e9pparkkal. T\u00e1gas t\u00e9r, k\u00e9nyelmes k\u00f6rnyezet \u00e9s minden szinthez ill\u0151 edz\u00e9slehet\u0151s\u00e9g Budapest egyik legnagyobb konditerm\u00e9ben.\" \/>\n<meta name=\"robots\" content=\"index, follow, max-snippet:-1, max-image-preview:large, max-video-preview:-1\" \/>\n<link rel=\"canonical\" href=\"https:\/\/chilifitnessbudapest.hu\/de\/csepel-vorstellung\/\" \/>\n<meta property=\"og:locale\" content=\"de_DE\" \/>\n<meta property=\"og:type\" content=\"article\" \/>\n<meta property=\"og:title\" content=\"Chili Fitness 4 \u2013 Budapest edz\u0151terem Csepelen, t\u00f6bb mint 2000 m\u00b2-en - Chili Fitness - Edz\u0151termek Budapest\" \/>\n<meta property=\"og:description\" content=\"Fedezd fel a Chili Fitness 4 csepeli edz\u0151termet t\u00f6bb mint 2000 m\u00b2 pr\u00e9mium g\u00e9pparkkal. T\u00e1gas t\u00e9r, k\u00e9nyelmes k\u00f6rnyezet \u00e9s minden szinthez ill\u0151 edz\u00e9slehet\u0151s\u00e9g Budapest egyik legnagyobb konditerm\u00e9ben.\" \/>\n<meta property=\"og:url\" content=\"https:\/\/chilifitnessbudapest.hu\/de\/csepel-vorstellung\/\" \/>\n<meta property=\"og:site_name\" content=\"Chili Fitness - Edz\u0151termek Budapest\" \/>\n<meta property=\"article:modified_time\" content=\"2025-11-19T10:04:39+00:00\" \/>\n<meta property=\"og:image\" content=\"https:\/\/chilifitnessbudapest.hu\/wp-content\/uploads\/2023\/03\/chili-1200.png\" \/>\n\t<meta property=\"og:image:width\" content=\"1200\" \/>\n\t<meta property=\"og:image:height\" content=\"675\" \/>\n\t<meta property=\"og:image:type\" content=\"image\/png\" \/>\n<meta name=\"twitter:card\" content=\"summary_large_image\" \/>\n<meta name=\"twitter:label1\" content=\"Gesch\u00e4tzte Lesezeit\" \/>\n\t<meta name=\"twitter:data1\" content=\"2\u00a0Minuten\" \/>\n<script type=\"application\/ld+json\" class=\"yoast-schema-graph\">{\"@context\":\"https:\\\/\\\/schema.org\",\"@graph\":[{\"@type\":\"WebPage\",\"@id\":\"https:\\\/\\\/chilifitnessbudapest.hu\\\/csepel-bemutatkozas\\\/\",\"url\":\"https:\\\/\\\/chilifitnessbudapest.hu\\\/csepel-bemutatkozas\\\/\",\"name\":\"Chili Fitness 4 \u2013 Budapest edz\u0151terem Csepelen, t\u00f6bb mint 2000 m\u00b2-en - Chili Fitness - Edz\u0151termek Budapest\",\"isPartOf\":{\"@id\":\"https:\\\/\\\/chilifitnessbudapest.hu\\\/#website\"},\"datePublished\":\"2022-10-17T11:22:21+00:00\",\"dateModified\":\"2025-11-19T10:04:39+00:00\",\"description\":\"Fedezd fel a Chili Fitness 4 csepeli edz\u0151termet t\u00f6bb mint 2000 m\u00b2 pr\u00e9mium g\u00e9pparkkal. T\u00e1gas t\u00e9r, k\u00e9nyelmes k\u00f6rnyezet \u00e9s minden szinthez ill\u0151 edz\u00e9slehet\u0151s\u00e9g Budapest egyik legnagyobb konditerm\u00e9ben.\",\"breadcrumb\":{\"@id\":\"https:\\\/\\\/chilifitnessbudapest.hu\\\/csepel-bemutatkozas\\\/#breadcrumb\"},\"inLanguage\":\"de\",\"potentialAction\":[{\"@type\":\"ReadAction\",\"target\":[\"https:\\\/\\\/chilifitnessbudapest.hu\\\/csepel-bemutatkozas\\\/\"]}]},{\"@type\":\"BreadcrumbList\",\"@id\":\"https:\\\/\\\/chilifitnessbudapest.hu\\\/csepel-bemutatkozas\\\/#breadcrumb\",\"itemListElement\":[{\"@type\":\"ListItem\",\"position\":1,\"name\":\"Kezd\u0151lap\",\"item\":\"https:\\\/\\\/chilifitnessbudapest.hu\\\/\"},{\"@type\":\"ListItem\",\"position\":2,\"name\":\"Chili Fitness 4 \u2013 Budapest edz\u0151terem Csepelen, t\u00f6bb mint 2000 m\u00b2-en\"}]},{\"@type\":\"WebSite\",\"@id\":\"https:\\\/\\\/chilifitnessbudapest.hu\\\/#website\",\"url\":\"https:\\\/\\\/chilifitnessbudapest.hu\\\/\",\"name\":\"Chili Fitness - Edz\u0151termek Budapest\",\"description\":\"Edz\u0151termek 4 helyen Budapesten\",\"publisher\":{\"@id\":\"https:\\\/\\\/chilifitnessbudapest.hu\\\/#organization\"},\"potentialAction\":[{\"@type\":\"SearchAction\",\"target\":{\"@type\":\"EntryPoint\",\"urlTemplate\":\"https:\\\/\\\/chilifitnessbudapest.hu\\\/?s={search_term_string}\"},\"query-input\":{\"@type\":\"PropertyValueSpecification\",\"valueRequired\":true,\"valueName\":\"search_term_string\"}}],\"inLanguage\":\"de\"},{\"@type\":\"Organization\",\"@id\":\"https:\\\/\\\/chilifitnessbudapest.hu\\\/#organization\",\"name\":\"CHILI FITNESS BUDAPEST\",\"url\":\"https:\\\/\\\/chilifitnessbudapest.hu\\\/\",\"logo\":{\"@type\":\"ImageObject\",\"inLanguage\":\"de\",\"@id\":\"https:\\\/\\\/chilifitnessbudapest.hu\\\/#\\\/schema\\\/logo\\\/image\\\/\",\"url\":\"https:\\\/\\\/chilifitnessbudapest.hu\\\/wp-content\\\/uploads\\\/2023\\\/03\\\/chili-1000.png\",\"contentUrl\":\"https:\\\/\\\/chilifitnessbudapest.hu\\\/wp-content\\\/uploads\\\/2023\\\/03\\\/chili-1000.png\",\"width\":1000,\"height\":1000,\"caption\":\"CHILI FITNESS BUDAPEST\"},\"image\":{\"@id\":\"https:\\\/\\\/chilifitnessbudapest.hu\\\/#\\\/schema\\\/logo\\\/image\\\/\"}}]}<\/script>\n<!-- \/ Yoast SEO plugin. -->","yoast_head_json":{"title":"Chili Fitness 4 \u2013 Budapest Fitnessstudio in Csepel, auf mehr als 2000 m\u00b2 - Chili Fitness - Fitnessstudios Budapest","description":"Entdecke das Chili Fitness 4 Csepel Fitnessstudio mit \u00fcber 2000 m\u00b2 Premium-Ger\u00e4tepark. Ger\u00e4umiger Raum, komfortable Umgebung und Trainingsm\u00f6glichkeiten f\u00fcr jedes Niveau im einem der gr\u00f6\u00dften Fitnessstudios Budapests.","robots":{"index":"index","follow":"follow","max-snippet":"max-snippet:-1","max-image-preview":"max-image-preview:large","max-video-preview":"max-video-preview:-1"},"canonical":"https:\/\/chilifitnessbudapest.hu\/de\/csepel-vorstellung\/","og_locale":"de_DE","og_type":"article","og_title":"Chili Fitness 4 \u2013 Budapest edz\u0151terem Csepelen, t\u00f6bb mint 2000 m\u00b2-en - Chili Fitness - Edz\u0151termek Budapest","og_description":"Fedezd fel a Chili Fitness 4 csepeli edz\u0151termet t\u00f6bb mint 2000 m\u00b2 pr\u00e9mium g\u00e9pparkkal. T\u00e1gas t\u00e9r, k\u00e9nyelmes k\u00f6rnyezet \u00e9s minden szinthez ill\u0151 edz\u00e9slehet\u0151s\u00e9g Budapest egyik legnagyobb konditerm\u00e9ben.","og_url":"https:\/\/chilifitnessbudapest.hu\/de\/csepel-vorstellung\/","og_site_name":"Chili Fitness - Edz\u0151termek Budapest","article_modified_time":"2025-11-19T10:04:39+00:00","og_image":[{"width":1200,"height":675,"url":"https:\/\/chilifitnessbudapest.hu\/wp-content\/uploads\/2023\/03\/chili-1200.png","type":"image\/png"}],"twitter_card":"summary_large_image","twitter_misc":{"Gesch\u00e4tzte Lesezeit":"2\u00a0Minuten"},"schema":{"@context":"https:\/\/schema.org","@graph":[{"@type":"WebPage","@id":"https:\/\/chilifitnessbudapest.hu\/csepel-bemutatkozas\/","url":"https:\/\/chilifitnessbudapest.hu\/csepel-bemutatkozas\/","name":"Chili Fitness 4 \u2013 Budapest Fitnessstudio in Csepel, auf mehr als 2000 m\u00b2 - Chili Fitness - Fitnessstudios Budapest","isPartOf":{"@id":"https:\/\/chilifitnessbudapest.hu\/#website"},"datePublished":"2022-10-17T11:22:21+00:00","dateModified":"2025-11-19T10:04:39+00:00","description":"Entdecke das Chili Fitness 4 Csepel Fitnessstudio mit \u00fcber 2000 m\u00b2 Premium-Ger\u00e4tepark. Ger\u00e4umiger Raum, komfortable Umgebung und Trainingsm\u00f6glichkeiten f\u00fcr jedes Niveau im einem der gr\u00f6\u00dften Fitnessstudios Budapests.","breadcrumb":{"@id":"https:\/\/chilifitnessbudapest.hu\/csepel-bemutatkozas\/#breadcrumb"},"inLanguage":"de","potentialAction":[{"@type":"ReadAction","target":["https:\/\/chilifitnessbudapest.hu\/csepel-bemutatkozas\/"]}]},{"@type":"BreadcrumbList","@id":"https:\/\/chilifitnessbudapest.hu\/csepel-bemutatkozas\/#breadcrumb","itemListElement":[{"@type":"ListItem","position":1,"name":"Kezd\u0151lap","item":"https:\/\/chilifitnessbudapest.hu\/"},{"@type":"ListItem","position":2,"name":"Chili Fitness 4 \u2013 Budapest edz\u0151terem Csepelen, t\u00f6bb mint 2000 m\u00b2-en"}]},{"@type":"WebSite","@id":"https:\/\/chilifitnessbudapest.hu\/#website","url":"https:\/\/chilifitnessbudapest.hu\/","name":"Chili Fitness - Fitnessstudios Budapest","description":"Fitnessstudios an 4 Orten in Budapest","publisher":{"@id":"https:\/\/chilifitnessbudapest.hu\/#organization"},"potentialAction":[{"@type":"SearchAction","target":{"@type":"EntryPoint","urlTemplate":"https:\/\/chilifitnessbudapest.hu\/?s={search_term_string}"},"query-input":{"@type":"PropertyValueSpecification","valueRequired":true,"valueName":"search_term_string"}}],"inLanguage":"de"},{"@type":"Organization","@id":"https:\/\/chilifitnessbudapest.hu\/#organization","name":"CHILI FITNESS BUDAPEST","url":"https:\/\/chilifitnessbudapest.hu\/","logo":{"@type":"ImageObject","inLanguage":"de","@id":"https:\/\/chilifitnessbudapest.hu\/#\/schema\/logo\/image\/","url":"https:\/\/chilifitnessbudapest.hu\/wp-content\/uploads\/2023\/03\/chili-1000.png","contentUrl":"https:\/\/chilifitnessbudapest.hu\/wp-content\/uploads\/2023\/03\/chili-1000.png","width":1000,"height":1000,"caption":"CHILI FITNESS BUDAPEST"},"image":{"@id":"https:\/\/chilifitnessbudapest.hu\/#\/schema\/logo\/image\/"}}]}},"_links":{"self":[{"href":"https:\/\/chilifitnessbudapest.hu\/de\/wp-json\/wp\/v2\/pages\/2497","targetHints":{"allow":["GET"]}}],"collection":[{"href":"https:\/\/chilifitnessbudapest.hu\/de\/wp-json\/wp\/v2\/pages"}],"about":[{"href":"https:\/\/chilifitnessbudapest.hu\/de\/wp-json\/wp\/v2\/types\/page"}],"author":[{"embeddable":true,"href":"https:\/\/chilifitnessbudapest.hu\/de\/wp-json\/wp\/v2\/users\/1"}],"replies":[{"embeddable":true,"href":"https:\/\/chilifitnessbudapest.hu\/de\/wp-json\/wp\/v2\/comments?post=2497"}],"version-history":[{"count":29,"href":"https:\/\/chilifitnessbudapest.hu\/de\/wp-json\/wp\/v2\/pages\/2497\/revisions"}],"predecessor-version":[{"id":7494,"href":"https:\/\/chilifitnessbudapest.hu\/de\/wp-json\/wp\/v2\/pages\/2497\/revisions\/7494"}],"wp:attachment":[{"href":"https:\/\/chilifitnessbudapest.hu\/de\/wp-json\/wp\/v2\/media?parent=2497"}],"curies":[{"name":"wp","href":"https:\/\/api.w.org\/{rel}","templated":true}]}}