{"id":2450,"date":"2022-10-17T10:56:40","date_gmt":"2022-10-17T08:56:40","guid":{"rendered":"https:\/\/chilifitnessbudapest.hu\/?page_id=2450"},"modified":"2025-12-31T15:42:48","modified_gmt":"2025-12-31T14:42:48","slug":"ujbuda-preise","status":"publish","type":"page","link":"https:\/\/chilifitnessbudapest.hu\/de\/ujbuda-arak\/","title":{"rendered":"Budapest Fitnessstudio Preise | Chili Fitness 5 \u00dajbuda"},"content":{"rendered":"<div data-elementor-type=\"wp-page\" data-elementor-id=\"2450\" class=\"elementor elementor-2450\" data-elementor-post-type=\"page\">\n\t\t\t\t<div class=\"elementor-element elementor-element-2f94eeb3 e-flex e-con-boxed e-con e-parent\" data-id=\"2f94eeb3\" data-element_type=\"container\" data-e-type=\"container\" data-settings=\"{&quot;background_background&quot;:&quot;classic&quot;}\">\n\t\t\t\t\t<div class=\"e-con-inner\">\n\t\t<div class=\"elementor-element elementor-element-117f4598 e-con-full e-flex e-con e-child\" data-id=\"117f4598\" data-element_type=\"container\" data-e-type=\"container\">\n\t\t\t\t<div class=\"elementor-element elementor-element-5c468b25 elementor-widget elementor-widget-heading\" data-id=\"5c468b25\" data-element_type=\"widget\" data-e-type=\"widget\" data-widget_type=\"heading.default\">\n\t\t\t\t\t<h2 class=\"elementor-heading-title elementor-size-default\">Aktuell<br><span style=\"color: #D20007\">unsere Preise<\/span><\/h2>\t\t\t\t<\/div>\n\t\t\t\t<\/div>\n\t\t\t\t\t<\/div>\n\t\t\t\t<\/div>\n\t\t<div class=\"elementor-element elementor-element-cdf53a6 e-flex e-con-boxed e-con e-parent\" data-id=\"cdf53a6\" data-element_type=\"container\" data-e-type=\"container\">\n\t\t\t\t\t<div class=\"e-con-inner\">\n\t\t\t\t<div class=\"elementor-element elementor-element-2d0582c0 animated-slow elementor-view-default elementor-invisible elementor-widget elementor-widget-icon\" data-id=\"2d0582c0\" data-element_type=\"widget\" data-e-type=\"widget\" data-settings=\"{&quot;_animation&quot;:&quot;fadeInDown&quot;,&quot;_animation_mobile&quot;:&quot;fadeInDown&quot;}\" data-widget_type=\"icon.default\">\n\t\t\t\t\t\t\t<div class=\"elementor-icon-wrapper\">\n\t\t\t<div class=\"elementor-icon\">\n\t\t\t<svg aria-hidden=\"true\" class=\"e-font-icon-svg e-fas-chevron-down\" viewbox=\"0 0 448 512\" xmlns=\"http:\/\/www.w3.org\/2000\/svg\"><path d=\"M207.029 381.476L12.686 187.132c-9.373-9.373-9.373-24.569 0-33.941l22.667-22.667c9.357-9.357 24.522-9.375 33.901-.04L224 284.505l154.745-154.021c9.379-9.335 24.544-9.317 33.901.04l22.667 22.667c9.373 9.373 9.373 24.569 0 33.941L240.971 381.476c-9.373 9.372-24.569 9.372-33.942 0z\"><\/path><\/svg>\t\t\t<\/div>\n\t\t<\/div>\n\t\t\t\t\t\t<\/div>\n\t\t\t\t\t<\/div>\n\t\t\t\t<\/div>\n\t\t<div class=\"elementor-element elementor-element-90fa628 e-flex e-con-boxed e-con e-parent\" data-id=\"90fa628\" data-element_type=\"container\" data-e-type=\"container\" data-settings=\"{&quot;background_background&quot;:&quot;classic&quot;}\">\n\t\t\t\t\t<div class=\"e-con-inner\">\n\t\t<div class=\"elementor-element elementor-element-3d7cc8f e-con-full e-flex e-con e-child\" data-id=\"3d7cc8f\" data-element_type=\"container\" data-e-type=\"container\">\n\t\t\t\t<div class=\"elementor-element elementor-element-5e8ba7e elementor-widget__width-initial elementor-widget-tablet__width-inherit elementor-widget elementor-widget-heading\" data-id=\"5e8ba7e\" data-element_type=\"widget\" data-e-type=\"widget\" data-widget_type=\"heading.default\">\n\t\t\t\t\t<h1 class=\"elementor-heading-title elementor-size-default\">Chili Fitness 5 \u00dajbuda \u2013 Preisliste <\/h1>\t\t\t\t<\/div>\n\t\t\t\t<div class=\"elementor-element elementor-element-2f81a69 elementor-widget__width-initial elementor-widget-tablet__width-inherit elementor-widget elementor-widget-heading\" data-id=\"2f81a69\" data-element_type=\"widget\" data-e-type=\"widget\" data-widget_type=\"heading.default\">\n\t\t\t\t\t<h1 class=\"elementor-heading-title elementor-size-default\">Tageskarte, Mitgliedschaften und AYCM-Kartenakzeptanz in \u00dajbuda<\/h1>\t\t\t\t<\/div>\n\t\t\t\t<\/div>\n\t\t\t\t\t<\/div>\n\t\t\t\t<\/div>\n\t\t<div class=\"elementor-element elementor-element-648803b e-flex e-con-boxed e-con e-parent\" data-id=\"648803b\" data-element_type=\"container\" data-e-type=\"container\" data-settings=\"{&quot;background_background&quot;:&quot;classic&quot;}\">\n\t\t\t\t\t<div class=\"e-con-inner\">\n\t\t\t\t<div class=\"elementor-element elementor-element-f775d62 elementor-widget elementor-widget-text-editor\" data-id=\"f775d62\" data-element_type=\"widget\" data-e-type=\"widget\" data-widget_type=\"text-editor.default\">\n\t\t\t\t\t\t\t\t\t<p class=\"p1\">A <span class=\"s1\"><b>Chili Fitness 5 \u00dajbuda Fitnessstudio<\/b><\/span> Jeder kann die f\u00fcr ihn passende Eintrittsm\u00f6glichkeit finden \u2013 sei es f\u00fcr ein gelegentliches Training oder ein regelm\u00e4\u00dfiges Abo. \ud83d\udcaa<\/p><p class=\"p1\">Wir akzeptieren die <span class=\"s1\"><b>AYCM XXL Karte<\/b><\/span>, sodass die verg\u00fcnstigte Sportm\u00f6glichkeit auch bei uns verf\u00fcgbar ist.<\/p><p class=\"p1\">A <span class=\"s1\"><b>Tageskarte<\/b><\/span> Beim Kauf betr\u00e4gt die maximal im Studio verbrachte Zeit <span class=\"s1\"><b>4 Stunden<\/b><\/span> \u23f1\ufe0f. Es ist wichtig zu wissen, dass die Schr\u00e4nke nach 4 Stunden automatisch ge\u00f6ffnet werden. Wenn du l\u00e4nger trainieren m\u00f6chtest, <span class=\"s1\"><b>ist der Kauf eines neuen Tagestickets erforderlich<\/b><\/span>.<\/p><p class=\"p1\">F\u00fcr unsere Abonnenten ist der Eintritt noch einfacher: <span class=\"s1\"><b>sie haben Anspruch auf einen t\u00e4glichen Eintritt<\/b><\/span>, mit unbegrenzter Trainingszeit w\u00e4hrend der \u00d6ffnungszeiten. Dieses flexible System sorgt daf\u00fcr, dass jeder Gast die Premium-Umgebung und die moderne Ger\u00e4teausstattung bequem genie\u00dfen kann. \ud83c\udfcb\ufe0f\u200d\u2642\ufe0f<\/p>\t\t\t\t\t\t\t\t<\/div>\n\t\t\t\t\t<\/div>\n\t\t\t\t<\/div>\n\t\t<div class=\"elementor-element elementor-element-f26852e e-flex e-con-boxed e-con e-parent\" data-id=\"f26852e\" data-element_type=\"container\" data-e-type=\"container\">\n\t\t\t\t\t<div class=\"e-con-inner\">\n\t\t\t\t<div class=\"elementor-element elementor-element-e3796ff elementor-widget elementor-widget-html\" data-id=\"e3796ff\" data-element_type=\"widget\" data-e-type=\"widget\" data-widget_type=\"html.default\">\n\t\t\t\t\t<style>\n@import url('https:\/\/fonts.googleapis.com\/css2?family=Bebas+Neue&display=swap');\n\n.pricelist-wrap {\n  background: #000;\n  padding: 48px 24px;\n  font-family: Inter, system-ui, -apple-system, BlinkMacSystemFont, \"Segoe UI\", sans-serif;\n  color: #f1f1f1;\n}\n\n.pricelist-grid {\n  display: grid;\n  grid-template-columns: repeat(2, 1fr);\n  gap: 32px;\n  max-width: 1200px;\n  margin: 0 auto;\n}\n\n.pricelist-card {\n  background: #000;\n  border-radius: 16px;\n  padding: 32px 26px;\n  border: 1px solid rgba(255,255,255,0.08);\n}\n\n.pricelist-title {\n  font-family: 'Bebas Neue', sans-serif;\n  font-size: 34px;\n  letter-spacing: 2px;\n  color: #ff2a2a;\n  margin-bottom: 28px;\n}\n\n.price-row {\n  display: flex;\n  justify-content: space-between;\n  align-items: baseline;\n  padding: 12px 0;\n  border-bottom: 1px solid rgba(255,255,255,0.1);\n}\n\n.price-name {\n  font-family: 'Bebas Neue', sans-serif;\n  font-size: 20px;\n  letter-spacing: 1.2px;\n  color: #eaeaea;\n}\n\n.price-value {\n  font-size: 16px;\n  font-weight: 700;\n  color: #ffffff;\n  white-space: nowrap;\n}\n\n.price-note {\n  font-size: 13px;\n  color: #aaaaaa;\n  margin: 14px 0 24px;\n  line-height: 1.5;\n}\n\n.section-divider {\n  font-family: 'Bebas Neue', sans-serif;\n  margin: 28px 0 12px;\n  font-size: 18px;\n  letter-spacing: 1.4px;\n  color: #ff2a2a;\n}\n\n@media (max-width: 900px) {\n  .pricelist-grid {\n    grid-template-columns: 1fr;\n  }\n}\n<\/style>\n\n<div class=\"pricelist-wrap\">\n  <div class=\"pricelist-grid\">\n\n    <!-- FELN\u0150TT -->\n    <div class=\"pricelist-card\">\n      <div class=\"pricelist-title\">Erwachsene<\/div>\n\n      <div class=\"price-row\"><div class=\"price-name\">Monatliche Mitgliedschaft<\/div><div class=\"price-value\">29 900 Ft<\/div><\/div>\n      <div class=\"price-row\"><div class=\"price-name\">Tageskarte<\/div><div class=\"price-value\">4 400 Ft<\/div><\/div>\n      <div class=\"price-row\"><div class=\"price-name\">Dreimonatige Mitgliedschaft<\/div><div class=\"price-value\">74 400 Ft<\/div><\/div>\n      <div class=\"price-row\"><div class=\"price-name\">Sechsmonatige Mitgliedschaft<\/div><div class=\"price-value\">139 900 Ft<\/div><\/div>\n      <div class=\"price-row\"><div class=\"price-name\">Jahreskarte<\/div><div class=\"price-value\">267 900 Ft<\/div><\/div>\n      <div class=\"price-row\"><div class=\"price-name\">Wochenkarte<\/div><div class=\"price-value\">17 900 Ft<\/div><\/div>\n      <div class=\"price-row\"><div class=\"price-name\">Zehnerkarte<\/div><div class=\"price-value\">26 000 Ft<\/div><\/div>\n\n      <div class=\"price-note\">\n        Die Karten sind ab dem Kaufdatum 60 Tage g\u00fcltig.\n      <\/div>\n\n      <div class=\"section-divider\">Vormittagskarte<\/div>\n      <div class=\"price-row\"><div class=\"price-name\">Eintritt bis 15 Uhr<\/div><div class=\"price-value\">26 000 Ft<\/div><\/div>\n\n      <div class=\"section-divider\">VIP-Karte<\/div>\n      <div class=\"price-row\"><div class=\"price-name\">G\u00fcltig f\u00fcr einen Monat<\/div><div class=\"price-value\">32 900 Ft<\/div><\/div>\n\n      <div class=\"section-divider\">Handtuchnutzung<\/div>\n      <div class=\"price-row\"><div class=\"price-name\">Klein<\/div><div class=\"price-value\">400 Ft<\/div><\/div>\n      <div class=\"price-row\"><div class=\"price-name\">Gro\u00df<\/div><div class=\"price-value\">500 Ft<\/div><\/div>\n    <\/div>\n\n    <!-- DI\u00c1K \/ NYUGD\u00cdJAS -->\n    <div class=\"pricelist-card\">\n      <div class=\"pricelist-title\">Student \/ Rentner<\/div>\n\n      <div class=\"price-row\"><div class=\"price-name\">Monatliche Mitgliedschaft<\/div><div class=\"price-value\">27 500 Ft<\/div><\/div>\n      <div class=\"price-row\"><div class=\"price-name\">Tageskarte<\/div><div class=\"price-value\">3 900 Ft<\/div><\/div>\n      <div class=\"price-row\"><div class=\"price-name\">Dreimonatige Mitgliedschaft<\/div><div class=\"price-value\">66 000 Ft<\/div><\/div>\n      <div class=\"price-row\"><div class=\"price-name\">Sechsmonatige Mitgliedschaft<\/div><div class=\"price-value\">126 900 Ft<\/div><\/div>\n      <div class=\"price-row\"><div class=\"price-name\">Jahreskarte<\/div><div class=\"price-value\">241 900 Ft<\/div><\/div>\n      <div class=\"price-row\"><div class=\"price-name\">Wochenkarte<\/div><div class=\"price-value\">16 900 Ft<\/div><\/div>\n      <div class=\"price-row\"><div class=\"price-name\">Zehnerkarte<\/div><div class=\"price-value\">24 000 Ft<\/div><\/div>\n\n      <div class=\"price-note\">\n        Die Karten sind ab dem Kaufdatum 60 Tage g\u00fcltig.\n      <\/div>\n\n      <div class=\"section-divider\">Vormittagskarte<\/div>\n      <div class=\"price-row\"><div class=\"price-name\">Eintritt bis 15 Uhr<\/div><div class=\"price-value\">24 500 Ft<\/div><\/div>\n\n      <div class=\"section-divider\">VIP-Karte<\/div>\n      <div class=\"price-row\"><div class=\"price-name\">G\u00fcltig f\u00fcr einen Monat<\/div><div class=\"price-value\">32 900 Ft<\/div><\/div>\n\n      <div class=\"section-divider\">Handtuchnutzung<\/div>\n      <div class=\"price-row\"><div class=\"price-name\">Klein<\/div><div class=\"price-value\">400 Ft<\/div><\/div>\n      <div class=\"price-row\"><div class=\"price-name\">Gro\u00df<\/div><div class=\"price-value\">500 Ft<\/div><\/div>\n    <\/div>\n\n  <\/div>\n<\/div>\t\t\t\t<\/div>\n\t\t\t\t\t<\/div>\n\t\t\t\t<\/div>\n\t\t\t\t<\/div>","protected":false},"excerpt":{"rendered":"<p>Chili Fitness 5 \u00dajbuda Preise \ud83d\udcaa Wir akzeptieren die AYCM XXL Karte \u2714\ufe0f Tagesticket max. 4 Stunden \u23f1\ufe0f, Abo berechtigt zu einem t\u00e4glichen Eintritt.<\/p>","protected":false},"author":1,"featured_media":6587,"parent":0,"menu_order":0,"comment_status":"closed","ping_status":"closed","template":"","meta":{"_acf_changed":false,"footnotes":""},"class_list":["post-2450","page","type-page","status-publish","has-post-thumbnail","hentry"],"acf":[],"yoast_head":"<!-- This site is optimized with the Yoast SEO plugin v27.4 - https:\/\/yoast.com\/product\/yoast-seo-wordpress\/ -->\n<title>Budapest edz\u0151terem \u00e1rak | Chili Fitness 5 \u00dajbuda - Chili Fitness - Edz\u0151termek Budapest<\/title>\n<meta name=\"description\" content=\"Tekintsd meg a Chili Fitness 5 \u00fajbuda edz\u0151terem aktu\u00e1lis \u00e1rait. Napijegy, b\u00e9rlet \u00e9s AYCM lehet\u0151s\u00e9gek egy helyen. V\u00e1laszd a sz\u00e1modra legkedvez\u0151bb konditerem csomagot Budapesten.\" \/>\n<meta name=\"robots\" content=\"index, follow, max-snippet:-1, max-image-preview:large, max-video-preview:-1\" \/>\n<link rel=\"canonical\" href=\"https:\/\/chilifitnessbudapest.hu\/de\/ujbuda-preise\/\" \/>\n<meta property=\"og:locale\" content=\"de_DE\" \/>\n<meta property=\"og:type\" content=\"article\" \/>\n<meta property=\"og:title\" content=\"Budapest edz\u0151terem \u00e1rak | Chili Fitness 5 \u00dajbuda - Chili Fitness - Edz\u0151termek Budapest\" \/>\n<meta property=\"og:description\" content=\"Tekintsd meg a Chili Fitness 5 \u00fajbuda edz\u0151terem aktu\u00e1lis \u00e1rait. Napijegy, b\u00e9rlet \u00e9s AYCM lehet\u0151s\u00e9gek egy helyen. V\u00e1laszd a sz\u00e1modra legkedvez\u0151bb konditerem csomagot Budapesten.\" \/>\n<meta property=\"og:url\" content=\"https:\/\/chilifitnessbudapest.hu\/de\/ujbuda-preise\/\" \/>\n<meta property=\"og:site_name\" content=\"Chili Fitness - Edz\u0151termek Budapest\" \/>\n<meta property=\"article:modified_time\" content=\"2025-12-31T14:42:48+00:00\" \/>\n<meta property=\"og:image\" content=\"https:\/\/chilifitnessbudapest.hu\/wp-content\/uploads\/2025\/09\/42_Chili_5_U\u0301jbuda_Nagy_DSC08483-scaled.jpg\" \/>\n\t<meta property=\"og:image:width\" content=\"2560\" \/>\n\t<meta property=\"og:image:height\" content=\"1707\" \/>\n\t<meta property=\"og:image:type\" content=\"image\/jpeg\" \/>\n<meta name=\"twitter:card\" content=\"summary_large_image\" \/>\n<meta name=\"twitter:label1\" content=\"Gesch\u00e4tzte Lesezeit\" \/>\n\t<meta name=\"twitter:data1\" content=\"3\u00a0Minuten\" \/>\n<script type=\"application\/ld+json\" class=\"yoast-schema-graph\">{\"@context\":\"https:\\\/\\\/schema.org\",\"@graph\":[{\"@type\":\"WebPage\",\"@id\":\"https:\\\/\\\/chilifitnessbudapest.hu\\\/ujbuda-arak\\\/\",\"url\":\"https:\\\/\\\/chilifitnessbudapest.hu\\\/ujbuda-arak\\\/\",\"name\":\"Budapest edz\u0151terem \u00e1rak | Chili Fitness 5 \u00dajbuda - Chili Fitness - Edz\u0151termek Budapest\",\"isPartOf\":{\"@id\":\"https:\\\/\\\/chilifitnessbudapest.hu\\\/#website\"},\"primaryImageOfPage\":{\"@id\":\"https:\\\/\\\/chilifitnessbudapest.hu\\\/ujbuda-arak\\\/#primaryimage\"},\"image\":{\"@id\":\"https:\\\/\\\/chilifitnessbudapest.hu\\\/ujbuda-arak\\\/#primaryimage\"},\"thumbnailUrl\":\"https:\\\/\\\/chilifitnessbudapest.hu\\\/wp-content\\\/uploads\\\/2025\\\/09\\\/42_Chili_5_U\u0301jbuda_Nagy_DSC08483-scaled.jpg\",\"datePublished\":\"2022-10-17T08:56:40+00:00\",\"dateModified\":\"2025-12-31T14:42:48+00:00\",\"description\":\"Tekintsd meg a Chili Fitness 5 \u00fajbuda edz\u0151terem aktu\u00e1lis \u00e1rait. Napijegy, b\u00e9rlet \u00e9s AYCM lehet\u0151s\u00e9gek egy helyen. V\u00e1laszd a sz\u00e1modra legkedvez\u0151bb konditerem csomagot Budapesten.\",\"breadcrumb\":{\"@id\":\"https:\\\/\\\/chilifitnessbudapest.hu\\\/ujbuda-arak\\\/#breadcrumb\"},\"inLanguage\":\"de\",\"potentialAction\":[{\"@type\":\"ReadAction\",\"target\":[\"https:\\\/\\\/chilifitnessbudapest.hu\\\/ujbuda-arak\\\/\"]}]},{\"@type\":\"ImageObject\",\"inLanguage\":\"de\",\"@id\":\"https:\\\/\\\/chilifitnessbudapest.hu\\\/ujbuda-arak\\\/#primaryimage\",\"url\":\"https:\\\/\\\/chilifitnessbudapest.hu\\\/wp-content\\\/uploads\\\/2025\\\/09\\\/42_Chili_5_U\u0301jbuda_Nagy_DSC08483-scaled.jpg\",\"contentUrl\":\"https:\\\/\\\/chilifitnessbudapest.hu\\\/wp-content\\\/uploads\\\/2025\\\/09\\\/42_Chili_5_U\u0301jbuda_Nagy_DSC08483-scaled.jpg\",\"width\":2560,\"height\":1707},{\"@type\":\"BreadcrumbList\",\"@id\":\"https:\\\/\\\/chilifitnessbudapest.hu\\\/ujbuda-arak\\\/#breadcrumb\",\"itemListElement\":[{\"@type\":\"ListItem\",\"position\":1,\"name\":\"Kezd\u0151lap\",\"item\":\"https:\\\/\\\/chilifitnessbudapest.hu\\\/\"},{\"@type\":\"ListItem\",\"position\":2,\"name\":\"Budapest edz\u0151terem \u00e1rak | Chili Fitness 5 \u00dajbuda\"}]},{\"@type\":\"WebSite\",\"@id\":\"https:\\\/\\\/chilifitnessbudapest.hu\\\/#website\",\"url\":\"https:\\\/\\\/chilifitnessbudapest.hu\\\/\",\"name\":\"Chili Fitness - Edz\u0151termek Budapest\",\"description\":\"Edz\u0151termek 4 helyen Budapesten\",\"publisher\":{\"@id\":\"https:\\\/\\\/chilifitnessbudapest.hu\\\/#organization\"},\"potentialAction\":[{\"@type\":\"SearchAction\",\"target\":{\"@type\":\"EntryPoint\",\"urlTemplate\":\"https:\\\/\\\/chilifitnessbudapest.hu\\\/?s={search_term_string}\"},\"query-input\":{\"@type\":\"PropertyValueSpecification\",\"valueRequired\":true,\"valueName\":\"search_term_string\"}}],\"inLanguage\":\"de\"},{\"@type\":\"Organization\",\"@id\":\"https:\\\/\\\/chilifitnessbudapest.hu\\\/#organization\",\"name\":\"CHILI FITNESS BUDAPEST\",\"url\":\"https:\\\/\\\/chilifitnessbudapest.hu\\\/\",\"logo\":{\"@type\":\"ImageObject\",\"inLanguage\":\"de\",\"@id\":\"https:\\\/\\\/chilifitnessbudapest.hu\\\/#\\\/schema\\\/logo\\\/image\\\/\",\"url\":\"https:\\\/\\\/chilifitnessbudapest.hu\\\/wp-content\\\/uploads\\\/2023\\\/03\\\/chili-1000.png\",\"contentUrl\":\"https:\\\/\\\/chilifitnessbudapest.hu\\\/wp-content\\\/uploads\\\/2023\\\/03\\\/chili-1000.png\",\"width\":1000,\"height\":1000,\"caption\":\"CHILI FITNESS BUDAPEST\"},\"image\":{\"@id\":\"https:\\\/\\\/chilifitnessbudapest.hu\\\/#\\\/schema\\\/logo\\\/image\\\/\"}}]}<\/script>\n<!-- \/ Yoast SEO plugin. -->","yoast_head_json":{"title":"Budapest Fitnessstudio Preise | Chili Fitness 5 \u00dajbuda - Chili Fitness - Fitnessstudios Budapest","description":"Sieh dir die aktuellen Preise des Chili Fitness 5 \u00dajbuda Fitnessstudios an. Tageskarte, Mitgliedschaft und AYCM-Optionen an einem Ort. W\u00e4hle das f\u00fcr dich g\u00fcnstigste Fitnessstudio-Paket in Budapest aus.","robots":{"index":"index","follow":"follow","max-snippet":"max-snippet:-1","max-image-preview":"max-image-preview:large","max-video-preview":"max-video-preview:-1"},"canonical":"https:\/\/chilifitnessbudapest.hu\/de\/ujbuda-preise\/","og_locale":"de_DE","og_type":"article","og_title":"Budapest edz\u0151terem \u00e1rak | Chili Fitness 5 \u00dajbuda - Chili Fitness - Edz\u0151termek Budapest","og_description":"Tekintsd meg a Chili Fitness 5 \u00fajbuda edz\u0151terem aktu\u00e1lis \u00e1rait. Napijegy, b\u00e9rlet \u00e9s AYCM lehet\u0151s\u00e9gek egy helyen. V\u00e1laszd a sz\u00e1modra legkedvez\u0151bb konditerem csomagot Budapesten.","og_url":"https:\/\/chilifitnessbudapest.hu\/de\/ujbuda-preise\/","og_site_name":"Chili Fitness - Edz\u0151termek Budapest","article_modified_time":"2025-12-31T14:42:48+00:00","og_image":[{"width":2560,"height":1707,"url":"https:\/\/chilifitnessbudapest.hu\/wp-content\/uploads\/2025\/09\/42_Chili_5_U\u0301jbuda_Nagy_DSC08483-scaled.jpg","type":"image\/jpeg"}],"twitter_card":"summary_large_image","twitter_misc":{"Gesch\u00e4tzte Lesezeit":"3\u00a0Minuten"},"schema":{"@context":"https:\/\/schema.org","@graph":[{"@type":"WebPage","@id":"https:\/\/chilifitnessbudapest.hu\/ujbuda-arak\/","url":"https:\/\/chilifitnessbudapest.hu\/ujbuda-arak\/","name":"Budapest Fitnessstudio Preise | Chili Fitness 5 \u00dajbuda - Chili Fitness - Fitnessstudios Budapest","isPartOf":{"@id":"https:\/\/chilifitnessbudapest.hu\/#website"},"primaryImageOfPage":{"@id":"https:\/\/chilifitnessbudapest.hu\/ujbuda-arak\/#primaryimage"},"image":{"@id":"https:\/\/chilifitnessbudapest.hu\/ujbuda-arak\/#primaryimage"},"thumbnailUrl":"https:\/\/chilifitnessbudapest.hu\/wp-content\/uploads\/2025\/09\/42_Chili_5_U\u0301jbuda_Nagy_DSC08483-scaled.jpg","datePublished":"2022-10-17T08:56:40+00:00","dateModified":"2025-12-31T14:42:48+00:00","description":"Sieh dir die aktuellen Preise des Chili Fitness 5 \u00dajbuda Fitnessstudios an. Tageskarte, Mitgliedschaft und AYCM-Optionen an einem Ort. W\u00e4hle das f\u00fcr dich g\u00fcnstigste Fitnessstudio-Paket in Budapest aus.","breadcrumb":{"@id":"https:\/\/chilifitnessbudapest.hu\/ujbuda-arak\/#breadcrumb"},"inLanguage":"de","potentialAction":[{"@type":"ReadAction","target":["https:\/\/chilifitnessbudapest.hu\/ujbuda-arak\/"]}]},{"@type":"ImageObject","inLanguage":"de","@id":"https:\/\/chilifitnessbudapest.hu\/ujbuda-arak\/#primaryimage","url":"https:\/\/chilifitnessbudapest.hu\/wp-content\/uploads\/2025\/09\/42_Chili_5_U\u0301jbuda_Nagy_DSC08483-scaled.jpg","contentUrl":"https:\/\/chilifitnessbudapest.hu\/wp-content\/uploads\/2025\/09\/42_Chili_5_U\u0301jbuda_Nagy_DSC08483-scaled.jpg","width":2560,"height":1707},{"@type":"BreadcrumbList","@id":"https:\/\/chilifitnessbudapest.hu\/ujbuda-arak\/#breadcrumb","itemListElement":[{"@type":"ListItem","position":1,"name":"Kezd\u0151lap","item":"https:\/\/chilifitnessbudapest.hu\/"},{"@type":"ListItem","position":2,"name":"Budapest edz\u0151terem \u00e1rak | Chili Fitness 5 \u00dajbuda"}]},{"@type":"WebSite","@id":"https:\/\/chilifitnessbudapest.hu\/#website","url":"https:\/\/chilifitnessbudapest.hu\/","name":"Chili Fitness - Fitnessstudios Budapest","description":"Fitnessstudios an 4 Orten in Budapest","publisher":{"@id":"https:\/\/chilifitnessbudapest.hu\/#organization"},"potentialAction":[{"@type":"SearchAction","target":{"@type":"EntryPoint","urlTemplate":"https:\/\/chilifitnessbudapest.hu\/?s={search_term_string}"},"query-input":{"@type":"PropertyValueSpecification","valueRequired":true,"valueName":"search_term_string"}}],"inLanguage":"de"},{"@type":"Organization","@id":"https:\/\/chilifitnessbudapest.hu\/#organization","name":"CHILI FITNESS BUDAPEST","url":"https:\/\/chilifitnessbudapest.hu\/","logo":{"@type":"ImageObject","inLanguage":"de","@id":"https:\/\/chilifitnessbudapest.hu\/#\/schema\/logo\/image\/","url":"https:\/\/chilifitnessbudapest.hu\/wp-content\/uploads\/2023\/03\/chili-1000.png","contentUrl":"https:\/\/chilifitnessbudapest.hu\/wp-content\/uploads\/2023\/03\/chili-1000.png","width":1000,"height":1000,"caption":"CHILI FITNESS BUDAPEST"},"image":{"@id":"https:\/\/chilifitnessbudapest.hu\/#\/schema\/logo\/image\/"}}]}},"_links":{"self":[{"href":"https:\/\/chilifitnessbudapest.hu\/de\/wp-json\/wp\/v2\/pages\/2450","targetHints":{"allow":["GET"]}}],"collection":[{"href":"https:\/\/chilifitnessbudapest.hu\/de\/wp-json\/wp\/v2\/pages"}],"about":[{"href":"https:\/\/chilifitnessbudapest.hu\/de\/wp-json\/wp\/v2\/types\/page"}],"author":[{"embeddable":true,"href":"https:\/\/chilifitnessbudapest.hu\/de\/wp-json\/wp\/v2\/users\/1"}],"replies":[{"embeddable":true,"href":"https:\/\/chilifitnessbudapest.hu\/de\/wp-json\/wp\/v2\/comments?post=2450"}],"version-history":[{"count":62,"href":"https:\/\/chilifitnessbudapest.hu\/de\/wp-json\/wp\/v2\/pages\/2450\/revisions"}],"predecessor-version":[{"id":7558,"href":"https:\/\/chilifitnessbudapest.hu\/de\/wp-json\/wp\/v2\/pages\/2450\/revisions\/7558"}],"wp:featuredmedia":[{"embeddable":true,"href":"https:\/\/chilifitnessbudapest.hu\/de\/wp-json\/wp\/v2\/media\/6587"}],"wp:attachment":[{"href":"https:\/\/chilifitnessbudapest.hu\/de\/wp-json\/wp\/v2\/media?parent=2450"}],"curies":[{"name":"wp","href":"https:\/\/api.w.org\/{rel}","templated":true}]}}