{"id":1363,"date":"2022-09-22T09:14:56","date_gmt":"2022-09-22T07:14:56","guid":{"rendered":"https:\/\/chilifitnessbudapest.hu\/?page_id=1363"},"modified":"2025-11-19T11:08:31","modified_gmt":"2025-11-19T10:08:31","slug":"bikas-park-vorstellung","status":"publish","type":"page","link":"https:\/\/chilifitnessbudapest.hu\/de\/bikas-park-vorstellung\/","title":{"rendered":"Chili Fitness Bik\u00e1s Park \u2013 Modernes Fitnessstudio im 11. Bezirk von Budapest in der Etele Stra\u00dfe"},"content":{"rendered":"<div data-elementor-type=\"wp-page\" data-elementor-id=\"1363\" class=\"elementor elementor-1363\" data-elementor-post-type=\"page\">\n\t\t\t\t<div class=\"elementor-element elementor-element-00e3a0f e-flex e-con-boxed e-con e-parent\" data-id=\"00e3a0f\" data-element_type=\"container\" data-e-type=\"container\" data-settings=\"{&quot;background_background&quot;:&quot;classic&quot;}\">\n\t\t\t\t\t<div class=\"e-con-inner\">\n\t\t<div class=\"elementor-element elementor-element-8cd8125 e-con-full e-flex e-con e-child\" data-id=\"8cd8125\" data-element_type=\"container\" data-e-type=\"container\">\n\t\t\t\t<div class=\"elementor-element elementor-element-e9e950c elementor-widget elementor-widget-heading\" data-id=\"e9e950c\" data-element_type=\"widget\" data-e-type=\"widget\" data-widget_type=\"heading.default\">\n\t\t\t\t\t<h2 class=\"elementor-heading-title elementor-size-default\"><span style=\"color: #D20007\">Bik\u00e1s park<\/span><br>Vorstellung<\/h2>\t\t\t\t<\/div>\n\t\t\t\t<\/div>\n\t\t\t\t\t<\/div>\n\t\t\t\t<\/div>\n\t\t<div class=\"elementor-element elementor-element-c11b879 e-flex e-con-boxed e-con e-parent\" data-id=\"c11b879\" data-element_type=\"container\" data-e-type=\"container\">\n\t\t\t\t\t<div class=\"e-con-inner\">\n\t\t\t\t<div class=\"elementor-element elementor-element-f588759 animated-slow elementor-view-default elementor-invisible elementor-widget elementor-widget-icon\" data-id=\"f588759\" data-element_type=\"widget\" data-e-type=\"widget\" data-settings=\"{&quot;_animation&quot;:&quot;fadeInDown&quot;,&quot;_animation_mobile&quot;:&quot;fadeInDown&quot;}\" data-widget_type=\"icon.default\">\n\t\t\t\t\t\t\t<div class=\"elementor-icon-wrapper\">\n\t\t\t<div class=\"elementor-icon\">\n\t\t\t<svg aria-hidden=\"true\" class=\"e-font-icon-svg e-fas-chevron-down\" viewbox=\"0 0 448 512\" xmlns=\"http:\/\/www.w3.org\/2000\/svg\"><path d=\"M207.029 381.476L12.686 187.132c-9.373-9.373-9.373-24.569 0-33.941l22.667-22.667c9.357-9.357 24.522-9.375 33.901-.04L224 284.505l154.745-154.021c9.379-9.335 24.544-9.317 33.901.04l22.667 22.667c9.373 9.373 9.373 24.569 0 33.941L240.971 381.476c-9.373 9.372-24.569 9.372-33.942 0z\"><\/path><\/svg>\t\t\t<\/div>\n\t\t<\/div>\n\t\t\t\t\t\t<\/div>\n\t\t\t\t\t<\/div>\n\t\t\t\t<\/div>\n\t\t<div class=\"elementor-element elementor-element-70fe400 e-flex e-con-boxed e-con e-parent\" data-id=\"70fe400\" data-element_type=\"container\" data-e-type=\"container\" data-settings=\"{&quot;background_background&quot;:&quot;classic&quot;}\">\n\t\t\t\t\t<div class=\"e-con-inner\">\n\t\t<div class=\"elementor-element elementor-element-ad8bf02 e-con-full e-flex e-con e-child\" data-id=\"ad8bf02\" data-element_type=\"container\" data-e-type=\"container\">\n\t\t\t\t<div class=\"elementor-element elementor-element-99d93e8 elementor-widget__width-initial elementor-widget-tablet__width-inherit elementor-widget elementor-widget-heading\" data-id=\"99d93e8\" data-element_type=\"widget\" data-e-type=\"widget\" data-widget_type=\"heading.default\">\n\t\t\t\t\t<h1 class=\"elementor-heading-title elementor-size-default\">Chili Fitness Bik\u00e1s Park \u2013 Fitnessstudio im Herzen des XI. Bezirks<\/h1>\t\t\t\t<\/div>\n\t\t\t\t<div class=\"elementor-element elementor-element-2e1a063 elementor-widget__width-initial elementor-widget-tablet__width-inherit elementor-widget elementor-widget-heading\" data-id=\"2e1a063\" data-element_type=\"widget\" data-e-type=\"widget\" data-widget_type=\"heading.default\">\n\t\t\t\t\t<h1 class=\"elementor-heading-title elementor-size-default\">Renoviertes und erweitertes Fitnessstudio mit 3000 m\u00b2, dem gr\u00f6\u00dften HOIST-Turm Ungarns<\/h1>\t\t\t\t<\/div>\n\t\t\t\t<\/div>\n\t\t\t\t\t<\/div>\n\t\t\t\t<\/div>\n\t\t<div class=\"elementor-element elementor-element-e09d4dd e-flex e-con-boxed e-con e-parent\" data-id=\"e09d4dd\" data-element_type=\"container\" data-e-type=\"container\" data-settings=\"{&quot;background_background&quot;:&quot;classic&quot;}\">\n\t\t\t\t\t<div class=\"e-con-inner\">\n\t\t\t\t<div class=\"elementor-element elementor-element-31aee2f elementor-widget elementor-widget-text-editor\" data-id=\"31aee2f\" data-element_type=\"widget\" data-e-type=\"widget\" data-widget_type=\"text-editor.default\">\n\t\t\t\t\t\t\t\t\t<p class=\"p1\">A <span class=\"s1\"><b>Chili Fitness Bik\u00e1s Park<\/b><\/span> im Herzen des XI. Bezirks, unter der Adresse Etele \u00fat 57, und hat nun eine vollst\u00e4ndige <span class=\"s1\"><b>Renovierung und Erweiterung durchlaufen<\/b><\/span>. Der modernisierte Fitnesskomplex erwartet nun <span class=\"s1\"><b>die G\u00e4ste auf 3000 m\u00b2<\/b><\/span> \ud83c\udfcb\ufe0f\u200d\u2642\ufe0f, in dem im neuesten Bereich eine breite Auswahl an Trainingsger\u00e4ten der Weltklasse untergebracht ist. Ein herausragender Stolz der Erneuerung ist, dass wir <span class=\"s1\"><b>den gr\u00f6\u00dften HOIST-Turm Ungarns haben<\/b><\/span> \ud83d\udd25, der ein unvergleichliches Erlebnis f\u00fcr Liebhaber von Krafttraining bietet.<\/p><p class=\"p1\">Im vollst\u00e4ndig umgestalteten Fitnessstudio <span class=\"s1\"><b>sorgen die modernsten PANATTA- und HOIST-Ger\u00e4te<\/b><\/span>, sowie die modernen <span class=\"s1\"><b>OCTANE- und STRONG ROOTS-Kardioger\u00e4te<\/b><\/span> \ud83d\udeb4\u200d\u2640\ufe0f f\u00fcr ein effektives Training f\u00fcr jeden Gast. Egal, ob das Ziel Gewichtsreduktion, Muskelaufbau, Ausdauersteigerung oder ein kompletter Lebensstilwechsel ist, bei uns findet jeder die passenden Ger\u00e4te und Unterst\u00fctzung.<\/p><p class=\"p1\">W\u00e4hrend der Renovierung haben wir nicht nur den Ger\u00e4tepark, sondern auch die gesamte Umgebung modernisiert: <span class=\"s1\"><b>ger\u00e4umiger Trainingsbereich, neue Beleuchtung, renovierte Sozialr\u00e4ume und Sauna<\/b><\/span> \ud83e\uddd6\u200d\u2642\ufe0f helfen dabei, dass Sport zu einem echten Erlebnis wird.<\/p><p class=\"p1\">Unser erfahrenes, fachlich hochqualifiziertes <span class=\"s1\"><b>Team von Personal Trainern<\/b><\/span> \ud83d\udcaa bietet jedem Gast ma\u00dfgeschneiderte Unterst\u00fctzung. An der Rezeption ist weiterhin verf\u00fcgbar die <span class=\"s1\"><b>die beste Auswahl an Nahrungserg\u00e4nzungsmitteln<\/b><\/span> \u2013 Pre-Workout-Booster, Proteine, Vitamine und Regenerationsprodukte.<\/p><p class=\"p1\">Das Chili Fitness Bik\u00e1s Park hat mit der Renovierung das Fitnessstudio-Erlebnis in Budapest auf ein neues Niveau gehoben. <span class=\"s1\"><b>Ein modernes Fitnessstudio mit 3000 m\u00b2<\/b><\/span>, aufgrund des speziellen Ger\u00e4teparks und des in Ungarn einzigartigen HOIST-Turms ist es zu einem der herausragendsten Sportzentren im XI. Bezirk geworden.<\/p><p class=\"p1\">Wenn du ein <span class=\"s1\"><b>renoviertes und erweitertes Fitnessstudio in Budapest suchst<\/b><\/span>, wo die modernsten Ger\u00e4te, professionelle Trainer und qualitativ hochwertige Dienstleistungen auf dich warten, dann ist das Chili Fitness Bik\u00e1s Park die perfekte Wahl f\u00fcr dich.<\/p><p class=\"p3\"><b>Besuche uns und erlebe das erneuerte Erlebnis von Chili Fitness im Bik\u00e1s Park! \ud83c\udfcb\ufe0f\u200d\u2642\ufe0f\ud83d\udd25<\/b><\/p>\t\t\t\t\t\t\t\t<\/div>\n\t\t\t\t\t<\/div>\n\t\t\t\t<\/div>\n\t\t\t\t<\/div>","protected":false},"excerpt":{"rendered":"<p>Entdecke das 2000 m\u00b2 gro\u00dfe Fitnessstudio von Chili Fitness Bik\u00e1s Park im XI. Bezirk! Moderne HOIST- und PANATTA-Ger\u00e4te, professionelle Personal Trainer, Sauna, kostenlose Parkpl\u00e4tze und Top-Nahrungserg\u00e4nzungsmittel erwarten dich.<\/p>","protected":false},"author":1,"featured_media":6617,"parent":0,"menu_order":0,"comment_status":"closed","ping_status":"closed","template":"","meta":{"_acf_changed":false,"footnotes":""},"class_list":["post-1363","page","type-page","status-publish","has-post-thumbnail","hentry"],"acf":[],"yoast_head":"<!-- This site is optimized with the Yoast SEO plugin v27.4 - https:\/\/yoast.com\/product\/yoast-seo-wordpress\/ -->\n<title>Chili Fitness Bik\u00e1s Park \u2013 Modern edz\u0151terem Budapest XI. ker\u00fclet\u00e9ben az Etele \u00faton - Chili Fitness - Edz\u0151termek Budapest<\/title>\n<meta name=\"description\" content=\"Fedezd fel a Chili Fitness Bik\u00e1s Park edz\u0151termet Budapest XI. ker\u00fclet\u00e9ben az Etele \u00faton. Pr\u00e9mium g\u00e9ppark, k\u00e9nyelmes megk\u00f6zel\u00edt\u00e9s \u00e9s minden szinthez ill\u0151 edz\u00e9slehet\u0151s\u00e9g v\u00e1r.\" \/>\n<meta name=\"robots\" content=\"index, follow, max-snippet:-1, max-image-preview:large, max-video-preview:-1\" \/>\n<link rel=\"canonical\" href=\"https:\/\/chilifitnessbudapest.hu\/de\/bikas-park-vorstellung\/\" \/>\n<meta property=\"og:locale\" content=\"de_DE\" \/>\n<meta property=\"og:type\" content=\"article\" \/>\n<meta property=\"og:title\" content=\"Chili Fitness Bik\u00e1s Park \u2013 Modern edz\u0151terem Budapest XI. ker\u00fclet\u00e9ben az Etele \u00faton - Chili Fitness - Edz\u0151termek Budapest\" \/>\n<meta property=\"og:description\" content=\"Fedezd fel a Chili Fitness Bik\u00e1s Park edz\u0151termet Budapest XI. ker\u00fclet\u00e9ben az Etele \u00faton. Pr\u00e9mium g\u00e9ppark, k\u00e9nyelmes megk\u00f6zel\u00edt\u00e9s \u00e9s minden szinthez ill\u0151 edz\u00e9slehet\u0151s\u00e9g v\u00e1r.\" \/>\n<meta property=\"og:url\" content=\"https:\/\/chilifitnessbudapest.hu\/de\/bikas-park-vorstellung\/\" \/>\n<meta property=\"og:site_name\" content=\"Chili Fitness - Edz\u0151termek Budapest\" \/>\n<meta property=\"article:modified_time\" content=\"2025-11-19T10:08:31+00:00\" \/>\n<meta property=\"og:image\" content=\"https:\/\/chilifitnessbudapest.hu\/wp-content\/uploads\/2025\/09\/13_Chili-Fitness-2-Bika\u0301s-park_DSC05924-scaled.jpg\" \/>\n\t<meta property=\"og:image:width\" content=\"2560\" \/>\n\t<meta property=\"og:image:height\" content=\"1707\" \/>\n\t<meta property=\"og:image:type\" content=\"image\/jpeg\" \/>\n<meta name=\"twitter:card\" content=\"summary_large_image\" \/>\n<meta name=\"twitter:label1\" content=\"Gesch\u00e4tzte Lesezeit\" \/>\n\t<meta name=\"twitter:data1\" content=\"2\u00a0Minuten\" \/>\n<script type=\"application\/ld+json\" class=\"yoast-schema-graph\">{\"@context\":\"https:\\\/\\\/schema.org\",\"@graph\":[{\"@type\":\"WebPage\",\"@id\":\"https:\\\/\\\/chilifitnessbudapest.hu\\\/bikas-park-bemutatkozas\\\/\",\"url\":\"https:\\\/\\\/chilifitnessbudapest.hu\\\/bikas-park-bemutatkozas\\\/\",\"name\":\"Chili Fitness Bik\u00e1s Park \u2013 Modern edz\u0151terem Budapest XI. ker\u00fclet\u00e9ben az Etele \u00faton - Chili Fitness - Edz\u0151termek Budapest\",\"isPartOf\":{\"@id\":\"https:\\\/\\\/chilifitnessbudapest.hu\\\/#website\"},\"primaryImageOfPage\":{\"@id\":\"https:\\\/\\\/chilifitnessbudapest.hu\\\/bikas-park-bemutatkozas\\\/#primaryimage\"},\"image\":{\"@id\":\"https:\\\/\\\/chilifitnessbudapest.hu\\\/bikas-park-bemutatkozas\\\/#primaryimage\"},\"thumbnailUrl\":\"https:\\\/\\\/chilifitnessbudapest.hu\\\/wp-content\\\/uploads\\\/2025\\\/09\\\/13_Chili-Fitness-2-Bika\u0301s-park_DSC05924-scaled.jpg\",\"datePublished\":\"2022-09-22T07:14:56+00:00\",\"dateModified\":\"2025-11-19T10:08:31+00:00\",\"description\":\"Fedezd fel a Chili Fitness Bik\u00e1s Park edz\u0151termet Budapest XI. ker\u00fclet\u00e9ben az Etele \u00faton. Pr\u00e9mium g\u00e9ppark, k\u00e9nyelmes megk\u00f6zel\u00edt\u00e9s \u00e9s minden szinthez ill\u0151 edz\u00e9slehet\u0151s\u00e9g v\u00e1r.\",\"breadcrumb\":{\"@id\":\"https:\\\/\\\/chilifitnessbudapest.hu\\\/bikas-park-bemutatkozas\\\/#breadcrumb\"},\"inLanguage\":\"de\",\"potentialAction\":[{\"@type\":\"ReadAction\",\"target\":[\"https:\\\/\\\/chilifitnessbudapest.hu\\\/bikas-park-bemutatkozas\\\/\"]}]},{\"@type\":\"ImageObject\",\"inLanguage\":\"de\",\"@id\":\"https:\\\/\\\/chilifitnessbudapest.hu\\\/bikas-park-bemutatkozas\\\/#primaryimage\",\"url\":\"https:\\\/\\\/chilifitnessbudapest.hu\\\/wp-content\\\/uploads\\\/2025\\\/09\\\/13_Chili-Fitness-2-Bika\u0301s-park_DSC05924-scaled.jpg\",\"contentUrl\":\"https:\\\/\\\/chilifitnessbudapest.hu\\\/wp-content\\\/uploads\\\/2025\\\/09\\\/13_Chili-Fitness-2-Bika\u0301s-park_DSC05924-scaled.jpg\",\"width\":2560,\"height\":1707},{\"@type\":\"BreadcrumbList\",\"@id\":\"https:\\\/\\\/chilifitnessbudapest.hu\\\/bikas-park-bemutatkozas\\\/#breadcrumb\",\"itemListElement\":[{\"@type\":\"ListItem\",\"position\":1,\"name\":\"Kezd\u0151lap\",\"item\":\"https:\\\/\\\/chilifitnessbudapest.hu\\\/\"},{\"@type\":\"ListItem\",\"position\":2,\"name\":\"Chili Fitness Bik\u00e1s Park \u2013 Modern edz\u0151terem Budapest XI. ker\u00fclet\u00e9ben az Etele \u00faton\"}]},{\"@type\":\"WebSite\",\"@id\":\"https:\\\/\\\/chilifitnessbudapest.hu\\\/#website\",\"url\":\"https:\\\/\\\/chilifitnessbudapest.hu\\\/\",\"name\":\"Chili Fitness - Edz\u0151termek Budapest\",\"description\":\"Edz\u0151termek 4 helyen Budapesten\",\"publisher\":{\"@id\":\"https:\\\/\\\/chilifitnessbudapest.hu\\\/#organization\"},\"potentialAction\":[{\"@type\":\"SearchAction\",\"target\":{\"@type\":\"EntryPoint\",\"urlTemplate\":\"https:\\\/\\\/chilifitnessbudapest.hu\\\/?s={search_term_string}\"},\"query-input\":{\"@type\":\"PropertyValueSpecification\",\"valueRequired\":true,\"valueName\":\"search_term_string\"}}],\"inLanguage\":\"de\"},{\"@type\":\"Organization\",\"@id\":\"https:\\\/\\\/chilifitnessbudapest.hu\\\/#organization\",\"name\":\"CHILI FITNESS BUDAPEST\",\"url\":\"https:\\\/\\\/chilifitnessbudapest.hu\\\/\",\"logo\":{\"@type\":\"ImageObject\",\"inLanguage\":\"de\",\"@id\":\"https:\\\/\\\/chilifitnessbudapest.hu\\\/#\\\/schema\\\/logo\\\/image\\\/\",\"url\":\"https:\\\/\\\/chilifitnessbudapest.hu\\\/wp-content\\\/uploads\\\/2023\\\/03\\\/chili-1000.png\",\"contentUrl\":\"https:\\\/\\\/chilifitnessbudapest.hu\\\/wp-content\\\/uploads\\\/2023\\\/03\\\/chili-1000.png\",\"width\":1000,\"height\":1000,\"caption\":\"CHILI FITNESS BUDAPEST\"},\"image\":{\"@id\":\"https:\\\/\\\/chilifitnessbudapest.hu\\\/#\\\/schema\\\/logo\\\/image\\\/\"}}]}<\/script>\n<!-- \/ Yoast SEO plugin. -->","yoast_head_json":{"title":"Chili Fitness Bik\u00e1s Park \u2013 Modernes Fitnessstudio im 11. Bezirk von Budapest in der Etele Stra\u00dfe - Chili Fitness - Fitnessstudios Budapest","description":"Entdecke das Chili Fitness Bik\u00e1s Park Fitnessstudio im 11. Bezirk von Budapest in der Etele Stra\u00dfe. Premium-Ger\u00e4tepark, bequemer Zugang und Trainingsm\u00f6glichkeiten f\u00fcr jedes Niveau erwarten dich.","robots":{"index":"index","follow":"follow","max-snippet":"max-snippet:-1","max-image-preview":"max-image-preview:large","max-video-preview":"max-video-preview:-1"},"canonical":"https:\/\/chilifitnessbudapest.hu\/de\/bikas-park-vorstellung\/","og_locale":"de_DE","og_type":"article","og_title":"Chili Fitness Bik\u00e1s Park \u2013 Modern edz\u0151terem Budapest XI. ker\u00fclet\u00e9ben az Etele \u00faton - Chili Fitness - Edz\u0151termek Budapest","og_description":"Fedezd fel a Chili Fitness Bik\u00e1s Park edz\u0151termet Budapest XI. ker\u00fclet\u00e9ben az Etele \u00faton. Pr\u00e9mium g\u00e9ppark, k\u00e9nyelmes megk\u00f6zel\u00edt\u00e9s \u00e9s minden szinthez ill\u0151 edz\u00e9slehet\u0151s\u00e9g v\u00e1r.","og_url":"https:\/\/chilifitnessbudapest.hu\/de\/bikas-park-vorstellung\/","og_site_name":"Chili Fitness - Edz\u0151termek Budapest","article_modified_time":"2025-11-19T10:08:31+00:00","og_image":[{"width":2560,"height":1707,"url":"https:\/\/chilifitnessbudapest.hu\/wp-content\/uploads\/2025\/09\/13_Chili-Fitness-2-Bika\u0301s-park_DSC05924-scaled.jpg","type":"image\/jpeg"}],"twitter_card":"summary_large_image","twitter_misc":{"Gesch\u00e4tzte Lesezeit":"2\u00a0Minuten"},"schema":{"@context":"https:\/\/schema.org","@graph":[{"@type":"WebPage","@id":"https:\/\/chilifitnessbudapest.hu\/bikas-park-bemutatkozas\/","url":"https:\/\/chilifitnessbudapest.hu\/bikas-park-bemutatkozas\/","name":"Chili Fitness Bik\u00e1s Park \u2013 Modernes Fitnessstudio im 11. Bezirk von Budapest in der Etele Stra\u00dfe - Chili Fitness - Fitnessstudios Budapest","isPartOf":{"@id":"https:\/\/chilifitnessbudapest.hu\/#website"},"primaryImageOfPage":{"@id":"https:\/\/chilifitnessbudapest.hu\/bikas-park-bemutatkozas\/#primaryimage"},"image":{"@id":"https:\/\/chilifitnessbudapest.hu\/bikas-park-bemutatkozas\/#primaryimage"},"thumbnailUrl":"https:\/\/chilifitnessbudapest.hu\/wp-content\/uploads\/2025\/09\/13_Chili-Fitness-2-Bika\u0301s-park_DSC05924-scaled.jpg","datePublished":"2022-09-22T07:14:56+00:00","dateModified":"2025-11-19T10:08:31+00:00","description":"Entdecke das Chili Fitness Bik\u00e1s Park Fitnessstudio im 11. Bezirk von Budapest in der Etele Stra\u00dfe. Premium-Ger\u00e4tepark, bequemer Zugang und Trainingsm\u00f6glichkeiten f\u00fcr jedes Niveau erwarten dich.","breadcrumb":{"@id":"https:\/\/chilifitnessbudapest.hu\/bikas-park-bemutatkozas\/#breadcrumb"},"inLanguage":"de","potentialAction":[{"@type":"ReadAction","target":["https:\/\/chilifitnessbudapest.hu\/bikas-park-bemutatkozas\/"]}]},{"@type":"ImageObject","inLanguage":"de","@id":"https:\/\/chilifitnessbudapest.hu\/bikas-park-bemutatkozas\/#primaryimage","url":"https:\/\/chilifitnessbudapest.hu\/wp-content\/uploads\/2025\/09\/13_Chili-Fitness-2-Bika\u0301s-park_DSC05924-scaled.jpg","contentUrl":"https:\/\/chilifitnessbudapest.hu\/wp-content\/uploads\/2025\/09\/13_Chili-Fitness-2-Bika\u0301s-park_DSC05924-scaled.jpg","width":2560,"height":1707},{"@type":"BreadcrumbList","@id":"https:\/\/chilifitnessbudapest.hu\/bikas-park-bemutatkozas\/#breadcrumb","itemListElement":[{"@type":"ListItem","position":1,"name":"Kezd\u0151lap","item":"https:\/\/chilifitnessbudapest.hu\/"},{"@type":"ListItem","position":2,"name":"Chili Fitness Bik\u00e1s Park \u2013 Modern edz\u0151terem Budapest XI. ker\u00fclet\u00e9ben az Etele \u00faton"}]},{"@type":"WebSite","@id":"https:\/\/chilifitnessbudapest.hu\/#website","url":"https:\/\/chilifitnessbudapest.hu\/","name":"Chili Fitness - Fitnessstudios Budapest","description":"Fitnessstudios an 4 Orten in Budapest","publisher":{"@id":"https:\/\/chilifitnessbudapest.hu\/#organization"},"potentialAction":[{"@type":"SearchAction","target":{"@type":"EntryPoint","urlTemplate":"https:\/\/chilifitnessbudapest.hu\/?s={search_term_string}"},"query-input":{"@type":"PropertyValueSpecification","valueRequired":true,"valueName":"search_term_string"}}],"inLanguage":"de"},{"@type":"Organization","@id":"https:\/\/chilifitnessbudapest.hu\/#organization","name":"CHILI FITNESS BUDAPEST","url":"https:\/\/chilifitnessbudapest.hu\/","logo":{"@type":"ImageObject","inLanguage":"de","@id":"https:\/\/chilifitnessbudapest.hu\/#\/schema\/logo\/image\/","url":"https:\/\/chilifitnessbudapest.hu\/wp-content\/uploads\/2023\/03\/chili-1000.png","contentUrl":"https:\/\/chilifitnessbudapest.hu\/wp-content\/uploads\/2023\/03\/chili-1000.png","width":1000,"height":1000,"caption":"CHILI FITNESS BUDAPEST"},"image":{"@id":"https:\/\/chilifitnessbudapest.hu\/#\/schema\/logo\/image\/"}}]}},"_links":{"self":[{"href":"https:\/\/chilifitnessbudapest.hu\/de\/wp-json\/wp\/v2\/pages\/1363","targetHints":{"allow":["GET"]}}],"collection":[{"href":"https:\/\/chilifitnessbudapest.hu\/de\/wp-json\/wp\/v2\/pages"}],"about":[{"href":"https:\/\/chilifitnessbudapest.hu\/de\/wp-json\/wp\/v2\/types\/page"}],"author":[{"embeddable":true,"href":"https:\/\/chilifitnessbudapest.hu\/de\/wp-json\/wp\/v2\/users\/1"}],"replies":[{"embeddable":true,"href":"https:\/\/chilifitnessbudapest.hu\/de\/wp-json\/wp\/v2\/comments?post=1363"}],"version-history":[{"count":40,"href":"https:\/\/chilifitnessbudapest.hu\/de\/wp-json\/wp\/v2\/pages\/1363\/revisions"}],"predecessor-version":[{"id":7329,"href":"https:\/\/chilifitnessbudapest.hu\/de\/wp-json\/wp\/v2\/pages\/1363\/revisions\/7329"}],"wp:featuredmedia":[{"embeddable":true,"href":"https:\/\/chilifitnessbudapest.hu\/de\/wp-json\/wp\/v2\/media\/6617"}],"wp:attachment":[{"href":"https:\/\/chilifitnessbudapest.hu\/de\/wp-json\/wp\/v2\/media?parent=1363"}],"curies":[{"name":"wp","href":"https:\/\/api.w.org\/{rel}","templated":true}]}}