{"id":1259,"date":"2022-09-21T18:27:40","date_gmt":"2022-09-21T16:27:40","guid":{"rendered":"https:\/\/chilifitnessbudapest.hu\/?page_id=1259"},"modified":"2025-11-19T10:57:09","modified_gmt":"2025-11-19T09:57:09","slug":"bikas-park-hausordnung","status":"publish","type":"page","link":"https:\/\/chilifitnessbudapest.hu\/de\/bikas-park-hausordnung\/","title":{"rendered":"Fitnessstudio Budapest Bik\u00e1s park Hausordnung | Fitnessstudio Regeln und Anleitung"},"content":{"rendered":"<div data-elementor-type=\"wp-page\" data-elementor-id=\"1259\" class=\"elementor elementor-1259\" data-elementor-post-type=\"page\">\n\t\t\t\t<div class=\"elementor-element elementor-element-e28b7b7 e-flex e-con-boxed e-con e-parent\" data-id=\"e28b7b7\" data-element_type=\"container\" data-e-type=\"container\" data-settings=\"{&quot;background_background&quot;:&quot;classic&quot;}\">\n\t\t\t\t\t<div class=\"e-con-inner\">\n\t\t<div class=\"elementor-element elementor-element-5190067 e-con-full e-flex e-con e-child\" data-id=\"5190067\" data-element_type=\"container\" data-e-type=\"container\">\n\t\t\t\t<div class=\"elementor-element elementor-element-8453246 elementor-widget elementor-widget-heading\" data-id=\"8453246\" data-element_type=\"widget\" data-e-type=\"widget\" data-widget_type=\"heading.default\">\n\t\t\t\t\t<h2 class=\"elementor-heading-title elementor-size-default\"><span style=\"color: #D20007\">Bik\u00e1s park<\/span><br>Hausordnung<\/h2>\t\t\t\t<\/div>\n\t\t\t\t<\/div>\n\t\t\t\t\t<\/div>\n\t\t\t\t<\/div>\n\t\t<div class=\"elementor-element elementor-element-2a82f17 e-flex e-con-boxed e-con e-parent\" data-id=\"2a82f17\" data-element_type=\"container\" data-e-type=\"container\">\n\t\t\t\t\t<div class=\"e-con-inner\">\n\t\t\t\t<div class=\"elementor-element elementor-element-3697cae animated-slow elementor-view-default elementor-invisible elementor-widget elementor-widget-icon\" data-id=\"3697cae\" data-element_type=\"widget\" data-e-type=\"widget\" data-settings=\"{&quot;_animation&quot;:&quot;fadeInDown&quot;,&quot;_animation_mobile&quot;:&quot;fadeInDown&quot;}\" data-widget_type=\"icon.default\">\n\t\t\t\t\t\t\t<div class=\"elementor-icon-wrapper\">\n\t\t\t<div class=\"elementor-icon\">\n\t\t\t<svg aria-hidden=\"true\" class=\"e-font-icon-svg e-fas-chevron-down\" viewbox=\"0 0 448 512\" xmlns=\"http:\/\/www.w3.org\/2000\/svg\"><path d=\"M207.029 381.476L12.686 187.132c-9.373-9.373-9.373-24.569 0-33.941l22.667-22.667c9.357-9.357 24.522-9.375 33.901-.04L224 284.505l154.745-154.021c9.379-9.335 24.544-9.317 33.901.04l22.667 22.667c9.373 9.373 9.373 24.569 0 33.941L240.971 381.476c-9.373 9.372-24.569 9.372-33.942 0z\"><\/path><\/svg>\t\t\t<\/div>\n\t\t<\/div>\n\t\t\t\t\t\t<\/div>\n\t\t\t\t\t<\/div>\n\t\t\t\t<\/div>\n\t\t<div class=\"elementor-element elementor-element-34849c6 e-flex e-con-boxed e-con e-parent\" data-id=\"34849c6\" data-element_type=\"container\" data-e-type=\"container\" data-settings=\"{&quot;background_background&quot;:&quot;classic&quot;}\">\n\t\t\t\t\t<div class=\"e-con-inner\">\n\t\t\t\t<div class=\"elementor-element elementor-element-af97106 elementor-widget elementor-widget-text-editor\" data-id=\"af97106\" data-element_type=\"widget\" data-e-type=\"widget\" data-widget_type=\"text-editor.default\">\n\t\t\t\t\t\t\t\t\t<p>Das Fitnessstudio ist das ganze Jahr \u00fcber durchgehend ge\u00f6ffnet (vom 1. Januar bis 31. Dezember).<\/p><p>T\u00e4gliche \u00d6ffnungszeiten: 00:00-24:00 Uhr.<\/p><p>Die \u00d6ffnungszeiten des Fitnessstudios k\u00f6nnen von der Gesch\u00e4ftsf\u00fchrung in begr\u00fcndeten F\u00e4llen ge\u00e4ndert werden!<\/p><h2 id=\"u27442-13\" class=\"Paragraph-Style\"><b>\u00a0<\/b><\/h2><h2 class=\"Paragraph-Style\"><b>ALLGEMEINE REGELN F\u00dcR DIE NUTZUNG DES FITNESSSTUDIOS:<\/b><\/h2><p>\u00a0<\/p><p>\u00a0<\/p><ul id=\"u27442-36\" class=\"list0 nls-None\"><li id=\"u27442-16\">Die Ger\u00e4te im Fitnessstudio d\u00fcrfen von jedem nur auf eigene Verantwortung genutzt werden.<\/li><li id=\"u27442-18\">Der Betreiber ist verpflichtet, die einschl\u00e4gigen Vorschriften w\u00e4hrend des Betriebs des Fitnessstudios einzuhalten.<\/li><li id=\"u27442-20\">In den 2 Innenbereichen von Chili Fitness ist ein \u00dcberwachungskamerasystem in Betrieb.<\/li><li id=\"u27442-22\">Im Fitnessstudio d\u00fcrfen Schulungs- und Traineraktivit\u00e4ten ausschlie\u00dflich von Trainern durchgef\u00fchrt werden, die einen Vertrag mit Chili Center Kft haben. Die Durchf\u00fchrung von Schulungen und Trainings durch Privatpersonen ist VERBOTEN!<\/li><li id=\"u27442-24\">Es ist die grundlegende Pflicht des Leiters des Fitnessstudios und der Mitarbeiter des Fitnessstudios, die kultivierte und fachgerechte Bedienung der G\u00e4ste sicherzustellen. Sorgen Sie f\u00fcr die Einhaltung der Vorschriften zum Unfallschutz, zum Personenschutz und zum Eigentumsschutz.<\/li><li id=\"u27442-26\">Es muss sichergestellt werden, dass die materiellen und personellen Voraussetzungen f\u00fcr einen sicheren Betrieb, auch in Bezug auf Gesundheits-, Arbeits- und Brandschutz, kontinuierlich gew\u00e4hrleistet sind. Zu diesem Zweck m\u00fcssen eventuell auftretende Gefahrenquellen von den Mitarbeitern des Betriebs umgehend beseitigt oder deren Standorte f\u00fcr die G\u00e4ste gesperrt werden. Die Vorschriften und Anweisungen zur Vermeidung von Notf\u00e4llen sind sowohl von den G\u00e4sten als auch von den Mitarbeitern des Betriebs einzuhalten.<\/li><li id=\"u27442-28\">Im Fitnessstudio darf man sich nur mit einem g\u00fcltigen Eintrittsticket oder einer Mitgliedskarte aufhalten, die an der Rezeption validiert werden muss.<\/li><li id=\"u27442-35\">Unsere G\u00e4ste mit g\u00fcltigem Tagesticket und Mitgliedskarte k\u00f6nnen je nach Art ihrer Mitgliedschaft die Dienstleistungen des Fitnessstudios in Anspruch nehmen, sofern diese verf\u00fcgbar sind.<br \/>Diese sind:<\/li><\/ul><ul><li style=\"list-style-type: none;\"><ul><li>Fitnessstudio (Kardiobereich und Kraftbereich)<\/li><li id=\"u27442-40\">Crossraum<\/li><li id=\"u27442-42\">Sauna<\/li><li id=\"u27442-47\">Aerobikraum, au\u00dfer dem an der Rezeption oder auf der Website vorab reservierten und angegebenen Bereich. Die reservierten Bereiche d\u00fcrfen von unseren G\u00e4sten w\u00e4hrend der Reservierungszeit nicht genutzt werden. \u00dcber die Belegung der R\u00e4ume k\u00f6nnen sich die G\u00e4ste auf unserer Website oder \u00fcber die Chili Fitness2 Facebook-Seite informieren.<\/li><\/ul><\/li><\/ul><ul id=\"u27442-64\" class=\"list0 nls-None\"><li id=\"u27442-53\">Die ausschlie\u00dflich f\u00fcr Gruppenkurse erworbenen Mitgliedskarten und Tagestickets berechtigen unsere G\u00e4ste nicht zur Nutzung der Fitnessger\u00e4te weder vor noch nach dem Kurs.<\/li><li id=\"u27442-55\">Die Fitness-Tagestickets und Fitness-Mitgliedskarten berechtigen unsere G\u00e4ste nicht zum Besuch der Gruppenkurse.<\/li><li id=\"u27442-57\">Wenn der Gast beide Trainingsarten in Anspruch nehmen m\u00f6chte, ist er verpflichtet, f\u00fcr beide Aktivit\u00e4ten ein separates Ticket oder eine kombinierte Mitgliedskarte zu erwerben.<\/li><li id=\"u27442-59\">Im Fitnessstudio d\u00fcrfen Kinder unter 6 Jahren nur in Begleitung eines Aufsichtspersons und Kinder im Alter von 6-16 Jahren nur unter der Aufsicht von Trainern oder Begleitpersonen die Dienstleistungen in Anspruch nehmen. Die begleitende vollj\u00e4hrige Person muss ein separates Ticket erwerben. (Ausgenommen sind die speziell f\u00fcr Kinder angebotenen Gruppenkurse mit Aufsichtspersonen)<\/li><li id=\"u27442-61\">F\u00fcr Sch\u00e4den, die absichtlich oder fahrl\u00e4ssig an den Einrichtungen des Fitnessstudios (einschlie\u00dflich Schlie\u00dff\u00e4cher, Schilder mit Schlie\u00dffachnummern, Duschen, Spiegel, Ger\u00e4te, Matten usw.) verursacht werden, wird das Fitnessstudio den Verursacher zur Verantwortung ziehen.<\/li><li id=\"u27442-63\">Um die Gesundheit und k\u00f6rperliche Unversehrtheit der Personen, die die Dienstleistungen des Fitnessstudios in Anspruch nehmen (im Folgenden Gast), zu sch\u00fctzen, darf das Fitnessstudio nicht betreten werden von:<\/li><\/ul><ul><li style=\"list-style-type: none;\"><ul><li>Personen mit Fieber, infekti\u00f6sen Magen-, Atemwegs- oder Hautkrankheiten<\/li><li id=\"u27442-69\">Personen mit krampfartigen Zust\u00e4nden, Bewusstlosigkeit oder auff\u00e4lligen oder gro\u00dffl\u00e4chigen krankhaften Ver\u00e4nderungen<\/li><li id=\"u27442-71\">Betrunkenen<\/li><li id=\"u27442-73\">Personen unter dem Einfluss von Drogen oder berauschenden Medikamenten.<\/li><\/ul><\/li><\/ul><ul id=\"u27442-80\" class=\"list0 nls-None\"><li id=\"u27442-79\">Die im Fitnessstudio angebotenen Dienstleistungen sowie die von den G\u00e4sten besuchten R\u00e4umlichkeiten m\u00fcssen w\u00e4hrend der gesamten Betriebszeit den gesundheitsbeh\u00f6rdlichen Vorschriften entsprechen.<\/li><\/ul><h2 id=\"u27442-83\" class=\"Paragraph-Style\"><b>\u00a0<\/b><\/h2><h2 class=\"Paragraph-Style\"><b>VERBOTEN<\/b><\/h2><p>\u00a0<\/p><p>\u00a0<\/p><ul id=\"u27442-105\" class=\"list0 nls-None\"><li id=\"u27442-86\">das M\u00fcllverursachen in den Umkleider\u00e4umen, auf den Fluren, in den Duschen,<\/li><li id=\"u27442-88\">im Fitnessstudio (au\u00dfer auf den Fluren) ist das Tragen von Stra\u00dfenschuhen verboten,<\/li><li id=\"u27442-90\">das Trainieren in offenen Schuhen oder Pantoffeln ist verboten,<\/li><li id=\"u27442-92\">das Rauchen im gesamten Fitnessstudio ist verboten,<\/li><li id=\"u27442-94\">das Essen in den Umkleider\u00e4umen und im Fitnessstudio (au\u00dfer im daf\u00fcr vorgesehenen Wartebereich) ist verboten,<\/li><li id=\"u27442-96\">sich in einer Weise zu verhalten, die die \u00f6ffentliche Moral, die \u00f6ffentliche Ordnung verletzt oder die Ruhe anderer st\u00f6rt,<\/li><li id=\"u27442-98\">das Tragen von Badebekleidung in der Sauna ist Pflicht,<\/li><li id=\"u27442-100\">das Rasieren an den Waschbecken in den Saunen ist verboten,<\/li><li id=\"u27442-102\">mit Schuhen in die Sauna zu gehen,<\/li><li id=\"u27442-104\">nach der Schlie\u00dfzeit ohne Erlaubnis im Fitnessstudio zu sein, sei es durch fremde Personen oder durch Mitarbeiter des Fitnessstudios au\u00dferhalb ihrer Dienstzeit.<\/li><\/ul><h2 id=\"u27442-108\" class=\"Paragraph-Style\"><b>\u00a0<\/b><\/h2><h2 class=\"Paragraph-Style\"><b>TICKETVERKAUF, ZUSATZDIENSTLEISTUNGEN<\/b><\/h2><p>\u00a0<\/p><p>\u00a0<\/p><ul id=\"u27442-120\" class=\"list0 nls-None\"><li id=\"u27442-111\">Kassen\u00f6ffnung um 00:00 Uhr<\/li><li id=\"u27442-113\">Kassenschluss um 24:00 Uhr<\/li><li id=\"u27442-115\">R\u00fcckgabe von Abonnements und Tickets ist nicht m\u00f6glich (in \u00e4u\u00dferst begr\u00fcndeten F\u00e4llen kann beim Leiter der Einrichtung die Genehmigung beantragt werden)<\/li><li id=\"u27442-117\">Unsere Abonnements sind personengebunden, daher ist die Nutzung nur f\u00fcr die Person m\u00f6glich, auf deren Namen das jeweilige Abonnement ausgestellt ist. Eine andere Person darf das personengebundene Abonnement nicht nutzen.<\/li><li id=\"u27442-119\">Abgelaufene Abonnements k\u00f6nnen wir nicht verl\u00e4ngern, wir bitten unsere gesch\u00e4tzten G\u00e4ste, unsere Dienstleistungen w\u00e4hrend der G\u00fcltigkeitsdauer ihres Abonnements in Anspruch zu nehmen.<\/li><\/ul><ul id=\"u27442-137\" class=\"list0 nls-None\"><li id=\"u27442-122\">Die mobilen Haartrockner an der Rezeption m\u00fcssen bei jedem Gebrauch unbesch\u00e4digt an die Rezeptionisten zur\u00fcckgegeben werden.<\/li><li id=\"u27442-124\">Wenn Sie Ihr Abonnement verloren haben, kann der Rezeptionist f\u00fcr die Ausstellung eines neuen Abonnements 1000 Ft verlangen.<\/li><li id=\"u27442-126\">Kleidungsst\u00fccke oder andere Wertgegenst\u00e4nde, die im Bereich Chili Fitness gefunden werden, m\u00fcssen den Rezeptionisten \u00fcbergeben werden, wo der nachweisliche Eigent\u00fcmer sie abholen kann.<\/li><li id=\"u27442-128\">M\u00e4nner d\u00fcrfen nicht in die Umkleider\u00e4ume der Frauen und Frauen nicht in die Umkleider\u00e4ume der M\u00e4nner eintreten.<\/li><li id=\"u27442-130\">DIE VERANTWORTUNG VON CHILI FITNESS ERSTRECKT SICH NICHT AUF DINGE IM SCHRANK UND UNBEWACHTE GEGENST\u00c4NDE.<\/li><li id=\"u27442-132\">F\u00fcr unsere G\u00e4ste steht an der Rezeption ein kostenloser Wertschlie\u00dffach zur Verf\u00fcgung, den sie bei der Eintrittsvalidierung anfordern k\u00f6nnen.<\/li><li id=\"u27442-134\">Nach Verlassen der Einrichtung gibt es keinen Platz f\u00fcr Reklamationen!<\/li><li id=\"u27442-136\">Gefundene Gegenst\u00e4nde werden von Chili Fitness maximal 1 Woche aufbewahrt, danach k\u00f6nnen sie vernichtet werden.<\/li><\/ul><h2 id=\"u27442-140\" class=\"Paragraph-Style\"><b>\u00a0<\/b><\/h2><h2 class=\"Paragraph-Style\"><b>SAUNANUTZUNG<\/b><\/h2><p>\u00a0<\/p><p>\u00a0<\/p><ul id=\"u27442-150\" class=\"list0 nls-None\"><li id=\"u27442-143\">Die Sauna kann nur nach den allgemeinen Saunaregeln und ausschlie\u00dflich auf eigene Verantwortung genutzt werden!<\/li><li id=\"u27442-145\">Lassen Sie die Badeschuhe drau\u00dfen oder im Vorraum der Sauna, aber setzen Sie sich auf keinen Fall mit Badeschuhen auf die Bank.<\/li><li id=\"u27442-147\">In der Sauna ist es unh\u00f6flich, zu spionieren oder kritische Bemerkungen \u00fcber andere zu machen.<\/li><li id=\"u27442-149\">In der Sauna ist Essen und Trinken verboten.<\/li><\/ul><h2 id=\"u27442-153\" class=\"Paragraph-Style\"><b>\u00a0<\/b><\/h2><h2 class=\"Paragraph-Style\"><b>ABSCHLUSSBESTIMMUNG<\/b><\/h2><p>\u00a0<\/p><p>\u00a0<\/p><ul id=\"u27442-159\" class=\"list0 nls-None\"><li id=\"u27442-156\">Wer gegen eine Bestimmung der Hausordnung verst\u00f6\u00dft oder die darin enthaltenen Verbote missachtet und dadurch ein anst\u00f6\u00dfiges Verhalten zeigt, materiellen Schaden verursacht, kann nach einer Aufforderung vom Cheftrainer oder dessen Beauftragtem hinausgef\u00fchrt oder mit beh\u00f6rdlicher Unterst\u00fctzung aus dem Bereich Chili Fitness entfernt werden.<\/li><li id=\"u27442-158\">Eine Person, die die Hausordnung von Chili Fitness verletzt, kann von dem Gebiet von Chili Fitness ausgeschlossen werden.<\/li><\/ul>\t\t\t\t\t\t\t\t<\/div>\n\t\t\t\t\t<\/div>\n\t\t\t\t<\/div>\n\t\t\t\t<\/div>","protected":false},"excerpt":{"rendered":"<p>Bik\u00e1s parkh\u00e1zirend A Fitneszterem eg\u00e9sz \u00e9vben folyamatosan (janu\u00e1r 1-t\u0151l december 31-ig \u00fczemel). Napi nyitvatart\u00e1si rend: 00:00-24:00-ig. A fitneszterem nyitvatart\u00e1si idej\u00e9t az igazgat\u00f3s\u00e1g indokolt esetben megv\u00e1ltoztathatja! \u00a0 A FITNESZTEREM IG\u00c9NYBEV\u00c9TEL\u00c9NEK \u00c1LTAL\u00c1NOS SZAB\u00c1LYAI: \u00a0 \u00a0 A fitneszterem g\u00e9peit mindenki csak saj\u00e1t felel\u0151ss\u00e9g\u00e9re veheti ig\u00e9nybe. Az \u00fczemeltet\u0151 a fitneszterem \u00fczemeltet\u00e9se sor\u00e1n a vonatkoz\u00f3 rendeletek el\u0151\u00edr\u00e1sait k\u00f6teles betartani. A [&hellip;]<\/p>\n","protected":false},"author":1,"featured_media":6727,"parent":0,"menu_order":0,"comment_status":"closed","ping_status":"closed","template":"","meta":{"_acf_changed":false,"footnotes":""},"class_list":["post-1259","page","type-page","status-publish","has-post-thumbnail","hentry"],"acf":[],"yoast_head":"<!-- This site is optimized with the Yoast SEO plugin v27.4 - https:\/\/yoast.com\/product\/yoast-seo-wordpress\/ -->\n<title>Edz\u0151terem Budapest Bik\u00e1s park h\u00e1zirend | Konditerem szab\u00e1lyzat \u00e9s \u00fatmutat\u00f3 - Chili Fitness - Edz\u0151termek Budapest<\/title>\n<meta name=\"description\" content=\"Tekintsd \u00e1t a Bik\u00e1s park k\u00f6zel\u00e9ben tal\u00e1lhat\u00f3 budapesti edz\u0151term\u00fcnk h\u00e1zirendj\u00e9t. A konditerem szab\u00e1lyai biztons\u00e1gos \u00e9s k\u00e9nyelmes edz\u00e9sk\u00f6rnyezetet teremtenek minden vend\u00e9g sz\u00e1m\u00e1ra. Ismerd meg a legfontosabb tudnival\u00f3kat indul\u00e1s el\u0151tt.\" \/>\n<meta name=\"robots\" content=\"index, follow, max-snippet:-1, max-image-preview:large, max-video-preview:-1\" \/>\n<link rel=\"canonical\" href=\"https:\/\/chilifitnessbudapest.hu\/de\/bikas-park-hausordnung\/\" \/>\n<meta property=\"og:locale\" content=\"de_DE\" \/>\n<meta property=\"og:type\" content=\"article\" \/>\n<meta property=\"og:title\" content=\"Edz\u0151terem Budapest Bik\u00e1s park h\u00e1zirend | Konditerem szab\u00e1lyzat \u00e9s \u00fatmutat\u00f3 - Chili Fitness - Edz\u0151termek Budapest\" \/>\n<meta property=\"og:description\" content=\"Tekintsd \u00e1t a Bik\u00e1s park k\u00f6zel\u00e9ben tal\u00e1lhat\u00f3 budapesti edz\u0151term\u00fcnk h\u00e1zirendj\u00e9t. A konditerem szab\u00e1lyai biztons\u00e1gos \u00e9s k\u00e9nyelmes edz\u00e9sk\u00f6rnyezetet teremtenek minden vend\u00e9g sz\u00e1m\u00e1ra. Ismerd meg a legfontosabb tudnival\u00f3kat indul\u00e1s el\u0151tt.\" \/>\n<meta property=\"og:url\" content=\"https:\/\/chilifitnessbudapest.hu\/de\/bikas-park-hausordnung\/\" \/>\n<meta property=\"og:site_name\" content=\"Chili Fitness - Edz\u0151termek Budapest\" \/>\n<meta property=\"article:modified_time\" content=\"2025-11-19T09:57:09+00:00\" \/>\n<meta property=\"og:image\" content=\"https:\/\/chilifitnessbudapest.hu\/wp-content\/uploads\/2025\/09\/68_Chili-Fitness-2-Bika\u0301s-park_Nagy_DSC07396-scaled.jpg\" \/>\n\t<meta property=\"og:image:width\" content=\"2560\" \/>\n\t<meta property=\"og:image:height\" content=\"1707\" \/>\n\t<meta property=\"og:image:type\" content=\"image\/jpeg\" \/>\n<meta name=\"twitter:card\" content=\"summary_large_image\" \/>\n<meta name=\"twitter:label1\" content=\"Gesch\u00e4tzte Lesezeit\" \/>\n\t<meta name=\"twitter:data1\" content=\"5\u00a0Minuten\" \/>\n<script type=\"application\/ld+json\" class=\"yoast-schema-graph\">{\"@context\":\"https:\\\/\\\/schema.org\",\"@graph\":[{\"@type\":\"WebPage\",\"@id\":\"https:\\\/\\\/chilifitnessbudapest.hu\\\/bikas-park-hazirend\\\/\",\"url\":\"https:\\\/\\\/chilifitnessbudapest.hu\\\/bikas-park-hazirend\\\/\",\"name\":\"Edz\u0151terem Budapest Bik\u00e1s park h\u00e1zirend | Konditerem szab\u00e1lyzat \u00e9s \u00fatmutat\u00f3 - Chili Fitness - Edz\u0151termek Budapest\",\"isPartOf\":{\"@id\":\"https:\\\/\\\/chilifitnessbudapest.hu\\\/#website\"},\"primaryImageOfPage\":{\"@id\":\"https:\\\/\\\/chilifitnessbudapest.hu\\\/bikas-park-hazirend\\\/#primaryimage\"},\"image\":{\"@id\":\"https:\\\/\\\/chilifitnessbudapest.hu\\\/bikas-park-hazirend\\\/#primaryimage\"},\"thumbnailUrl\":\"https:\\\/\\\/chilifitnessbudapest.hu\\\/wp-content\\\/uploads\\\/2025\\\/09\\\/68_Chili-Fitness-2-Bika\u0301s-park_Nagy_DSC07396-scaled.jpg\",\"datePublished\":\"2022-09-21T16:27:40+00:00\",\"dateModified\":\"2025-11-19T09:57:09+00:00\",\"description\":\"Tekintsd \u00e1t a Bik\u00e1s park k\u00f6zel\u00e9ben tal\u00e1lhat\u00f3 budapesti edz\u0151term\u00fcnk h\u00e1zirendj\u00e9t. A konditerem szab\u00e1lyai biztons\u00e1gos \u00e9s k\u00e9nyelmes edz\u00e9sk\u00f6rnyezetet teremtenek minden vend\u00e9g sz\u00e1m\u00e1ra. Ismerd meg a legfontosabb tudnival\u00f3kat indul\u00e1s el\u0151tt.\",\"breadcrumb\":{\"@id\":\"https:\\\/\\\/chilifitnessbudapest.hu\\\/bikas-park-hazirend\\\/#breadcrumb\"},\"inLanguage\":\"de\",\"potentialAction\":[{\"@type\":\"ReadAction\",\"target\":[\"https:\\\/\\\/chilifitnessbudapest.hu\\\/bikas-park-hazirend\\\/\"]}]},{\"@type\":\"ImageObject\",\"inLanguage\":\"de\",\"@id\":\"https:\\\/\\\/chilifitnessbudapest.hu\\\/bikas-park-hazirend\\\/#primaryimage\",\"url\":\"https:\\\/\\\/chilifitnessbudapest.hu\\\/wp-content\\\/uploads\\\/2025\\\/09\\\/68_Chili-Fitness-2-Bika\u0301s-park_Nagy_DSC07396-scaled.jpg\",\"contentUrl\":\"https:\\\/\\\/chilifitnessbudapest.hu\\\/wp-content\\\/uploads\\\/2025\\\/09\\\/68_Chili-Fitness-2-Bika\u0301s-park_Nagy_DSC07396-scaled.jpg\",\"width\":2560,\"height\":1707},{\"@type\":\"BreadcrumbList\",\"@id\":\"https:\\\/\\\/chilifitnessbudapest.hu\\\/bikas-park-hazirend\\\/#breadcrumb\",\"itemListElement\":[{\"@type\":\"ListItem\",\"position\":1,\"name\":\"Kezd\u0151lap\",\"item\":\"https:\\\/\\\/chilifitnessbudapest.hu\\\/\"},{\"@type\":\"ListItem\",\"position\":2,\"name\":\"Edz\u0151terem Budapest Bik\u00e1s park h\u00e1zirend | Konditerem szab\u00e1lyzat \u00e9s \u00fatmutat\u00f3\"}]},{\"@type\":\"WebSite\",\"@id\":\"https:\\\/\\\/chilifitnessbudapest.hu\\\/#website\",\"url\":\"https:\\\/\\\/chilifitnessbudapest.hu\\\/\",\"name\":\"Chili Fitness - Edz\u0151termek Budapest\",\"description\":\"Edz\u0151termek 4 helyen Budapesten\",\"publisher\":{\"@id\":\"https:\\\/\\\/chilifitnessbudapest.hu\\\/#organization\"},\"potentialAction\":[{\"@type\":\"SearchAction\",\"target\":{\"@type\":\"EntryPoint\",\"urlTemplate\":\"https:\\\/\\\/chilifitnessbudapest.hu\\\/?s={search_term_string}\"},\"query-input\":{\"@type\":\"PropertyValueSpecification\",\"valueRequired\":true,\"valueName\":\"search_term_string\"}}],\"inLanguage\":\"de\"},{\"@type\":\"Organization\",\"@id\":\"https:\\\/\\\/chilifitnessbudapest.hu\\\/#organization\",\"name\":\"CHILI FITNESS BUDAPEST\",\"url\":\"https:\\\/\\\/chilifitnessbudapest.hu\\\/\",\"logo\":{\"@type\":\"ImageObject\",\"inLanguage\":\"de\",\"@id\":\"https:\\\/\\\/chilifitnessbudapest.hu\\\/#\\\/schema\\\/logo\\\/image\\\/\",\"url\":\"https:\\\/\\\/chilifitnessbudapest.hu\\\/wp-content\\\/uploads\\\/2023\\\/03\\\/chili-1000.png\",\"contentUrl\":\"https:\\\/\\\/chilifitnessbudapest.hu\\\/wp-content\\\/uploads\\\/2023\\\/03\\\/chili-1000.png\",\"width\":1000,\"height\":1000,\"caption\":\"CHILI FITNESS BUDAPEST\"},\"image\":{\"@id\":\"https:\\\/\\\/chilifitnessbudapest.hu\\\/#\\\/schema\\\/logo\\\/image\\\/\"}}]}<\/script>\n<!-- \/ Yoast SEO plugin. -->","yoast_head_json":{"title":"Fitnessstudio Budapest Bik\u00e1s park Hausordnung | Fitnessstudio Regeln und Anleitung - Chili Fitness - Fitnessstudios Budapest","description":"\u00dcberpr\u00fcfen Sie die Hausordnung unseres Fitnessstudios in der N\u00e4he des Bik\u00e1s Parks in Budapest. Die Regeln des Fitnessstudios schaffen eine sichere und komfortable Trainingsumgebung f\u00fcr alle G\u00e4ste. Lernen Sie die wichtigsten Informationen vor dem Start kennen.","robots":{"index":"index","follow":"follow","max-snippet":"max-snippet:-1","max-image-preview":"max-image-preview:large","max-video-preview":"max-video-preview:-1"},"canonical":"https:\/\/chilifitnessbudapest.hu\/de\/bikas-park-hausordnung\/","og_locale":"de_DE","og_type":"article","og_title":"Edz\u0151terem Budapest Bik\u00e1s park h\u00e1zirend | Konditerem szab\u00e1lyzat \u00e9s \u00fatmutat\u00f3 - Chili Fitness - Edz\u0151termek Budapest","og_description":"Tekintsd \u00e1t a Bik\u00e1s park k\u00f6zel\u00e9ben tal\u00e1lhat\u00f3 budapesti edz\u0151term\u00fcnk h\u00e1zirendj\u00e9t. A konditerem szab\u00e1lyai biztons\u00e1gos \u00e9s k\u00e9nyelmes edz\u00e9sk\u00f6rnyezetet teremtenek minden vend\u00e9g sz\u00e1m\u00e1ra. Ismerd meg a legfontosabb tudnival\u00f3kat indul\u00e1s el\u0151tt.","og_url":"https:\/\/chilifitnessbudapest.hu\/de\/bikas-park-hausordnung\/","og_site_name":"Chili Fitness - Edz\u0151termek Budapest","article_modified_time":"2025-11-19T09:57:09+00:00","og_image":[{"width":2560,"height":1707,"url":"https:\/\/chilifitnessbudapest.hu\/wp-content\/uploads\/2025\/09\/68_Chili-Fitness-2-Bika\u0301s-park_Nagy_DSC07396-scaled.jpg","type":"image\/jpeg"}],"twitter_card":"summary_large_image","twitter_misc":{"Gesch\u00e4tzte Lesezeit":"5\u00a0Minuten"},"schema":{"@context":"https:\/\/schema.org","@graph":[{"@type":"WebPage","@id":"https:\/\/chilifitnessbudapest.hu\/bikas-park-hazirend\/","url":"https:\/\/chilifitnessbudapest.hu\/bikas-park-hazirend\/","name":"Fitnessstudio Budapest Bik\u00e1s park Hausordnung | Fitnessstudio Regeln und Anleitung - Chili Fitness - Fitnessstudios Budapest","isPartOf":{"@id":"https:\/\/chilifitnessbudapest.hu\/#website"},"primaryImageOfPage":{"@id":"https:\/\/chilifitnessbudapest.hu\/bikas-park-hazirend\/#primaryimage"},"image":{"@id":"https:\/\/chilifitnessbudapest.hu\/bikas-park-hazirend\/#primaryimage"},"thumbnailUrl":"https:\/\/chilifitnessbudapest.hu\/wp-content\/uploads\/2025\/09\/68_Chili-Fitness-2-Bika\u0301s-park_Nagy_DSC07396-scaled.jpg","datePublished":"2022-09-21T16:27:40+00:00","dateModified":"2025-11-19T09:57:09+00:00","description":"\u00dcberpr\u00fcfen Sie die Hausordnung unseres Fitnessstudios in der N\u00e4he des Bik\u00e1s Parks in Budapest. Die Regeln des Fitnessstudios schaffen eine sichere und komfortable Trainingsumgebung f\u00fcr alle G\u00e4ste. Lernen Sie die wichtigsten Informationen vor dem Start kennen.","breadcrumb":{"@id":"https:\/\/chilifitnessbudapest.hu\/bikas-park-hazirend\/#breadcrumb"},"inLanguage":"de","potentialAction":[{"@type":"ReadAction","target":["https:\/\/chilifitnessbudapest.hu\/bikas-park-hazirend\/"]}]},{"@type":"ImageObject","inLanguage":"de","@id":"https:\/\/chilifitnessbudapest.hu\/bikas-park-hazirend\/#primaryimage","url":"https:\/\/chilifitnessbudapest.hu\/wp-content\/uploads\/2025\/09\/68_Chili-Fitness-2-Bika\u0301s-park_Nagy_DSC07396-scaled.jpg","contentUrl":"https:\/\/chilifitnessbudapest.hu\/wp-content\/uploads\/2025\/09\/68_Chili-Fitness-2-Bika\u0301s-park_Nagy_DSC07396-scaled.jpg","width":2560,"height":1707},{"@type":"BreadcrumbList","@id":"https:\/\/chilifitnessbudapest.hu\/bikas-park-hazirend\/#breadcrumb","itemListElement":[{"@type":"ListItem","position":1,"name":"Kezd\u0151lap","item":"https:\/\/chilifitnessbudapest.hu\/"},{"@type":"ListItem","position":2,"name":"Edz\u0151terem Budapest Bik\u00e1s park h\u00e1zirend | Konditerem szab\u00e1lyzat \u00e9s \u00fatmutat\u00f3"}]},{"@type":"WebSite","@id":"https:\/\/chilifitnessbudapest.hu\/#website","url":"https:\/\/chilifitnessbudapest.hu\/","name":"Chili Fitness - Fitnessstudios Budapest","description":"Fitnessstudios an 4 Orten in Budapest","publisher":{"@id":"https:\/\/chilifitnessbudapest.hu\/#organization"},"potentialAction":[{"@type":"SearchAction","target":{"@type":"EntryPoint","urlTemplate":"https:\/\/chilifitnessbudapest.hu\/?s={search_term_string}"},"query-input":{"@type":"PropertyValueSpecification","valueRequired":true,"valueName":"search_term_string"}}],"inLanguage":"de"},{"@type":"Organization","@id":"https:\/\/chilifitnessbudapest.hu\/#organization","name":"CHILI FITNESS BUDAPEST","url":"https:\/\/chilifitnessbudapest.hu\/","logo":{"@type":"ImageObject","inLanguage":"de","@id":"https:\/\/chilifitnessbudapest.hu\/#\/schema\/logo\/image\/","url":"https:\/\/chilifitnessbudapest.hu\/wp-content\/uploads\/2023\/03\/chili-1000.png","contentUrl":"https:\/\/chilifitnessbudapest.hu\/wp-content\/uploads\/2023\/03\/chili-1000.png","width":1000,"height":1000,"caption":"CHILI FITNESS BUDAPEST"},"image":{"@id":"https:\/\/chilifitnessbudapest.hu\/#\/schema\/logo\/image\/"}}]}},"_links":{"self":[{"href":"https:\/\/chilifitnessbudapest.hu\/de\/wp-json\/wp\/v2\/pages\/1259","targetHints":{"allow":["GET"]}}],"collection":[{"href":"https:\/\/chilifitnessbudapest.hu\/de\/wp-json\/wp\/v2\/pages"}],"about":[{"href":"https:\/\/chilifitnessbudapest.hu\/de\/wp-json\/wp\/v2\/types\/page"}],"author":[{"embeddable":true,"href":"https:\/\/chilifitnessbudapest.hu\/de\/wp-json\/wp\/v2\/users\/1"}],"replies":[{"embeddable":true,"href":"https:\/\/chilifitnessbudapest.hu\/de\/wp-json\/wp\/v2\/comments?post=1259"}],"version-history":[{"count":74,"href":"https:\/\/chilifitnessbudapest.hu\/de\/wp-json\/wp\/v2\/pages\/1259\/revisions"}],"predecessor-version":[{"id":7486,"href":"https:\/\/chilifitnessbudapest.hu\/de\/wp-json\/wp\/v2\/pages\/1259\/revisions\/7486"}],"wp:featuredmedia":[{"embeddable":true,"href":"https:\/\/chilifitnessbudapest.hu\/de\/wp-json\/wp\/v2\/media\/6727"}],"wp:attachment":[{"href":"https:\/\/chilifitnessbudapest.hu\/de\/wp-json\/wp\/v2\/media?parent=1259"}],"curies":[{"name":"wp","href":"https:\/\/api.w.org\/{rel}","templated":true}]}}